{"id":910721,"date":"2020-03-13T06:48:51","date_gmt":"2020-03-13T06:48:51","guid":{"rendered":"https:\/\/www.marksandharrison.com\/hopewell-office\/"},"modified":"2026-02-03T08:10:40","modified_gmt":"2026-02-03T08:10:40","slug":"oficina-de-hopewell","status":"publish","type":"page","link":"https:\/\/www.marksandharrison.com\/es\/oficina-de-hopewell\/","title":{"rendered":"Abogado de lesiones personales en Hopewell"},"content":{"rendered":"<p><img loading=\"lazy\" decoding=\"async\" class=\"alignleft wp-image-813230 size-full\" src=\"https:\/\/www.marksandharrison.com\/wp-content\/uploads\/2020\/06\/Hopewell.jpg\" alt=\"\" width=\"422\" height=\"257\" srcset=\"https:\/\/www.marksandharrison.com\/wp-content\/uploads\/2020\/06\/Hopewell.jpg 422w, https:\/\/www.marksandharrison.com\/wp-content\/uploads\/2020\/06\/Hopewell-300x183.jpg 300w\" sizes=\"auto, (max-width: 422px) 100vw, 422px\" \/>Con profundas ra\u00edces en Hopewell, el despacho de abogados de lesiones personales Marks &#038; Harrison se enorgullece de servir a los residentes de la ciudad y a las comunidades circundantes.<\/p>\n<p>De hecho, uno de los socios fundadores del despacho, David A. Harrison, Jr., obtuvo la carta constitutiva de la Ciudad de Hopewell, lo que le vali\u00f3 el apodo de \u201cPadre de Hopewell\u201d. Fue el primer fiscal del Commonwealth de Hopewell, as\u00ed como el alcalde de la ciudad.<\/p>\n<p>Una fotograf\u00eda de otro de nuestros socios fundadores, C. Hardaway Marks, puede encontrarse colgada en el vest\u00edbulo del Tribunal de Circuito de Hopewell. Los puentes sobre el r\u00edo Appomattox fueron nombrados en su honor en 1998.<\/p>\n<p>En 2011, The Hopewell News &#038; Patriot public\u00f3 un excelente art\u00edculo sobre los 100 a\u00f1os de servicio de nuestro despacho en el \u00e1rea de Tri-Cities.<\/p>\n<p>Continuando con la tradici\u00f3n de nuestros socios fundadores de brindar representaci\u00f3n legal altamente profesional, capacitada y combativa a las v\u00edctimas de accidentes y lesiones, nuestro abogado principal en la oficina de Hopewell es Lee J. Bujakowski.<\/p>\n<p>Lee es ampliamente conocido en la comunidad por haber sido el mariscal de campo del equipo de f\u00fatbol americano de Hopewell High School que gan\u00f3 el campeonato estatal en 2003, y posteriormente capit\u00e1n del equipo de b\u00e9isbol de James Madison University. Regres\u00f3 a su ciudad natal para ejercer la abogac\u00eda despu\u00e9s de graduarse de la Facultad de Derecho de la Tulane University.<\/p>\n","protected":false},"excerpt":{"rendered":"<p>Con profundas ra\u00edces en Hopewell, el despacho de abogados de lesiones personales Marks &#038; Harrison se enorgullece de servir a los residentes de la ciudad y a las comunidades circundantes. De hecho, uno de los socios fundadores del despacho, David A. Harrison, Jr., obtuvo la carta constitutiva de la Ciudad&#8230;<\/p>\n","protected":false},"author":3,"featured_media":910723,"parent":0,"menu_order":5,"comment_status":"closed","ping_status":"closed","template":"location.php","meta":{"_acf_changed":false,"footnotes":""},"class_list":["post-910721","page","type-page","status-publish","has-post-thumbnail","hentry"],"acf":[],"yoast_head":"<!-- This site is optimized with the Yoast SEO plugin v27.2 - https:\/\/yoast.com\/product\/yoast-seo-wordpress\/ -->\n<title>Abogado de lesiones personales en Hopewell, VA | Marks &amp; Harrison<\/title>\n<meta name=\"description\" content=\"Si usted result\u00f3 lesionado en un accidente, nuestro equipo puede ayudarle. Llame hoy para una consulta gratuita.\" \/>\n<meta name=\"robots\" content=\"index, follow, max-snippet:-1, max-image-preview:large, max-video-preview:-1\" \/>\n<link rel=\"canonical\" href=\"https:\/\/www.marksandharrison.com\/es\/oficina-de-hopewell\/\" \/>\n<meta property=\"og:locale\" content=\"es_ES\" \/>\n<meta property=\"og:type\" content=\"article\" \/>\n<meta property=\"og:title\" content=\"Abogado de lesiones personales en Hopewell, VA | Marks &amp; Harrison\" \/>\n<meta property=\"og:description\" content=\"Si usted result\u00f3 lesionado en un accidente, nuestro equipo puede ayudarle. Llame hoy para una consulta gratuita.\" \/>\n<meta property=\"og:url\" content=\"https:\/\/www.marksandharrison.com\/es\/oficina-de-hopewell\/\" \/>\n<meta property=\"og:site_name\" content=\"Marks &amp; Harrison\" \/>\n<meta property=\"article:publisher\" content=\"https:\/\/www.facebook.com\/marksandharrison\/\" \/>\n<meta property=\"article:modified_time\" content=\"2026-02-03T08:10:40+00:00\" \/>\n<meta property=\"og:image\" content=\"https:\/\/www.marksandharrison.com\/wp-content\/uploads\/2020\/05\/hopewell.jpg\" \/>\n\t<meta property=\"og:image:width\" content=\"285\" \/>\n\t<meta property=\"og:image:height\" content=\"130\" \/>\n\t<meta property=\"og:image:type\" content=\"image\/jpeg\" \/>\n<meta name=\"twitter:card\" content=\"summary_large_image\" \/>\n<meta name=\"twitter:site\" content=\"@MandHLaw\" \/>\n<meta name=\"twitter:label1\" content=\"Tiempo de lectura\" \/>\n\t<meta name=\"twitter:data1\" content=\"2 minutos\" \/>\n<!-- \/ Yoast SEO plugin. -->","yoast_head_json":{"title":"Abogado de lesiones personales en Hopewell, VA | Marks & Harrison","description":"Si usted result\u00f3 lesionado en un accidente, nuestro equipo puede ayudarle. Llame hoy para una consulta gratuita.","robots":{"index":"index","follow":"follow","max-snippet":"max-snippet:-1","max-image-preview":"max-image-preview:large","max-video-preview":"max-video-preview:-1"},"canonical":"https:\/\/www.marksandharrison.com\/es\/oficina-de-hopewell\/","og_locale":"es_ES","og_type":"article","og_title":"Abogado de lesiones personales en Hopewell, VA | Marks & Harrison","og_description":"Si usted result\u00f3 lesionado en un accidente, nuestro equipo puede ayudarle. Llame hoy para una consulta gratuita.","og_url":"https:\/\/www.marksandharrison.com\/es\/oficina-de-hopewell\/","og_site_name":"Marks &amp; Harrison","article_publisher":"https:\/\/www.facebook.com\/marksandharrison\/","article_modified_time":"2026-02-03T08:10:40+00:00","og_image":[{"width":285,"height":130,"url":"https:\/\/www.marksandharrison.com\/wp-content\/uploads\/2020\/05\/hopewell.jpg","type":"image\/jpeg"}],"twitter_card":"summary_large_image","twitter_site":"@MandHLaw","twitter_misc":{"Tiempo de lectura":"2 minutos"},"schema":{"@context":"https:\/\/schema.org","@graph":[{"@type":"WebPage","@id":"https:\/\/www.marksandharrison.com\/es\/oficina-de-hopewell\/","url":"https:\/\/www.marksandharrison.com\/es\/oficina-de-hopewell\/","name":"Abogado de lesiones personales en Hopewell, VA | Marks & Harrison","isPartOf":{"@id":"https:\/\/www.marksandharrison.com\/#website"},"primaryImageOfPage":{"@id":"https:\/\/www.marksandharrison.com\/es\/oficina-de-hopewell\/#primaryimage"},"image":{"@id":"https:\/\/www.marksandharrison.com\/es\/oficina-de-hopewell\/#primaryimage"},"thumbnailUrl":"https:\/\/www.marksandharrison.com\/wp-content\/uploads\/2020\/05\/hopewell.jpg","datePublished":"2020-03-13T06:48:51+00:00","dateModified":"2026-02-03T08:10:40+00:00","description":"Si usted result\u00f3 lesionado en un accidente, nuestro equipo puede ayudarle. Llame hoy para una consulta gratuita.","breadcrumb":{"@id":"https:\/\/www.marksandharrison.com\/es\/oficina-de-hopewell\/#breadcrumb"},"inLanguage":"es","potentialAction":[{"@type":"ReadAction","target":["https:\/\/www.marksandharrison.com\/es\/oficina-de-hopewell\/"]}]},{"@type":"ImageObject","inLanguage":"es","@id":"https:\/\/www.marksandharrison.com\/es\/oficina-de-hopewell\/#primaryimage","url":"https:\/\/www.marksandharrison.com\/wp-content\/uploads\/2020\/05\/hopewell.jpg","contentUrl":"https:\/\/www.marksandharrison.com\/wp-content\/uploads\/2020\/05\/hopewell.jpg","width":285,"height":130,"caption":"Hopewell City"},{"@type":"BreadcrumbList","@id":"https:\/\/www.marksandharrison.com\/es\/oficina-de-hopewell\/#breadcrumb","itemListElement":[{"@type":"ListItem","position":1,"name":"Home","item":"https:\/\/www.marksandharrison.com\/es\/"},{"@type":"ListItem","position":2,"name":"Abogado de lesiones personales en Hopewell"}]},{"@type":"WebSite","@id":"https:\/\/www.marksandharrison.com\/#website","url":"https:\/\/www.marksandharrison.com\/","name":"Marks &amp; Harrison","description":"","publisher":{"@id":"https:\/\/www.marksandharrison.com\/#organization"},"potentialAction":[{"@type":"SearchAction","target":{"@type":"EntryPoint","urlTemplate":"https:\/\/www.marksandharrison.com\/?s={search_term_string}"},"query-input":{"@type":"PropertyValueSpecification","valueRequired":true,"valueName":"search_term_string"}}],"inLanguage":"es"},{"@type":"Organization","@id":"https:\/\/www.marksandharrison.com\/#organization","name":"Marks & Harrison","url":"https:\/\/www.marksandharrison.com\/","logo":{"@type":"ImageObject","inLanguage":"es","@id":"https:\/\/www.marksandharrison.com\/#\/schema\/logo\/image\/","url":"https:\/\/www.marksandharrison.com\/wp-content\/uploads\/2020\/04\/logo.png","contentUrl":"https:\/\/www.marksandharrison.com\/wp-content\/uploads\/2020\/04\/logo.png","width":224,"height":83,"caption":"Marks & Harrison"},"image":{"@id":"https:\/\/www.marksandharrison.com\/#\/schema\/logo\/image\/"},"sameAs":["https:\/\/www.facebook.com\/marksandharrison\/","https:\/\/x.com\/MandHLaw","https:\/\/www.linkedin.com\/company\/marks-&amp;-harrison\/","https:\/\/www.youtube.com\/channel\/UCRi1kc4BH8gI0V9M56V6WJw"]}]}},"_links":{"self":[{"href":"https:\/\/www.marksandharrison.com\/es\/wp-json\/wp\/v2\/pages\/910721","targetHints":{"allow":["GET"]}}],"collection":[{"href":"https:\/\/www.marksandharrison.com\/es\/wp-json\/wp\/v2\/pages"}],"about":[{"href":"https:\/\/www.marksandharrison.com\/es\/wp-json\/wp\/v2\/types\/page"}],"author":[{"embeddable":true,"href":"https:\/\/www.marksandharrison.com\/es\/wp-json\/wp\/v2\/users\/3"}],"replies":[{"embeddable":true,"href":"https:\/\/www.marksandharrison.com\/es\/wp-json\/wp\/v2\/comments?post=910721"}],"version-history":[{"count":5,"href":"https:\/\/www.marksandharrison.com\/es\/wp-json\/wp\/v2\/pages\/910721\/revisions"}],"predecessor-version":[{"id":916564,"href":"https:\/\/www.marksandharrison.com\/es\/wp-json\/wp\/v2\/pages\/910721\/revisions\/916564"}],"wp:featuredmedia":[{"embeddable":true,"href":"https:\/\/www.marksandharrison.com\/es\/wp-json\/wp\/v2\/media\/910723"}],"wp:attachment":[{"href":"https:\/\/www.marksandharrison.com\/es\/wp-json\/wp\/v2\/media?parent=910721"}],"curies":[{"name":"wp","href":"https:\/\/api.w.org\/{rel}","templated":true}]}}