{"id":910683,"date":"2020-03-12T17:13:47","date_gmt":"2020-03-12T17:13:47","guid":{"rendered":"https:\/\/www.marksandharrison.com\/fredericksburg-office\/"},"modified":"2025-12-19T20:07:01","modified_gmt":"2025-12-19T20:07:01","slug":"fredericksburg-office","status":"publish","type":"page","link":"https:\/\/www.marksandharrison.com\/es\/fredericksburg-office\/","title":{"rendered":"oficina en Fredericksburg"},"content":{"rendered":"<p><a href=\"https:\/\/www.marksandharrison.com\/es\/\"><img loading=\"lazy\" decoding=\"async\" class=\"alignleft wp-image-813226 size-full\" src=\"https:\/\/www.marksandharrison.com\/wp-content\/uploads\/2020\/06\/Fredericksburg.jpg\" alt=\"Personal injury law firm in Fredericksburg, Virginia. \" width=\"422\" height=\"257\" srcset=\"https:\/\/www.marksandharrison.com\/wp-content\/uploads\/2020\/06\/Fredericksburg.jpg 422w, https:\/\/www.marksandharrison.com\/wp-content\/uploads\/2020\/06\/Fredericksburg-300x183.jpg 300w\" sizes=\"auto, (max-width: 422px) 100vw, 422px\" \/><\/a>Marks &#038; Harrison ofrece a los clientes de Fredericksburg y sus alrededores todas las fortalezas y recursos que usted deber\u00eda esperar de uno de los bufetes de abogados de lesiones personales m\u00e1s grandes del estado.<\/p>\n<p><strong>Bryan L. Meadows<\/strong> se desempe\u00f1a como nuestro abogado principal de lesiones personales en Fredericksburg. Aborda de manera en\u00e9rgica la b\u00fasqueda de soluciones legales para nuestros clientes, incluso poniendo a trabajar a nuestro equipo de investigadores veteranos tan pronto como aceptamos un caso.<\/p>\n<p><em>Si usted ha sufrido una lesi\u00f3n sin tener culpa alguna o ha resultado herido en el trabajo, puede programar una reuni\u00f3n inmediata con Marks &#038; Harrison en Fredericksburg.<\/em><\/p>\n<p>Nos encontramos en una ubicaci\u00f3n c\u00e9ntrica sobre la Ruta 1, frente al DMV en Fredericksburg, que tambi\u00e9n alberga a la <a href=\"https:\/\/www.umw.edu\/\">Universidad de Mary Washington<\/a> y a muchas zonas que han prosperado en los \u00faltimos a\u00f1os gracias al programa de desarrollo econ\u00f3mico HUBZone.<\/p>\n<p><iframe loading=\"lazy\" title=\"YouTube video player\" src=\"https:\/\/www.youtube.com\/embed\/wa8YPdj6tQQ?rel=0\" width=\"100%\" height=\"435\" frameborder=\"0\" allowfullscreen=\"allowfullscreen\"><span data-mce-type=\"bookmark\" style=\"display: inline-block; width: 0px; overflow: hidden; line-height: 0;\" class=\"mce_SELRES_start\">\ufeff<\/span><span data-mce-type=\"bookmark\" style=\"display: inline-block; width: 0px; overflow: hidden; line-height: 0;\" class=\"mce_SELRES_start\">\ufeff<\/span><\/iframe><\/p>\n<h2>Un siglo de experiencia ayudando a las v\u00edctimas de lesiones personales en Fredericksburg<\/h2>\n<p>Marks &#038; Harrison ha atendido durante m\u00e1s de 100 a\u00f1os a v\u00edctimas de accidentes y lesiones, as\u00ed como a sus familias, en Fredericksburg y en todo Virginia, lo que nos convierte en uno de los bufetes de abogados m\u00e1s antiguos de la Commonwealth. Tambi\u00e9n somos uno de los despachos de lesiones personales m\u00e1s grandes de Virginia, con oficinas en Fredericksburg y en otras doce ciudades, incluida nuestra sede en Richmond. Nuestro equipo legal est\u00e1 integrado por m\u00e1s de 100 abogados, asistentes legales e investigadores.<\/p>\n<p><img loading=\"lazy\" decoding=\"async\" class=\" wp-image-790147 alignleft\" src=\"https:\/\/www.marksandharrison.com\/wp-content\/uploads\/2020\/03\/best-lawyers-logo-150x150.png\" alt=\"\" width=\"179\" height=\"179\" \/> <img loading=\"lazy\" decoding=\"async\" class=\"size-full wp-image-881653 alignleft\" src=\"https:\/\/www.marksandharrison.com\/wp-content\/uploads\/2021\/09\/Best-of-the-Burg0Finalsit-2024.png\" alt=\"\" width=\"190\" height=\"139\" \/>Nuestro bufete ha sido reconocido como un \u201cMejor Bufete de Abogados\u201d por U.S. News \u2013 Best Lawyers\u00ae, una distinci\u00f3n basada en las evaluaciones de nuestros colegas en la profesi\u00f3n legal.<\/p>\n<p>Asimismo, Marks &#038; Harrison ha sido elegido como el Mejor Bufete de Abogados en Fredericksburg por el concurso anual \u201cBest of the Burg\u201d.<\/p>\n<p>Perm\u00edtanos poner nuestras habilidades, experiencia y recursos a trabajar para usted hoy mismo.<\/p>\n<p>&nbsp;<\/p>\n","protected":false},"excerpt":{"rendered":"<p>Marks &#038; Harrison ofrece a los clientes de Fredericksburg y sus alrededores todas las fortalezas y recursos que usted deber\u00eda esperar de uno de los bufetes de abogados de lesiones personales m\u00e1s grandes del estado. Bryan L. Meadows se desempe\u00f1a como nuestro abogado principal de lesiones personales en Fredericksburg. Aborda&#8230;<\/p>\n","protected":false},"author":3,"featured_media":910685,"parent":0,"menu_order":3,"comment_status":"closed","ping_status":"closed","template":"location.php","meta":{"_acf_changed":false,"footnotes":""},"class_list":["post-910683","page","type-page","status-publish","has-post-thumbnail","hentry"],"acf":[],"yoast_head":"<!-- This site is optimized with the Yoast SEO plugin v27.2 - https:\/\/yoast.com\/product\/yoast-seo-wordpress\/ -->\n<title>Abogado de lesiones personales en Fredericksburg, VA | Marks &amp; Harrison<\/title>\n<meta name=\"description\" content=\"Reciba apoyo legal en Fredericksburg tras un accidente o negligencia. Nuestro equipo le ayuda a buscar la compensaci\u00f3n que merece por sus lesiones personales.\" \/>\n<meta name=\"robots\" content=\"index, follow, max-snippet:-1, max-image-preview:large, max-video-preview:-1\" \/>\n<link rel=\"canonical\" href=\"https:\/\/www.marksandharrison.com\/es\/fredericksburg-office\/\" \/>\n<meta property=\"og:locale\" content=\"es_ES\" \/>\n<meta property=\"og:type\" content=\"article\" \/>\n<meta property=\"og:title\" content=\"Abogado de lesiones personales en Fredericksburg, VA | Marks &amp; Harrison\" \/>\n<meta property=\"og:description\" content=\"Reciba apoyo legal en Fredericksburg tras un accidente o negligencia. Nuestro equipo le ayuda a buscar la compensaci\u00f3n que merece por sus lesiones personales.\" \/>\n<meta property=\"og:url\" content=\"https:\/\/www.marksandharrison.com\/es\/fredericksburg-office\/\" \/>\n<meta property=\"og:site_name\" content=\"Marks &amp; Harrison\" \/>\n<meta property=\"article:publisher\" content=\"https:\/\/www.facebook.com\/marksandharrison\/\" \/>\n<meta property=\"article:modified_time\" content=\"2025-12-19T20:07:01+00:00\" \/>\n<meta property=\"og:image\" content=\"https:\/\/www.marksandharrison.com\/wp-content\/uploads\/2020\/05\/fredericksburg.jpg\" \/>\n\t<meta property=\"og:image:width\" content=\"285\" \/>\n\t<meta property=\"og:image:height\" content=\"130\" \/>\n\t<meta property=\"og:image:type\" content=\"image\/jpeg\" \/>\n<meta name=\"twitter:card\" content=\"summary_large_image\" \/>\n<meta name=\"twitter:site\" content=\"@MandHLaw\" \/>\n<meta name=\"twitter:label1\" content=\"Tiempo de lectura\" \/>\n\t<meta name=\"twitter:data1\" content=\"3 minutos\" \/>\n<!-- \/ Yoast SEO plugin. -->","yoast_head_json":{"title":"Abogado de lesiones personales en Fredericksburg, VA | Marks & Harrison","description":"Reciba apoyo legal en Fredericksburg tras un accidente o negligencia. Nuestro equipo le ayuda a buscar la compensaci\u00f3n que merece por sus lesiones personales.","robots":{"index":"index","follow":"follow","max-snippet":"max-snippet:-1","max-image-preview":"max-image-preview:large","max-video-preview":"max-video-preview:-1"},"canonical":"https:\/\/www.marksandharrison.com\/es\/fredericksburg-office\/","og_locale":"es_ES","og_type":"article","og_title":"Abogado de lesiones personales en Fredericksburg, VA | Marks & Harrison","og_description":"Reciba apoyo legal en Fredericksburg tras un accidente o negligencia. Nuestro equipo le ayuda a buscar la compensaci\u00f3n que merece por sus lesiones personales.","og_url":"https:\/\/www.marksandharrison.com\/es\/fredericksburg-office\/","og_site_name":"Marks &amp; Harrison","article_publisher":"https:\/\/www.facebook.com\/marksandharrison\/","article_modified_time":"2025-12-19T20:07:01+00:00","og_image":[{"width":285,"height":130,"url":"https:\/\/www.marksandharrison.com\/wp-content\/uploads\/2020\/05\/fredericksburg.jpg","type":"image\/jpeg"}],"twitter_card":"summary_large_image","twitter_site":"@MandHLaw","twitter_misc":{"Tiempo de lectura":"3 minutos"},"schema":{"@context":"https:\/\/schema.org","@graph":[{"@type":"WebPage","@id":"https:\/\/www.marksandharrison.com\/es\/fredericksburg-office\/","url":"https:\/\/www.marksandharrison.com\/es\/fredericksburg-office\/","name":"Abogado de lesiones personales en Fredericksburg, VA | Marks & Harrison","isPartOf":{"@id":"https:\/\/www.marksandharrison.com\/#website"},"primaryImageOfPage":{"@id":"https:\/\/www.marksandharrison.com\/es\/fredericksburg-office\/#primaryimage"},"image":{"@id":"https:\/\/www.marksandharrison.com\/es\/fredericksburg-office\/#primaryimage"},"thumbnailUrl":"https:\/\/www.marksandharrison.com\/wp-content\/uploads\/2020\/05\/fredericksburg.jpg","datePublished":"2020-03-12T17:13:47+00:00","dateModified":"2025-12-19T20:07:01+00:00","description":"Reciba apoyo legal en Fredericksburg tras un accidente o negligencia. Nuestro equipo le ayuda a buscar la compensaci\u00f3n que merece por sus lesiones personales.","breadcrumb":{"@id":"https:\/\/www.marksandharrison.com\/es\/fredericksburg-office\/#breadcrumb"},"inLanguage":"es","potentialAction":[{"@type":"ReadAction","target":["https:\/\/www.marksandharrison.com\/es\/fredericksburg-office\/"]}]},{"@type":"ImageObject","inLanguage":"es","@id":"https:\/\/www.marksandharrison.com\/es\/fredericksburg-office\/#primaryimage","url":"https:\/\/www.marksandharrison.com\/wp-content\/uploads\/2020\/05\/fredericksburg.jpg","contentUrl":"https:\/\/www.marksandharrison.com\/wp-content\/uploads\/2020\/05\/fredericksburg.jpg","width":285,"height":130,"caption":"A bridge in Fredericksburg, Virginia."},{"@type":"BreadcrumbList","@id":"https:\/\/www.marksandharrison.com\/es\/fredericksburg-office\/#breadcrumb","itemListElement":[{"@type":"ListItem","position":1,"name":"Home","item":"https:\/\/www.marksandharrison.com\/es\/"},{"@type":"ListItem","position":2,"name":"oficina en Fredericksburg"}]},{"@type":"WebSite","@id":"https:\/\/www.marksandharrison.com\/#website","url":"https:\/\/www.marksandharrison.com\/","name":"Marks &amp; Harrison","description":"","publisher":{"@id":"https:\/\/www.marksandharrison.com\/#organization"},"potentialAction":[{"@type":"SearchAction","target":{"@type":"EntryPoint","urlTemplate":"https:\/\/www.marksandharrison.com\/?s={search_term_string}"},"query-input":{"@type":"PropertyValueSpecification","valueRequired":true,"valueName":"search_term_string"}}],"inLanguage":"es"},{"@type":"Organization","@id":"https:\/\/www.marksandharrison.com\/#organization","name":"Marks & Harrison","url":"https:\/\/www.marksandharrison.com\/","logo":{"@type":"ImageObject","inLanguage":"es","@id":"https:\/\/www.marksandharrison.com\/#\/schema\/logo\/image\/","url":"https:\/\/www.marksandharrison.com\/wp-content\/uploads\/2020\/04\/logo.png","contentUrl":"https:\/\/www.marksandharrison.com\/wp-content\/uploads\/2020\/04\/logo.png","width":224,"height":83,"caption":"Marks & Harrison"},"image":{"@id":"https:\/\/www.marksandharrison.com\/#\/schema\/logo\/image\/"},"sameAs":["https:\/\/www.facebook.com\/marksandharrison\/","https:\/\/x.com\/MandHLaw","https:\/\/www.linkedin.com\/company\/marks-&amp;-harrison\/","https:\/\/www.youtube.com\/channel\/UCRi1kc4BH8gI0V9M56V6WJw"]}]}},"_links":{"self":[{"href":"https:\/\/www.marksandharrison.com\/es\/wp-json\/wp\/v2\/pages\/910683","targetHints":{"allow":["GET"]}}],"collection":[{"href":"https:\/\/www.marksandharrison.com\/es\/wp-json\/wp\/v2\/pages"}],"about":[{"href":"https:\/\/www.marksandharrison.com\/es\/wp-json\/wp\/v2\/types\/page"}],"author":[{"embeddable":true,"href":"https:\/\/www.marksandharrison.com\/es\/wp-json\/wp\/v2\/users\/3"}],"replies":[{"embeddable":true,"href":"https:\/\/www.marksandharrison.com\/es\/wp-json\/wp\/v2\/comments?post=910683"}],"version-history":[{"count":6,"href":"https:\/\/www.marksandharrison.com\/es\/wp-json\/wp\/v2\/pages\/910683\/revisions"}],"predecessor-version":[{"id":914965,"href":"https:\/\/www.marksandharrison.com\/es\/wp-json\/wp\/v2\/pages\/910683\/revisions\/914965"}],"wp:featuredmedia":[{"embeddable":true,"href":"https:\/\/www.marksandharrison.com\/es\/wp-json\/wp\/v2\/media\/910685"}],"wp:attachment":[{"href":"https:\/\/www.marksandharrison.com\/es\/wp-json\/wp\/v2\/media?parent=910683"}],"curies":[{"name":"wp","href":"https:\/\/api.w.org\/{rel}","templated":true}]}}