{"id":910667,"date":"2020-03-12T12:49:54","date_gmt":"2020-03-12T12:49:54","guid":{"rendered":"https:\/\/www.marksandharrison.com\/chesterfield-office\/"},"modified":"2026-02-03T07:29:42","modified_gmt":"2026-02-03T07:29:42","slug":"oficina-de-chesterfield","status":"publish","type":"page","link":"https:\/\/www.marksandharrison.com\/es\/oficina-de-chesterfield\/","title":{"rendered":"Abogado de lesiones personales en Chesterfield"},"content":{"rendered":"<p><img loading=\"lazy\" decoding=\"async\" class=\"alignleft wp-image-813223 size-full\" src=\"https:\/\/www.marksandharrison.com\/wp-content\/uploads\/2020\/06\/Chesterfield.jpg\" alt=\"Chesterfield personal injury law firm. \" width=\"422\" height=\"257\" srcset=\"https:\/\/www.marksandharrison.com\/wp-content\/uploads\/2020\/06\/Chesterfield.jpg 422w, https:\/\/www.marksandharrison.com\/wp-content\/uploads\/2020\/06\/Chesterfield-300x183.jpg 300w\" sizes=\"auto, (max-width: 422px) 100vw, 422px\" \/>Marks &#038; Harrison ha prestado servicios a los residentes de Chesterfield, Virginia, desde que fundamos nuestra firma de abogados especializada en lesiones personales hace m\u00e1s de 100 a\u00f1os. En 2017, abrimos una nueva oficina en Chesterfield, ubicada en 15001 Dogwood Villas Drive, cerca de Oasis Sports Park y Woodlake Commons Shopping Center.<\/p>\n<p>A lo largo de la historia de nuestro despacho, hemos perseguido de manera firme y decidida la obtenci\u00f3n de compensaciones y beneficios para nuestros clientes. Al mismo tiempo, siempre hemos prestado especial atenci\u00f3n a sus necesidades personales y a sus objetivos.<\/p>\n<p>Nuestro trabajo ha recibido un amplio reconocimiento. De hecho, durante siete a\u00f1os consecutivos, U.S. News \u2013 Best Lawyers ha incluido a Marks &#038; Harrison como una \u201cMejor Firma de Abogados\u201d de Nivel 1 en el \u00e1rea metropolitana de Richmond en la categor\u00eda de Litigios por Lesiones Personales (Demandantes), un honor que se basa solo en evaluaciones de colegas.<\/p>\n<p>Ryan T. Walker, originario de Chesterfield, se desempe\u00f1a como abogado principal en nuestra oficina de Chesterfield. Ryan se gradu\u00f3 con honores del Virginia Military Institute y obtuvo su t\u00edtulo de abogado en la Florida State University College of Law. A lo largo de su carrera, ha ejercido exclusivamente en el \u00e1mbito del litigio civil, incluyendo su trabajo previo en GEICO en el \u00e1rea de defensa de casos de lesiones personales antes de unirse a nuestra firma.<\/p>\n<p>Super Lawyers ha seleccionado a Ryan para su lista de Rising Stars, un reconocimiento que comparte menos del 2.5% de los abogados en Virginia. Super Lawyers selecciona a los abogados mediante un proceso que incluye nominaciones y evaluaciones de colegas.<\/p>\n<h2>Nuestros abogados de lesiones personales con experiencia en Chesterfield<\/h2>\n<p>Ryan T. Walker, originario de Chesterfield, se desempe\u00f1a como abogado principal en nuestra oficina de Chesterfield, Virginia, junto con Westwood Smithers, III. Ryan se gradu\u00f3 con honores del Virginia Military Institute y obtuvo su t\u00edtulo de abogado en la Florida State University College of Law. Ha ejercido exclusivamente en el \u00e1mbito del litigio civil durante toda su carrera, incluyendo su trabajo previo en GEICO en el \u00e1rea de defensa de casos de lesiones personales antes de unirse a nuestra firma. Super Lawyers ha seleccionado a Ryan para su lista de Rising Stars, un honor que comparte menos del 2.5% de los abogados en Virginia. Super Lawyers selecciona a los abogados mediante un proceso que incluye nominaciones y evaluaciones de colegas.<\/p>\n<p>Cuando usted est\u00e9 listo para emprender acciones legales en su caso, lo invitamos a conocernos mejor programando una consulta gratuita y confidencial. Usted no pagar\u00e1 honorarios legales a menos que obtengamos un veredicto, un acuerdo o beneficios a su favor. \u00a1Comun\u00edquese hoy mismo con nuestro abogado de lesiones personales en Chesterfield!<\/p>\n","protected":false},"excerpt":{"rendered":"<p>Marks &#038; Harrison ha prestado servicios a los residentes de Chesterfield, Virginia, desde que fundamos nuestra firma de abogados especializada en lesiones personales hace m\u00e1s de 100 a\u00f1os. En 2017, abrimos una nueva oficina en Chesterfield, ubicada en 15001 Dogwood Villas Drive, cerca de Oasis Sports Park y Woodlake Commons&#8230;<\/p>\n","protected":false},"author":3,"featured_media":910669,"parent":0,"menu_order":2,"comment_status":"closed","ping_status":"closed","template":"location.php","meta":{"_acf_changed":false,"footnotes":""},"class_list":["post-910667","page","type-page","status-publish","has-post-thumbnail","hentry"],"acf":[],"yoast_head":"<!-- This site is optimized with the Yoast SEO plugin v27.2 - https:\/\/yoast.com\/product\/yoast-seo-wordpress\/ -->\n<title>Abogado de lesiones personales en Chesterfield | Marks &amp; Harrison<\/title>\n<meta name=\"description\" content=\"El equipo de abogados de lesiones personales de Marks &amp; Harrison en Chesterfield puede ayudarlo a obtener justicia por su dolor y sufrimiento.\" \/>\n<meta name=\"robots\" content=\"index, follow, max-snippet:-1, max-image-preview:large, max-video-preview:-1\" \/>\n<link rel=\"canonical\" href=\"https:\/\/www.marksandharrison.com\/es\/oficina-de-chesterfield\/\" \/>\n<meta property=\"og:locale\" content=\"es_ES\" \/>\n<meta property=\"og:type\" content=\"article\" \/>\n<meta property=\"og:title\" content=\"Abogado de lesiones personales en Chesterfield | Marks &amp; Harrison\" \/>\n<meta property=\"og:description\" content=\"El equipo de abogados de lesiones personales de Marks &amp; Harrison en Chesterfield puede ayudarlo a obtener justicia por su dolor y sufrimiento.\" \/>\n<meta property=\"og:url\" content=\"https:\/\/www.marksandharrison.com\/es\/oficina-de-chesterfield\/\" \/>\n<meta property=\"og:site_name\" content=\"Marks &amp; Harrison\" \/>\n<meta property=\"article:publisher\" content=\"https:\/\/www.facebook.com\/marksandharrison\/\" \/>\n<meta property=\"article:modified_time\" content=\"2026-02-03T07:29:42+00:00\" \/>\n<meta property=\"og:image\" content=\"https:\/\/www.marksandharrison.com\/wp-content\/uploads\/2020\/05\/chesterfield.jpg\" \/>\n\t<meta property=\"og:image:width\" content=\"285\" \/>\n\t<meta property=\"og:image:height\" content=\"130\" \/>\n\t<meta property=\"og:image:type\" content=\"image\/jpeg\" \/>\n<meta name=\"twitter:card\" content=\"summary_large_image\" \/>\n<meta name=\"twitter:site\" content=\"@MandHLaw\" \/>\n<meta name=\"twitter:label1\" content=\"Tiempo de lectura\" \/>\n\t<meta name=\"twitter:data1\" content=\"3 minutos\" \/>\n<!-- \/ Yoast SEO plugin. -->","yoast_head_json":{"title":"Abogado de lesiones personales en Chesterfield | Marks & Harrison","description":"El equipo de abogados de lesiones personales de Marks & Harrison en Chesterfield puede ayudarlo a obtener justicia por su dolor y sufrimiento.","robots":{"index":"index","follow":"follow","max-snippet":"max-snippet:-1","max-image-preview":"max-image-preview:large","max-video-preview":"max-video-preview:-1"},"canonical":"https:\/\/www.marksandharrison.com\/es\/oficina-de-chesterfield\/","og_locale":"es_ES","og_type":"article","og_title":"Abogado de lesiones personales en Chesterfield | Marks & Harrison","og_description":"El equipo de abogados de lesiones personales de Marks & Harrison en Chesterfield puede ayudarlo a obtener justicia por su dolor y sufrimiento.","og_url":"https:\/\/www.marksandharrison.com\/es\/oficina-de-chesterfield\/","og_site_name":"Marks &amp; Harrison","article_publisher":"https:\/\/www.facebook.com\/marksandharrison\/","article_modified_time":"2026-02-03T07:29:42+00:00","og_image":[{"width":285,"height":130,"url":"https:\/\/www.marksandharrison.com\/wp-content\/uploads\/2020\/05\/chesterfield.jpg","type":"image\/jpeg"}],"twitter_card":"summary_large_image","twitter_site":"@MandHLaw","twitter_misc":{"Tiempo de lectura":"3 minutos"},"schema":{"@context":"https:\/\/schema.org","@graph":[{"@type":"WebPage","@id":"https:\/\/www.marksandharrison.com\/es\/oficina-de-chesterfield\/","url":"https:\/\/www.marksandharrison.com\/es\/oficina-de-chesterfield\/","name":"Abogado de lesiones personales en Chesterfield | Marks & Harrison","isPartOf":{"@id":"https:\/\/www.marksandharrison.com\/#website"},"primaryImageOfPage":{"@id":"https:\/\/www.marksandharrison.com\/es\/oficina-de-chesterfield\/#primaryimage"},"image":{"@id":"https:\/\/www.marksandharrison.com\/es\/oficina-de-chesterfield\/#primaryimage"},"thumbnailUrl":"https:\/\/www.marksandharrison.com\/wp-content\/uploads\/2020\/05\/chesterfield.jpg","datePublished":"2020-03-12T12:49:54+00:00","dateModified":"2026-02-03T07:29:42+00:00","description":"El equipo de abogados de lesiones personales de Marks & Harrison en Chesterfield puede ayudarlo a obtener justicia por su dolor y sufrimiento.","breadcrumb":{"@id":"https:\/\/www.marksandharrison.com\/es\/oficina-de-chesterfield\/#breadcrumb"},"inLanguage":"es","potentialAction":[{"@type":"ReadAction","target":["https:\/\/www.marksandharrison.com\/es\/oficina-de-chesterfield\/"]}]},{"@type":"ImageObject","inLanguage":"es","@id":"https:\/\/www.marksandharrison.com\/es\/oficina-de-chesterfield\/#primaryimage","url":"https:\/\/www.marksandharrison.com\/wp-content\/uploads\/2020\/05\/chesterfield.jpg","contentUrl":"https:\/\/www.marksandharrison.com\/wp-content\/uploads\/2020\/05\/chesterfield.jpg","width":285,"height":130,"caption":"Personal injury law office in Chesterfield, Virginia."},{"@type":"BreadcrumbList","@id":"https:\/\/www.marksandharrison.com\/es\/oficina-de-chesterfield\/#breadcrumb","itemListElement":[{"@type":"ListItem","position":1,"name":"Home","item":"https:\/\/www.marksandharrison.com\/es\/"},{"@type":"ListItem","position":2,"name":"Abogado de lesiones personales en Chesterfield"}]},{"@type":"WebSite","@id":"https:\/\/www.marksandharrison.com\/#website","url":"https:\/\/www.marksandharrison.com\/","name":"Marks &amp; Harrison","description":"","publisher":{"@id":"https:\/\/www.marksandharrison.com\/#organization"},"potentialAction":[{"@type":"SearchAction","target":{"@type":"EntryPoint","urlTemplate":"https:\/\/www.marksandharrison.com\/?s={search_term_string}"},"query-input":{"@type":"PropertyValueSpecification","valueRequired":true,"valueName":"search_term_string"}}],"inLanguage":"es"},{"@type":"Organization","@id":"https:\/\/www.marksandharrison.com\/#organization","name":"Marks & Harrison","url":"https:\/\/www.marksandharrison.com\/","logo":{"@type":"ImageObject","inLanguage":"es","@id":"https:\/\/www.marksandharrison.com\/#\/schema\/logo\/image\/","url":"https:\/\/www.marksandharrison.com\/wp-content\/uploads\/2020\/04\/logo.png","contentUrl":"https:\/\/www.marksandharrison.com\/wp-content\/uploads\/2020\/04\/logo.png","width":224,"height":83,"caption":"Marks & Harrison"},"image":{"@id":"https:\/\/www.marksandharrison.com\/#\/schema\/logo\/image\/"},"sameAs":["https:\/\/www.facebook.com\/marksandharrison\/","https:\/\/x.com\/MandHLaw","https:\/\/www.linkedin.com\/company\/marks-&amp;-harrison\/","https:\/\/www.youtube.com\/channel\/UCRi1kc4BH8gI0V9M56V6WJw"]}]}},"_links":{"self":[{"href":"https:\/\/www.marksandharrison.com\/es\/wp-json\/wp\/v2\/pages\/910667","targetHints":{"allow":["GET"]}}],"collection":[{"href":"https:\/\/www.marksandharrison.com\/es\/wp-json\/wp\/v2\/pages"}],"about":[{"href":"https:\/\/www.marksandharrison.com\/es\/wp-json\/wp\/v2\/types\/page"}],"author":[{"embeddable":true,"href":"https:\/\/www.marksandharrison.com\/es\/wp-json\/wp\/v2\/users\/3"}],"replies":[{"embeddable":true,"href":"https:\/\/www.marksandharrison.com\/es\/wp-json\/wp\/v2\/comments?post=910667"}],"version-history":[{"count":5,"href":"https:\/\/www.marksandharrison.com\/es\/wp-json\/wp\/v2\/pages\/910667\/revisions"}],"predecessor-version":[{"id":916523,"href":"https:\/\/www.marksandharrison.com\/es\/wp-json\/wp\/v2\/pages\/910667\/revisions\/916523"}],"wp:featuredmedia":[{"embeddable":true,"href":"https:\/\/www.marksandharrison.com\/es\/wp-json\/wp\/v2\/media\/910669"}],"wp:attachment":[{"href":"https:\/\/www.marksandharrison.com\/es\/wp-json\/wp\/v2\/media?parent=910667"}],"curies":[{"name":"wp","href":"https:\/\/api.w.org\/{rel}","templated":true}]}}