{"id":910650,"date":"2020-03-11T17:35:35","date_gmt":"2020-03-11T17:35:35","guid":{"rendered":"https:\/\/www.marksandharrison.com\/charlottesville-office\/"},"modified":"2026-02-03T08:33:32","modified_gmt":"2026-02-03T08:33:32","slug":"oficina-de-charlottesville","status":"publish","type":"page","link":"https:\/\/www.marksandharrison.com\/es\/oficina-de-charlottesville\/","title":{"rendered":"Abogado de lesiones personales en Charlottesville"},"content":{"rendered":"<h2>Nuestra firma de abogados de lesiones personales en Charlottesville<\/h2>\n<p><img loading=\"lazy\" decoding=\"async\" class=\"alignleft wp-image-813221 size-full\" src=\"https:\/\/www.marksandharrison.com\/wp-content\/uploads\/2020\/06\/Charlottesville.jpg\" alt=\"The law offices of Marks &amp; Harrison in Charlottesville, Virginia.\" width=\"422\" height=\"257\" srcset=\"https:\/\/www.marksandharrison.com\/wp-content\/uploads\/2020\/06\/Charlottesville.jpg 422w, https:\/\/www.marksandharrison.com\/wp-content\/uploads\/2020\/06\/Charlottesville-300x183.jpg 300w\" sizes=\"auto, (max-width: 422px) 100vw, 422px\" \/>Los abogados de lesiones personales de Marks &#038; Harrison en Charlottesville se sienten orgullosos de sus s\u00f3lidos v\u00ednculos con la comunidad de Charlottesville y de la representaci\u00f3n firme y apasionada que brindan a las personas lesionadas y discapacitadas en todo el condado de Albemarle y las \u00e1reas circundantes.<\/p>\n<p>El abogado principal de nuestra oficina en Charlottesville, William R. \u201cRob\u201d Sievers, obtuvo su licenciatura en Elon University antes de graduarse de The Appalachian School of Law. Contamos con algunos de los mejores abogados de lesiones personales en Charlottesville.<\/p>\n<p>En abril de 2015, Marks &#038; Harrison se traslad\u00f3 con orgullo a su nueva sede en Charlottesville: un edificio de 7,680 pies cuadrados ubicado en 440 Premier Circle, justo al norte de Hydraulic Road sobre la Ruta 29.<\/p>\n<p>El traslado desde nuestra ubicaci\u00f3n original en Peter Jefferson Place a este nuevo edificio nos permiti\u00f3 ampliar los servicios que ofrecemos a clientes en Charlottesville, Albemarle y comunidades cercanas.<\/p>\n<p><iframe loading=\"lazy\" title=\"Virginia Personal Injury Attorneys\" width=\"500\" height=\"281\" src=\"https:\/\/www.youtube.com\/embed\/XSbhDKhqa4o?feature=oembed\" frameborder=\"0\" allow=\"accelerometer; autoplay; clipboard-write; encrypted-media; gyroscope; picture-in-picture; web-share\" referrerpolicy=\"strict-origin-when-cross-origin\" allowfullscreen><\/iframe><\/p>\n","protected":false},"excerpt":{"rendered":"<p>Nuestra firma de abogados de lesiones personales en Charlottesville Los abogados de lesiones personales de Marks &#038; Harrison en Charlottesville se sienten orgullosos de sus s\u00f3lidos v\u00ednculos con la comunidad de Charlottesville y de la representaci\u00f3n firme y apasionada que brindan a las personas lesionadas y discapacitadas en todo el&#8230;<\/p>\n","protected":false},"author":3,"featured_media":910653,"parent":0,"menu_order":1,"comment_status":"closed","ping_status":"closed","template":"location.php","meta":{"_acf_changed":false,"footnotes":""},"class_list":["post-910650","page","type-page","status-publish","has-post-thumbnail","hentry"],"acf":[],"yoast_head":"<!-- This site is optimized with the Yoast SEO plugin v27.2 - https:\/\/yoast.com\/product\/yoast-seo-wordpress\/ -->\n<title>Abogado de lesiones personales en Charlottesville | Marks &amp; Harrison<\/title>\n<meta name=\"description\" content=\"\u00bfSufri\u00f3 una lesi\u00f3n y necesita un bufete de abogados de lesiones personales en Charlottesville? Haga clic aqu\u00ed para hablar gratis con un abogado de lesiones personales.\" \/>\n<meta name=\"robots\" content=\"index, follow, max-snippet:-1, max-image-preview:large, max-video-preview:-1\" \/>\n<link rel=\"canonical\" href=\"https:\/\/www.marksandharrison.com\/es\/oficina-de-charlottesville\/\" \/>\n<meta property=\"og:locale\" content=\"es_ES\" \/>\n<meta property=\"og:type\" content=\"article\" \/>\n<meta property=\"og:title\" content=\"Abogado de lesiones personales en Charlottesville | Marks &amp; Harrison\" \/>\n<meta property=\"og:description\" content=\"\u00bfSufri\u00f3 una lesi\u00f3n y necesita un bufete de abogados de lesiones personales en Charlottesville? Haga clic aqu\u00ed para hablar gratis con un abogado de lesiones personales.\" \/>\n<meta property=\"og:url\" content=\"https:\/\/www.marksandharrison.com\/es\/oficina-de-charlottesville\/\" \/>\n<meta property=\"og:site_name\" content=\"Marks &amp; Harrison\" \/>\n<meta property=\"article:publisher\" content=\"https:\/\/www.facebook.com\/marksandharrison\/\" \/>\n<meta property=\"article:modified_time\" content=\"2026-02-03T08:33:32+00:00\" \/>\n<meta property=\"og:image\" content=\"https:\/\/www.marksandharrison.com\/wp-content\/uploads\/2020\/05\/charlottesville.jpg\" \/>\n\t<meta property=\"og:image:width\" content=\"285\" \/>\n\t<meta property=\"og:image:height\" content=\"130\" \/>\n\t<meta property=\"og:image:type\" content=\"image\/jpeg\" \/>\n<meta name=\"twitter:card\" content=\"summary_large_image\" \/>\n<meta name=\"twitter:site\" content=\"@MandHLaw\" \/>\n<meta name=\"twitter:label1\" content=\"Tiempo de lectura\" \/>\n\t<meta name=\"twitter:data1\" content=\"2 minutos\" \/>\n<!-- \/ Yoast SEO plugin. -->","yoast_head_json":{"title":"Abogado de lesiones personales en Charlottesville | Marks & Harrison","description":"\u00bfSufri\u00f3 una lesi\u00f3n y necesita un bufete de abogados de lesiones personales en Charlottesville? Haga clic aqu\u00ed para hablar gratis con un abogado de lesiones personales.","robots":{"index":"index","follow":"follow","max-snippet":"max-snippet:-1","max-image-preview":"max-image-preview:large","max-video-preview":"max-video-preview:-1"},"canonical":"https:\/\/www.marksandharrison.com\/es\/oficina-de-charlottesville\/","og_locale":"es_ES","og_type":"article","og_title":"Abogado de lesiones personales en Charlottesville | Marks & Harrison","og_description":"\u00bfSufri\u00f3 una lesi\u00f3n y necesita un bufete de abogados de lesiones personales en Charlottesville? Haga clic aqu\u00ed para hablar gratis con un abogado de lesiones personales.","og_url":"https:\/\/www.marksandharrison.com\/es\/oficina-de-charlottesville\/","og_site_name":"Marks &amp; Harrison","article_publisher":"https:\/\/www.facebook.com\/marksandharrison\/","article_modified_time":"2026-02-03T08:33:32+00:00","og_image":[{"width":285,"height":130,"url":"https:\/\/www.marksandharrison.com\/wp-content\/uploads\/2020\/05\/charlottesville.jpg","type":"image\/jpeg"}],"twitter_card":"summary_large_image","twitter_site":"@MandHLaw","twitter_misc":{"Tiempo de lectura":"2 minutos"},"schema":{"@context":"https:\/\/schema.org","@graph":[{"@type":"WebPage","@id":"https:\/\/www.marksandharrison.com\/es\/oficina-de-charlottesville\/","url":"https:\/\/www.marksandharrison.com\/es\/oficina-de-charlottesville\/","name":"Abogado de lesiones personales en Charlottesville | Marks & Harrison","isPartOf":{"@id":"https:\/\/www.marksandharrison.com\/#website"},"primaryImageOfPage":{"@id":"https:\/\/www.marksandharrison.com\/es\/oficina-de-charlottesville\/#primaryimage"},"image":{"@id":"https:\/\/www.marksandharrison.com\/es\/oficina-de-charlottesville\/#primaryimage"},"thumbnailUrl":"https:\/\/www.marksandharrison.com\/wp-content\/uploads\/2020\/05\/charlottesville.jpg","datePublished":"2020-03-11T17:35:35+00:00","dateModified":"2026-02-03T08:33:32+00:00","description":"\u00bfSufri\u00f3 una lesi\u00f3n y necesita un bufete de abogados de lesiones personales en Charlottesville? Haga clic aqu\u00ed para hablar gratis con un abogado de lesiones personales.","breadcrumb":{"@id":"https:\/\/www.marksandharrison.com\/es\/oficina-de-charlottesville\/#breadcrumb"},"inLanguage":"es","potentialAction":[{"@type":"ReadAction","target":["https:\/\/www.marksandharrison.com\/es\/oficina-de-charlottesville\/"]}]},{"@type":"ImageObject","inLanguage":"es","@id":"https:\/\/www.marksandharrison.com\/es\/oficina-de-charlottesville\/#primaryimage","url":"https:\/\/www.marksandharrison.com\/wp-content\/uploads\/2020\/05\/charlottesville.jpg","contentUrl":"https:\/\/www.marksandharrison.com\/wp-content\/uploads\/2020\/05\/charlottesville.jpg","width":285,"height":130,"caption":"Personal injury law office in Charlottesville, Virginia."},{"@type":"BreadcrumbList","@id":"https:\/\/www.marksandharrison.com\/es\/oficina-de-charlottesville\/#breadcrumb","itemListElement":[{"@type":"ListItem","position":1,"name":"Home","item":"https:\/\/www.marksandharrison.com\/es\/"},{"@type":"ListItem","position":2,"name":"Abogado de lesiones personales en Charlottesville"}]},{"@type":"WebSite","@id":"https:\/\/www.marksandharrison.com\/#website","url":"https:\/\/www.marksandharrison.com\/","name":"Marks &amp; Harrison","description":"","publisher":{"@id":"https:\/\/www.marksandharrison.com\/#organization"},"potentialAction":[{"@type":"SearchAction","target":{"@type":"EntryPoint","urlTemplate":"https:\/\/www.marksandharrison.com\/?s={search_term_string}"},"query-input":{"@type":"PropertyValueSpecification","valueRequired":true,"valueName":"search_term_string"}}],"inLanguage":"es"},{"@type":"Organization","@id":"https:\/\/www.marksandharrison.com\/#organization","name":"Marks & Harrison","url":"https:\/\/www.marksandharrison.com\/","logo":{"@type":"ImageObject","inLanguage":"es","@id":"https:\/\/www.marksandharrison.com\/#\/schema\/logo\/image\/","url":"https:\/\/www.marksandharrison.com\/wp-content\/uploads\/2020\/04\/logo.png","contentUrl":"https:\/\/www.marksandharrison.com\/wp-content\/uploads\/2020\/04\/logo.png","width":224,"height":83,"caption":"Marks & Harrison"},"image":{"@id":"https:\/\/www.marksandharrison.com\/#\/schema\/logo\/image\/"},"sameAs":["https:\/\/www.facebook.com\/marksandharrison\/","https:\/\/x.com\/MandHLaw","https:\/\/www.linkedin.com\/company\/marks-&amp;-harrison\/","https:\/\/www.youtube.com\/channel\/UCRi1kc4BH8gI0V9M56V6WJw"]}]}},"_links":{"self":[{"href":"https:\/\/www.marksandharrison.com\/es\/wp-json\/wp\/v2\/pages\/910650","targetHints":{"allow":["GET"]}}],"collection":[{"href":"https:\/\/www.marksandharrison.com\/es\/wp-json\/wp\/v2\/pages"}],"about":[{"href":"https:\/\/www.marksandharrison.com\/es\/wp-json\/wp\/v2\/types\/page"}],"author":[{"embeddable":true,"href":"https:\/\/www.marksandharrison.com\/es\/wp-json\/wp\/v2\/users\/3"}],"replies":[{"embeddable":true,"href":"https:\/\/www.marksandharrison.com\/es\/wp-json\/wp\/v2\/comments?post=910650"}],"version-history":[{"count":5,"href":"https:\/\/www.marksandharrison.com\/es\/wp-json\/wp\/v2\/pages\/910650\/revisions"}],"predecessor-version":[{"id":916587,"href":"https:\/\/www.marksandharrison.com\/es\/wp-json\/wp\/v2\/pages\/910650\/revisions\/916587"}],"wp:featuredmedia":[{"embeddable":true,"href":"https:\/\/www.marksandharrison.com\/es\/wp-json\/wp\/v2\/media\/910653"}],"wp:attachment":[{"href":"https:\/\/www.marksandharrison.com\/es\/wp-json\/wp\/v2\/media?parent=910650"}],"curies":[{"name":"wp","href":"https:\/\/api.w.org\/{rel}","templated":true}]}}