{"id":910636,"date":"2023-03-06T15:38:32","date_gmt":"2023-03-06T15:38:32","guid":{"rendered":"https:\/\/www.marksandharrison.com\/alexandria\/"},"modified":"2025-12-19T16:49:40","modified_gmt":"2025-12-19T16:49:40","slug":"alexandria","status":"publish","type":"page","link":"https:\/\/www.marksandharrison.com\/es\/alexandria\/","title":{"rendered":"oficina en Alexandria"},"content":{"rendered":"<p><img loading=\"lazy\" decoding=\"async\" class=\"size-medium wp-image-859435 alignleft\" src=\"https:\/\/www.marksandharrison.com\/wp-content\/uploads\/2023\/03\/Alexandria-office-300x200.jpg\" alt=\"Alexandria office exterior\" width=\"300\" height=\"200\" srcset=\"https:\/\/www.marksandharrison.com\/wp-content\/uploads\/2023\/03\/Alexandria-office-300x200.jpg 300w, https:\/\/www.marksandharrison.com\/wp-content\/uploads\/2023\/03\/Alexandria-office-768x512.jpg 768w, https:\/\/www.marksandharrison.com\/wp-content\/uploads\/2023\/03\/Alexandria-office.jpg 1000w\" sizes=\"auto, (max-width: 300px) 100vw, 300px\" \/>Cada a\u00f1o, cientos de miles de personas resultan lesionadas o fallecen debido a accidentes prevenibles, y las cifras contin\u00faan en aumento. Solo en 2020, 200,955 personas murieron en los Estados Unidos debido a lesiones prevenibles. Seg\u00fan el <a href=\"https:\/\/injuryfacts.nsc.org\/all-injuries\/overview\/\" target=\"_blank\" rel=\"noopener\">National Safety Council<\/a> (NSC), esta cifra representa un incremento del 16.1% respecto a las 173,040 muertes prevenibles registradas en 2019, as\u00ed como un aumento del 132% desde 1992.<\/p>\n<p>La ley de lesiones personales existe para garantizar que las v\u00edctimas no queden sin recursos cuando resultan lesionadas sin tener culpa alguna. Sin embargo, el camino hacia la compensaci\u00f3n puede ser complejo, pero un abogado con experiencia en lesiones personales le ayudar\u00e1 a proteger su derecho legal a recibir compensaci\u00f3n cuando la parte responsable intenta negar o minimizar la magnitud total de sus p\u00e9rdidas.<\/p>\n<p>Marks &#038; Harrison ha estado dedicado a ayudar a v\u00edctimas de lesiones a obtener la compensaci\u00f3n justa y completa que merecen desde 1911. Nuestro equipo de compasivos abogados de lesiones personales en Alexandria est\u00e1 listo para poner m\u00e1s de un siglo de experiencia y conocimientos jur\u00eddicos consolidados a trabajar para usted.<\/p>\n<p>Nuestra nueva oficina se encuentra a una cuadra del King Street Transit Center, el cual es atendido por las l\u00edneas Azul y Amarilla del Washington Metro, Virginia Railway Express y Amtrak. Cont\u00e1ctenos hoy para una consulta gratuita con un abogado de lesiones personales en Alexandria con experiencia.<\/p>\n<p><iframe loading=\"lazy\" title=\"YouTube video player\" src=\"https:\/\/www.youtube.com\/embed\/56qtzUk7NIA?rel=0\" width=\"100%\" height=\"415\" frameborder=\"0\" allowfullscreen=\"allowfullscreen\"><\/iframe><\/p>\n<h2>\u00bfQu\u00e9 es una demanda por lesiones personales?<\/h2>\n<p>Cuando escuchan hablar de demandas por lesiones personales, la mayor\u00eda de las personas piensa inmediatamente en accidentes automovil\u00edsticos. Sin duda, este es un tipo com\u00fan de caso manejado por abogados de lesiones personales, pero no es el \u00fanico. Una demanda por lesiones personales puede surgir en cualquier situaci\u00f3n en la que alguien resulte lesionado <a href=\"https:\/\/www.law.cornell.edu\/wex\/negligence\" target=\"_blank\" rel=\"noopener\">sin o con m\u00ednima culpa propia<\/a> y desee buscar <a href=\"https:\/\/www.law.cornell.edu\/wex\/compensatory_damages\" target=\"_blank\" rel=\"noopener\">compensaci\u00f3n legal<\/a> de la parte responsable.<\/p>\n<p>Los abogados de lesiones personales de Alexandria en Marks &#038; Harrison han manejado con \u00e9xito miles de casos de lesiones personales para clientes en todo Virginia y m\u00e1s all\u00e1. Con m\u00e1s de 100 a\u00f1os de experiencia defendiendo los derechos de las v\u00edctimas de lesiones para obtener la compensaci\u00f3n legal que merecen, tambi\u00e9n estamos listos para ayudarle a usted.<\/p>\n<h3>Nuestro equipo legal cuenta con la habilidad y los recursos necesarios para manejar todo tipo de casos de lesiones personales, incluidos aquellos que involucran:<\/h3>\n<ul>\n<li><a href=\"https:\/\/www.marksandharrison.com\/our-locations\/alexandria\/car-accident-lawyer\/\">Accidentes automovil\u00edsticos<\/a><\/li>\n<li><a href=\"https:\/\/www.marksandharrison.com\/our-locations\/alexandria\/car-accident-lawyer\/\">Accidentes de Uber<\/a><\/li>\n<li><a href=\"https:\/\/www.marksandharrison.com\/our-locations\/alexandria\/car-accident-lawyer\/\">Accidentes con conductores sin seguro<\/a><\/li>\n<li><a href=\"https:\/\/www.marksandharrison.com\/our-locations\/alexandria\/truck-accident-lawyer\/\">Accidentes de tractocamiones<\/a><\/li>\n<li><a href=\"https:\/\/www.marksandharrison.com\/our-locations\/alexandria\/motorcycle-accident-lawyer\/\">Accidentes de motocicleta<\/a><\/li>\n<li><a href=\"https:\/\/www.marksandharrison.com\/our-locations\/alexandria\/bicycle-accident-lawyer\/\">Accidentes de bicicleta<\/a><\/li>\n<li><a href=\"https:\/\/www.marksandharrison.com\/our-locations\/alexandria\/pedestrian-accident-lawyer\/\">Lesiones de peatones<\/a><\/li>\n<li>Accidentes de navegaci\u00f3n<\/li>\n<li>Lesiones internas<\/li>\n<li>Huesos rotos y fracturas\/li>\n<li><a href=\"https:\/\/www.marksandharrison.com\/our-locations\/alexandria\/wrongful-death-lawyer\/\">Muerte por negligencia<\/a><\/li>\n<li><a href=\"https:\/\/www.marksandharrison.com\/our-locations\/alexandria\/brain-injury-lawyer\/\">Lesiones cerebrales traum\u00e1ticas<\/a><\/li>\n<li><a href=\"https:\/\/www.marksandharrison.com\/our-locations\/alexandria\/slip-and-fall-lawyer\/\">Responsabilidad de locales<\/a><\/li>\n<li><a href=\"https:\/\/www.marksandharrison.com\/our-locations\/alexandria\/dog-bite-lawyer\/\">Ataques de animales<\/a><\/li>\n<li>Lesiones de espalda y columna<\/li>\n<li><a href=\"https:\/\/www.marksandharrison.com\/our-locations\/alexandria\/car-accident-lawyer\/\">Latigazo cervical<\/a><\/li>\n<li>Medicamentos y productos cosm\u00e9ticos peligroso<\/li>\n<li>Intoxicaci\u00f3n alimentaria<\/li>\n<li>Lesiones catastr\u00f3ficas<\/li>\n<li>Lesiones por quemaduras<\/li>\n<li>Negligencia m\u00e9dica<\/li>\n<li><a href=\"https:\/\/www.marksandharrison.com\/our-locations\/alexandria\/workers-compensation\/\">Compensaci\u00f3n laboral<\/a><\/li>\n<li>Negligencia en hogares de ancianos<\/li>\n<\/ul>\n<p>Si usted result\u00f3 lesionado en un accidente sin o con m\u00ednima culpa propia, no espere para hablar hoy con uno de nuestros dedicados abogados de lesiones personales para una consulta gratuita. Para ver una muestra de los resultados que hemos obtenido en nombre de nuestros clientes, siga este enlace. <a href=\"https:\/\/www.marksandharrison.com\/significant-results\/\">link<\/a>.<\/p>\n<p><iframe loading=\"lazy\" title=\"YouTube video player\" src=\"https:\/\/www.youtube.com\/embed\/6uH6RI7htrs?rel=0\" width=\"100%\" height=\"415\" frameborder=\"0\" allowfullscreen=\"allowfullscreen\"><\/iframe><\/p>\n","protected":false},"excerpt":{"rendered":"<p>Cada a\u00f1o, cientos de miles de personas resultan lesionadas o fallecen debido a accidentes prevenibles, y las cifras contin\u00faan en aumento. Solo en 2020, 200,955 personas murieron en los Estados Unidos debido a lesiones prevenibles. Seg\u00fan el National Safety Council (NSC), esta cifra representa un incremento del 16.1% respecto a&#8230;<\/p>\n","protected":false},"author":53,"featured_media":910638,"parent":0,"menu_order":0,"comment_status":"closed","ping_status":"closed","template":"location.php","meta":{"_acf_changed":false,"footnotes":""},"class_list":["post-910636","page","type-page","status-publish","has-post-thumbnail","hentry"],"acf":[],"yoast_head":"<!-- This site is optimized with the Yoast SEO plugin v27.2 - https:\/\/yoast.com\/product\/yoast-seo-wordpress\/ -->\n<title>Abogado de lesiones personales en Alexandria | Marks &amp; Harrison<\/title>\n<meta name=\"description\" content=\"Visite nuestra oficina en Alexandria para obtener servicios legales excepcionales. Atendemos casos de lesiones personales con experiencia y dedicaci\u00f3n. \u00a1Cont\u00e1ctenos hoy mismo!\" \/>\n<meta name=\"robots\" content=\"index, follow, max-snippet:-1, max-image-preview:large, max-video-preview:-1\" \/>\n<link rel=\"canonical\" href=\"https:\/\/www.marksandharrison.com\/es\/alexandria\/\" \/>\n<meta property=\"og:locale\" content=\"es_ES\" \/>\n<meta property=\"og:type\" content=\"article\" \/>\n<meta property=\"og:title\" content=\"Abogado de lesiones personales en Alexandria | Marks &amp; Harrison\" \/>\n<meta property=\"og:description\" content=\"Visite nuestra oficina en Alexandria para obtener servicios legales excepcionales. Atendemos casos de lesiones personales con experiencia y dedicaci\u00f3n. \u00a1Cont\u00e1ctenos hoy mismo!\" \/>\n<meta property=\"og:url\" content=\"https:\/\/www.marksandharrison.com\/es\/alexandria\/\" \/>\n<meta property=\"og:site_name\" content=\"Marks &amp; Harrison\" \/>\n<meta property=\"article:publisher\" content=\"https:\/\/www.facebook.com\/marksandharrison\/\" \/>\n<meta property=\"article:modified_time\" content=\"2025-12-19T16:49:40+00:00\" \/>\n<meta property=\"og:image\" content=\"https:\/\/www.marksandharrison.com\/wp-content\/uploads\/2023\/03\/Alexandria-office.jpg\" \/>\n\t<meta property=\"og:image:width\" content=\"1000\" \/>\n\t<meta property=\"og:image:height\" content=\"667\" \/>\n\t<meta property=\"og:image:type\" content=\"image\/jpeg\" \/>\n<meta name=\"twitter:card\" content=\"summary_large_image\" \/>\n<meta name=\"twitter:site\" content=\"@MandHLaw\" \/>\n<meta name=\"twitter:label1\" content=\"Tiempo de lectura\" \/>\n\t<meta name=\"twitter:data1\" content=\"3 minutos\" \/>\n<!-- \/ Yoast SEO plugin. -->","yoast_head_json":{"title":"Abogado de lesiones personales en Alexandria | Marks & Harrison","description":"Visite nuestra oficina en Alexandria para obtener servicios legales excepcionales. Atendemos casos de lesiones personales con experiencia y dedicaci\u00f3n. \u00a1Cont\u00e1ctenos hoy mismo!","robots":{"index":"index","follow":"follow","max-snippet":"max-snippet:-1","max-image-preview":"max-image-preview:large","max-video-preview":"max-video-preview:-1"},"canonical":"https:\/\/www.marksandharrison.com\/es\/alexandria\/","og_locale":"es_ES","og_type":"article","og_title":"Abogado de lesiones personales en Alexandria | Marks & Harrison","og_description":"Visite nuestra oficina en Alexandria para obtener servicios legales excepcionales. Atendemos casos de lesiones personales con experiencia y dedicaci\u00f3n. \u00a1Cont\u00e1ctenos hoy mismo!","og_url":"https:\/\/www.marksandharrison.com\/es\/alexandria\/","og_site_name":"Marks &amp; Harrison","article_publisher":"https:\/\/www.facebook.com\/marksandharrison\/","article_modified_time":"2025-12-19T16:49:40+00:00","og_image":[{"width":1000,"height":667,"url":"https:\/\/www.marksandharrison.com\/wp-content\/uploads\/2023\/03\/Alexandria-office.jpg","type":"image\/jpeg"}],"twitter_card":"summary_large_image","twitter_site":"@MandHLaw","twitter_misc":{"Tiempo de lectura":"3 minutos"},"schema":{"@context":"https:\/\/schema.org","@graph":[{"@type":"WebPage","@id":"https:\/\/www.marksandharrison.com\/es\/alexandria\/","url":"https:\/\/www.marksandharrison.com\/es\/alexandria\/","name":"Abogado de lesiones personales en Alexandria | Marks & Harrison","isPartOf":{"@id":"https:\/\/www.marksandharrison.com\/#website"},"primaryImageOfPage":{"@id":"https:\/\/www.marksandharrison.com\/es\/alexandria\/#primaryimage"},"image":{"@id":"https:\/\/www.marksandharrison.com\/es\/alexandria\/#primaryimage"},"thumbnailUrl":"https:\/\/www.marksandharrison.com\/wp-content\/uploads\/2023\/03\/Alexandria-office.jpg","datePublished":"2023-03-06T15:38:32+00:00","dateModified":"2025-12-19T16:49:40+00:00","description":"Visite nuestra oficina en Alexandria para obtener servicios legales excepcionales. Atendemos casos de lesiones personales con experiencia y dedicaci\u00f3n. \u00a1Cont\u00e1ctenos hoy mismo!","breadcrumb":{"@id":"https:\/\/www.marksandharrison.com\/es\/alexandria\/#breadcrumb"},"inLanguage":"es","potentialAction":[{"@type":"ReadAction","target":["https:\/\/www.marksandharrison.com\/es\/alexandria\/"]}]},{"@type":"ImageObject","inLanguage":"es","@id":"https:\/\/www.marksandharrison.com\/es\/alexandria\/#primaryimage","url":"https:\/\/www.marksandharrison.com\/wp-content\/uploads\/2023\/03\/Alexandria-office.jpg","contentUrl":"https:\/\/www.marksandharrison.com\/wp-content\/uploads\/2023\/03\/Alexandria-office.jpg","width":1000,"height":667,"caption":"Alexandria office exterior"},{"@type":"BreadcrumbList","@id":"https:\/\/www.marksandharrison.com\/es\/alexandria\/#breadcrumb","itemListElement":[{"@type":"ListItem","position":1,"name":"Home","item":"https:\/\/www.marksandharrison.com\/es\/"},{"@type":"ListItem","position":2,"name":"oficina en Alexandria"}]},{"@type":"WebSite","@id":"https:\/\/www.marksandharrison.com\/#website","url":"https:\/\/www.marksandharrison.com\/","name":"Marks &amp; Harrison","description":"","publisher":{"@id":"https:\/\/www.marksandharrison.com\/#organization"},"potentialAction":[{"@type":"SearchAction","target":{"@type":"EntryPoint","urlTemplate":"https:\/\/www.marksandharrison.com\/?s={search_term_string}"},"query-input":{"@type":"PropertyValueSpecification","valueRequired":true,"valueName":"search_term_string"}}],"inLanguage":"es"},{"@type":"Organization","@id":"https:\/\/www.marksandharrison.com\/#organization","name":"Marks & Harrison","url":"https:\/\/www.marksandharrison.com\/","logo":{"@type":"ImageObject","inLanguage":"es","@id":"https:\/\/www.marksandharrison.com\/#\/schema\/logo\/image\/","url":"https:\/\/www.marksandharrison.com\/wp-content\/uploads\/2020\/04\/logo.png","contentUrl":"https:\/\/www.marksandharrison.com\/wp-content\/uploads\/2020\/04\/logo.png","width":224,"height":83,"caption":"Marks & Harrison"},"image":{"@id":"https:\/\/www.marksandharrison.com\/#\/schema\/logo\/image\/"},"sameAs":["https:\/\/www.facebook.com\/marksandharrison\/","https:\/\/x.com\/MandHLaw","https:\/\/www.linkedin.com\/company\/marks-&amp;-harrison\/","https:\/\/www.youtube.com\/channel\/UCRi1kc4BH8gI0V9M56V6WJw"]}]}},"_links":{"self":[{"href":"https:\/\/www.marksandharrison.com\/es\/wp-json\/wp\/v2\/pages\/910636","targetHints":{"allow":["GET"]}}],"collection":[{"href":"https:\/\/www.marksandharrison.com\/es\/wp-json\/wp\/v2\/pages"}],"about":[{"href":"https:\/\/www.marksandharrison.com\/es\/wp-json\/wp\/v2\/types\/page"}],"author":[{"embeddable":true,"href":"https:\/\/www.marksandharrison.com\/es\/wp-json\/wp\/v2\/users\/53"}],"replies":[{"embeddable":true,"href":"https:\/\/www.marksandharrison.com\/es\/wp-json\/wp\/v2\/comments?post=910636"}],"version-history":[{"count":5,"href":"https:\/\/www.marksandharrison.com\/es\/wp-json\/wp\/v2\/pages\/910636\/revisions"}],"predecessor-version":[{"id":914934,"href":"https:\/\/www.marksandharrison.com\/es\/wp-json\/wp\/v2\/pages\/910636\/revisions\/914934"}],"wp:featuredmedia":[{"embeddable":true,"href":"https:\/\/www.marksandharrison.com\/es\/wp-json\/wp\/v2\/media\/910638"}],"wp:attachment":[{"href":"https:\/\/www.marksandharrison.com\/es\/wp-json\/wp\/v2\/media?parent=910636"}],"curies":[{"name":"wp","href":"https:\/\/api.w.org\/{rel}","templated":true}]}}