{"id":910616,"date":"2025-02-18T13:54:32","date_gmt":"2025-02-18T13:54:32","guid":{"rendered":"https:\/\/www.marksandharrison.com\/roanoke\/"},"modified":"2025-12-19T20:06:05","modified_gmt":"2025-12-19T20:06:05","slug":"roanoke","status":"publish","type":"page","link":"https:\/\/www.marksandharrison.com\/es\/roanoke\/","title":{"rendered":"oficina en Roanoke"},"content":{"rendered":"<p><img loading=\"lazy\" decoding=\"async\" class=\"alignleft size-medium wp-image-893668\" src=\"https:\/\/www.marksandharrison.com\/wp-content\/uploads\/2025\/02\/roanoke-location-300x200.jpg\" alt=\"\" width=\"300\" height=\"200\" srcset=\"https:\/\/www.marksandharrison.com\/wp-content\/uploads\/2025\/02\/roanoke-location-300x200.jpg 300w, https:\/\/www.marksandharrison.com\/wp-content\/uploads\/2025\/02\/roanoke-location-768x512.jpg 768w, https:\/\/www.marksandharrison.com\/wp-content\/uploads\/2025\/02\/roanoke-location.jpg 1000w\" sizes=\"auto, (max-width: 300px) 100vw, 300px\" \/>Un accidente puede cambiar su vida de manera significativa. Adem\u00e1s de lidiar con las lesiones f\u00edsicas, los accidentes causados por las acciones negligentes de otra persona pueden generar importantes problemas emocionales y financieros, complicando la vida de una v\u00edctima a largo plazo. Recuperarse de un accidente requiere tiempo, paciencia y dinero.<\/p>\n<p>En Marks &#038; Harrison, nuestros abogados de lesiones personales en Roanoke trabajan arduamente para recuperar el dinero que usted merece despu\u00e9s de un accidente. Nuestro trabajo le brinda el tiempo y la energ\u00eda necesarios para enfocarse en sanar, sin la presi\u00f3n de manejar un reclamo de compensaci\u00f3n complicado. Desde 1911, hemos recuperado millones en veredictos y acuerdos para nuestros clientes. Nuestro bufete desea continuar con este historial de \u00e9xito ayudando a las v\u00edctimas de accidentes en Roanoke a buscar la compensaci\u00f3n y la justicia que merecen.<\/p>\n<p>Nos esforzamos por ayudar a que las v\u00edctimas de accidentes en Roanoke, Virginia, puedan levantarse nuevamente. Si las acciones negligentes de otra persona lo hirieron a usted o a alguien que usted ama, comun\u00edquese con nuestra oficina hoy mismo. Permita que nuestros abogados experimentados en lesiones personales revisen su caso y le expliquen sus opciones legales en una consulta gratuita y sin obligaci\u00f3n.<\/p>\n<p><iframe loading=\"lazy\" title=\"YouTube video player\" src=\"https:\/\/www.youtube.com\/embed\/56qtzUk7NIA?rel=0\" width=\"100%\" height=\"415\" frameborder=\"0\" allowfullscreen=\"allowfullscreen\"><\/iframe><\/p>\n<h2>\u00bfQu\u00e9 es una lesi\u00f3n personal?<\/h2>\n<p>La ley de lesiones personales es un \u00e1rea legal en la que las personas que resultaron heridas en accidentes causados por la negligencia o mala conducta de otros pueden buscar compensaci\u00f3n de la parte responsable en un tribunal civil. Es un recurso legal que la v\u00edctima del accidente puede utilizar para responsabilizar a la parte que le caus\u00f3 da\u00f1o por sus acciones, mientras recupera una compensaci\u00f3n por sus lesiones y p\u00e9rdidas.<\/p>\n<h2>\u00bfQu\u00e9 tipos de accidentes en Roanoke se consideran lesiones personales?<\/h2>\n<p>Muchas lesiones por accidentes pueden entrar en la categor\u00eda de lesiones personales. En Marks &#038; Harrison, nuestros abogados de lesiones personales tienen un amplio conocimiento del sistema legal de Roanoke.<\/p>\n<h3>Tambi\u00e9n contamos con las herramientas y los recursos para ayudar a las v\u00edctimas de accidentes en Roanoke a buscar compensaci\u00f3n en casos que involucran lo siguiente:<\/h3>\n<ul>\n<li>Accidentes automovil\u00edsticos<\/li>\n<li>Accidentes de camiones comerciales<\/li>\n<li>Accidentes de Uber, Lyft y servicios de transporte<\/li>\n<li>Accidentes de motocicleta<\/li>\n<li>Accidentes de bicicleta<\/li>\n<li>Accidentes peatonales<\/li>\n<li>Accidentes de embarcaciones<\/li>\n<li>Mordeduras de perro o ataques de animales<\/li>\n<li>Accidentes por resbalones y ca\u00eddas<\/li>\n<li>Responsabilidad de locales<\/li>\n<li>Productos defectuosos<\/li>\n<li>Medicamentos o cosm\u00e9ticos peligrosos<\/li>\n<li>Negligencia m\u00e9dica<\/li>\n<li>Lesiones laborales<\/li>\n<li>Accidentes en hogares de ancianos<\/li>\n<li>Muerte por negligencia<\/li>\n<\/ul>\n<p>Cuando las acciones negligentes o indebidas de otra persona son responsables de un accidente y de sus lesiones, es momento de contactar a un abogado especializado en lesiones personales en Roanoke que pueda ayudarle a entender sus derechos y opciones legales.<br \/>\n<iframe loading=\"lazy\" title=\"YouTube video player\" src=\"https:\/\/www.youtube.com\/embed\/6uH6RI7htrs?rel=0\" width=\"100%\" height=\"415\" frameborder=\"0\" allowfullscreen=\"allowfullscreen\"><\/iframe><\/p>\n","protected":false},"excerpt":{"rendered":"<p>Un accidente puede cambiar su vida de manera significativa. Adem\u00e1s de lidiar con las lesiones f\u00edsicas, los accidentes causados por las acciones negligentes de otra persona pueden generar importantes problemas emocionales y financieros, complicando la vida de una v\u00edctima a largo plazo. Recuperarse de un accidente requiere tiempo, paciencia y&#8230;<\/p>\n","protected":false},"author":36,"featured_media":910618,"parent":0,"menu_order":0,"comment_status":"closed","ping_status":"closed","template":"location.php","meta":{"_acf_changed":false,"footnotes":""},"class_list":["post-910616","page","type-page","status-publish","has-post-thumbnail","hentry"],"acf":[],"yoast_head":"<!-- This site is optimized with the Yoast SEO plugin v27.2 - https:\/\/yoast.com\/product\/yoast-seo-wordpress\/ -->\n<title>Abogado de lesiones personales en Roanoke | Marks &amp; Harrison<\/title>\n<meta name=\"description\" content=\"Visite nuestra oficina en Roanoke para obtener servicios legales excepcionales. Atendemos casos de lesiones personales con experiencia y dedicaci\u00f3n. \u00a1Cont\u00e1ctenos hoy mismo!\" \/>\n<meta name=\"robots\" content=\"index, follow, max-snippet:-1, max-image-preview:large, max-video-preview:-1\" \/>\n<link rel=\"canonical\" href=\"https:\/\/www.marksandharrison.com\/es\/roanoke\/\" \/>\n<meta property=\"og:locale\" content=\"es_ES\" \/>\n<meta property=\"og:type\" content=\"article\" \/>\n<meta property=\"og:title\" content=\"Abogado de lesiones personales en Roanoke | Marks &amp; Harrison\" \/>\n<meta property=\"og:description\" content=\"Visite nuestra oficina en Roanoke para obtener servicios legales excepcionales. Atendemos casos de lesiones personales con experiencia y dedicaci\u00f3n. \u00a1Cont\u00e1ctenos hoy mismo!\" \/>\n<meta property=\"og:url\" content=\"https:\/\/www.marksandharrison.com\/es\/roanoke\/\" \/>\n<meta property=\"og:site_name\" content=\"Marks &amp; Harrison\" \/>\n<meta property=\"article:publisher\" content=\"https:\/\/www.facebook.com\/marksandharrison\/\" \/>\n<meta property=\"article:modified_time\" content=\"2025-12-19T20:06:05+00:00\" \/>\n<meta property=\"og:image\" content=\"https:\/\/www.marksandharrison.com\/wp-content\/uploads\/2025\/02\/roanoke-location.jpg\" \/>\n\t<meta property=\"og:image:width\" content=\"1000\" \/>\n\t<meta property=\"og:image:height\" content=\"667\" \/>\n\t<meta property=\"og:image:type\" content=\"image\/jpeg\" \/>\n<meta name=\"twitter:card\" content=\"summary_large_image\" \/>\n<meta name=\"twitter:site\" content=\"@MandHLaw\" \/>\n<meta name=\"twitter:label1\" content=\"Tiempo de lectura\" \/>\n\t<meta name=\"twitter:data1\" content=\"3 minutos\" \/>\n<!-- \/ Yoast SEO plugin. -->","yoast_head_json":{"title":"Abogado de lesiones personales en Roanoke | Marks & Harrison","description":"Visite nuestra oficina en Roanoke para obtener servicios legales excepcionales. Atendemos casos de lesiones personales con experiencia y dedicaci\u00f3n. \u00a1Cont\u00e1ctenos hoy mismo!","robots":{"index":"index","follow":"follow","max-snippet":"max-snippet:-1","max-image-preview":"max-image-preview:large","max-video-preview":"max-video-preview:-1"},"canonical":"https:\/\/www.marksandharrison.com\/es\/roanoke\/","og_locale":"es_ES","og_type":"article","og_title":"Abogado de lesiones personales en Roanoke | Marks & Harrison","og_description":"Visite nuestra oficina en Roanoke para obtener servicios legales excepcionales. Atendemos casos de lesiones personales con experiencia y dedicaci\u00f3n. \u00a1Cont\u00e1ctenos hoy mismo!","og_url":"https:\/\/www.marksandharrison.com\/es\/roanoke\/","og_site_name":"Marks &amp; Harrison","article_publisher":"https:\/\/www.facebook.com\/marksandharrison\/","article_modified_time":"2025-12-19T20:06:05+00:00","og_image":[{"width":1000,"height":667,"url":"https:\/\/www.marksandharrison.com\/wp-content\/uploads\/2025\/02\/roanoke-location.jpg","type":"image\/jpeg"}],"twitter_card":"summary_large_image","twitter_site":"@MandHLaw","twitter_misc":{"Tiempo de lectura":"3 minutos"},"schema":{"@context":"https:\/\/schema.org","@graph":[{"@type":"WebPage","@id":"https:\/\/www.marksandharrison.com\/es\/roanoke\/","url":"https:\/\/www.marksandharrison.com\/es\/roanoke\/","name":"Abogado de lesiones personales en Roanoke | Marks & Harrison","isPartOf":{"@id":"https:\/\/www.marksandharrison.com\/#website"},"primaryImageOfPage":{"@id":"https:\/\/www.marksandharrison.com\/es\/roanoke\/#primaryimage"},"image":{"@id":"https:\/\/www.marksandharrison.com\/es\/roanoke\/#primaryimage"},"thumbnailUrl":"https:\/\/www.marksandharrison.com\/wp-content\/uploads\/2025\/02\/roanoke-location.jpg","datePublished":"2025-02-18T13:54:32+00:00","dateModified":"2025-12-19T20:06:05+00:00","description":"Visite nuestra oficina en Roanoke para obtener servicios legales excepcionales. Atendemos casos de lesiones personales con experiencia y dedicaci\u00f3n. \u00a1Cont\u00e1ctenos hoy mismo!","breadcrumb":{"@id":"https:\/\/www.marksandharrison.com\/es\/roanoke\/#breadcrumb"},"inLanguage":"es","potentialAction":[{"@type":"ReadAction","target":["https:\/\/www.marksandharrison.com\/es\/roanoke\/"]}]},{"@type":"ImageObject","inLanguage":"es","@id":"https:\/\/www.marksandharrison.com\/es\/roanoke\/#primaryimage","url":"https:\/\/www.marksandharrison.com\/wp-content\/uploads\/2025\/02\/roanoke-location.jpg","contentUrl":"https:\/\/www.marksandharrison.com\/wp-content\/uploads\/2025\/02\/roanoke-location.jpg","width":1000,"height":667,"caption":"Roanoke Location"},{"@type":"BreadcrumbList","@id":"https:\/\/www.marksandharrison.com\/es\/roanoke\/#breadcrumb","itemListElement":[{"@type":"ListItem","position":1,"name":"Home","item":"https:\/\/www.marksandharrison.com\/es\/"},{"@type":"ListItem","position":2,"name":"oficina en Roanoke"}]},{"@type":"WebSite","@id":"https:\/\/www.marksandharrison.com\/#website","url":"https:\/\/www.marksandharrison.com\/","name":"Marks &amp; Harrison","description":"","publisher":{"@id":"https:\/\/www.marksandharrison.com\/#organization"},"potentialAction":[{"@type":"SearchAction","target":{"@type":"EntryPoint","urlTemplate":"https:\/\/www.marksandharrison.com\/?s={search_term_string}"},"query-input":{"@type":"PropertyValueSpecification","valueRequired":true,"valueName":"search_term_string"}}],"inLanguage":"es"},{"@type":"Organization","@id":"https:\/\/www.marksandharrison.com\/#organization","name":"Marks & Harrison","url":"https:\/\/www.marksandharrison.com\/","logo":{"@type":"ImageObject","inLanguage":"es","@id":"https:\/\/www.marksandharrison.com\/#\/schema\/logo\/image\/","url":"https:\/\/www.marksandharrison.com\/wp-content\/uploads\/2020\/04\/logo.png","contentUrl":"https:\/\/www.marksandharrison.com\/wp-content\/uploads\/2020\/04\/logo.png","width":224,"height":83,"caption":"Marks & Harrison"},"image":{"@id":"https:\/\/www.marksandharrison.com\/#\/schema\/logo\/image\/"},"sameAs":["https:\/\/www.facebook.com\/marksandharrison\/","https:\/\/x.com\/MandHLaw","https:\/\/www.linkedin.com\/company\/marks-&amp;-harrison\/","https:\/\/www.youtube.com\/channel\/UCRi1kc4BH8gI0V9M56V6WJw"]}]}},"_links":{"self":[{"href":"https:\/\/www.marksandharrison.com\/es\/wp-json\/wp\/v2\/pages\/910616","targetHints":{"allow":["GET"]}}],"collection":[{"href":"https:\/\/www.marksandharrison.com\/es\/wp-json\/wp\/v2\/pages"}],"about":[{"href":"https:\/\/www.marksandharrison.com\/es\/wp-json\/wp\/v2\/types\/page"}],"author":[{"embeddable":true,"href":"https:\/\/www.marksandharrison.com\/es\/wp-json\/wp\/v2\/users\/36"}],"replies":[{"embeddable":true,"href":"https:\/\/www.marksandharrison.com\/es\/wp-json\/wp\/v2\/comments?post=910616"}],"version-history":[{"count":4,"href":"https:\/\/www.marksandharrison.com\/es\/wp-json\/wp\/v2\/pages\/910616\/revisions"}],"predecessor-version":[{"id":914955,"href":"https:\/\/www.marksandharrison.com\/es\/wp-json\/wp\/v2\/pages\/910616\/revisions\/914955"}],"wp:featuredmedia":[{"embeddable":true,"href":"https:\/\/www.marksandharrison.com\/es\/wp-json\/wp\/v2\/media\/910618"}],"wp:attachment":[{"href":"https:\/\/www.marksandharrison.com\/es\/wp-json\/wp\/v2\/media?parent=910616"}],"curies":[{"name":"wp","href":"https:\/\/api.w.org\/{rel}","templated":true}]}}