{"id":910501,"date":"2022-09-02T15:57:51","date_gmt":"2022-09-02T15:57:51","guid":{"rendered":"https:\/\/www.marksandharrison.com\/?page_id=910501"},"modified":"2025-10-08T18:36:41","modified_gmt":"2025-10-08T18:36:41","slug":"seguro-social-de-incapacidad","status":"publish","type":"page","link":"https:\/\/www.marksandharrison.com\/es\/seguro-social-de-incapacidad\/","title":{"rendered":"Seguro Social de Incapacidad"},"content":{"rendered":"<h2 id=\"problemas\" class=\"toc-heading\"><b>\u00bfTiene problemas con un reclamo de discapacidad del Seguro Social en Virginia?<\/b><\/h2>\n<p><span style=\"font-weight: 400;\">\u00bfSufre de una enfermedad o lesi\u00f3n que lo dej\u00f3 incapacitado para trabajar? Si est\u00e1 completamente discapacitado, puede ser elegible para recibir beneficios mensuales del Seguro Social, aunque obtener esos beneficios puede ser un desaf\u00edo.<\/span><\/p>\n<p><span style=\"font-weight: 400;\">La Administraci\u00f3n del Seguro Social (SSA, por sus siglas en ingl\u00e9s) niega m\u00e1s de la mitad de los reclamos que recibe en la fase de solicitud inicial, y la representaci\u00f3n de un abogado de discapacidad del Seguro Social experimentado puede marcar la diferencia en el \u00e9xito de su reclamo.<\/span><\/p>\n<p><span style=\"font-weight: 400;\">En Marks &amp; Harrison, nuestros abogados de discapacidad del seguro social ayudan a las personas calificadas en Virginia a obtener los beneficios de discapacidad del Seguro Social (SSD, por sus siglas en ingl\u00e9s) que tienen derecho a recibir.<\/span><\/p>\n<p><span style=\"font-weight: 400;\">Nuestra firma se estableci\u00f3 en 1911, hace m\u00e1s de 100 a\u00f1os, y nuestra pr\u00e1ctica se enfoca exclusivamente en ayudar a las personas lesionadas.<\/span><\/p>\n<p><span style=\"font-weight: 400;\">Hemos manejado una amplia gama de reclamos de discapacidad del Seguro Social y ayudado a muchas personas a obtener los beneficios que necesitan para sobrevivir despu\u00e9s de que una enfermedad o lesi\u00f3n los haya incapacitado.<\/span><\/p>\n<p><span style=\"font-weight: 400;\"><img loading=\"lazy\" decoding=\"async\" class=\" wp-image-797762 alignleft\" src=\"https:\/\/www.marksandharrison.com\/wp-content\/uploads\/2020\/05\/phone.jpg\" alt=\"\" width=\"64\" height=\"59\" \/>Podemos atender a los clientes desde nuestra sede en Richmond o desde cualquiera de nuestras otras nueve oficinas ubicadas en Virginia. Llame o haga <a href=\"https:\/\/www.marksandharrison.com\/contact-us\/\" target=\"_blank\" rel=\"noopener\">clic aqu\u00ed<\/a> hoy para recibir una consulta gratuita.<\/span><\/p>\n<p>&nbsp;<\/p>\n<h2 id=\"nuestra\" class=\"toc-heading\"><b>C\u00f3mo nuestra firma puede ayudarle con su reclamo de discapacidad del Seguro Social de Virginia<\/b><\/h2>\n<p><span style=\"font-weight: 400;\">Si un veterano o un familiar no est\u00e1 de acuerdo con la decisi\u00f3n del VA sobre su reclamo, tambi\u00e9n podemos ayudarle en una apelaci\u00f3n.<\/span><\/p>\n<p><span style=\"font-weight: 400;\"><img loading=\"lazy\" decoding=\"async\" class=\"alignleft wp-image-798947\" src=\"https:\/\/www.marksandharrison.com\/wp-content\/uploads\/2020\/05\/To-begin-with.png\" alt=\"\" width=\"54\" height=\"55\" \/>Para empezar, podemos revisar sus circunstancias y determinar si es elegible o no para los beneficios de SSD. El SSD es para personas que han trabajado y pagado al Seguro Social, y luego quedan discapacitadas.<\/span><\/p>\n<p><span style=\"font-weight: 400;\"><img loading=\"lazy\" decoding=\"async\" class=\" wp-image-798945 alignleft\" src=\"https:\/\/www.marksandharrison.com\/wp-content\/uploads\/2020\/05\/If-you-are-disabled.png\" alt=\"\" width=\"48\" height=\"102\" \/>Si est\u00e1 discapacitado, pero su historial laboral es insuficiente para calificar para SSD, a\u00fan puede ser elegible para los beneficios de Seguridad de Ingreso Suplementario (SSI, por sus siglas en ingl\u00e9s), otro programa administrado por la <a href=\"https:\/\/www.ssa.gov\/espanol\/\" target=\"_blank\" rel=\"noopener\">SSA<\/a>. La SSA niega inicialmente la mayor\u00eda de las solicitudes de beneficios de SSD.<\/span><\/p>\n<p><span style=\"font-weight: 400;\">Nuestros experimentados abogados del Seguro Social en Richmond pueden ayudarle a obtener la documentaci\u00f3n m\u00e9dica necesaria y garantizar que su solicitud est\u00e9 preparada de manera adecuada y completa para aumentar sus posibilidades de aprobaci\u00f3n en la fase inicial de la solicitud.<\/span><\/p>\n<p><span style=\"font-weight: 400;\"><em><img loading=\"lazy\" decoding=\"async\" class=\" wp-image-798943 alignleft\" src=\"https:\/\/www.marksandharrison.com\/wp-content\/uploads\/2020\/05\/bulb-1.jpg\" alt=\"\" width=\"45\" height=\"58\" \/>Si su reclamo ha sido denegado en la fase de solicitud, es a\u00fan m\u00e1s importante que nuestro abogado experto en SSD lo represente en la etapa de \u00abreconsideraci\u00f3n\u00bb o audiencia.<\/em><\/span><\/p>\n<p><span style=\"font-weight: 400;\">Es posible que se necesite mucha preparaci\u00f3n previa a la audiencia, as\u00ed que comun\u00edquese con nuestra firma lo antes posible despu\u00e9s de que se haya denegado su solicitud. Nuestra ayuda puede marcar una diferencia significativa en si gana o no la apelaci\u00f3n de los beneficios denegados.<\/span><\/p>\n<h2 id=\"equipo\" class=\"toc-heading\"><b>Conozca a nuestro equipo de abogados de discapacidad del Seguro Social en Richmond<\/b><\/h2>\n<p><img loading=\"lazy\" decoding=\"async\" class=\"alignnone wp-image-820925 size-full\" src=\"https:\/\/www.marksandharrison.com\/wp-content\/uploads\/2020\/09\/meet-our-ssd-team.jpg\" alt=\"Richmond Social Security Disability Lawyers in Virginia.\" width=\"888\" height=\"333\" srcset=\"https:\/\/www.marksandharrison.com\/wp-content\/uploads\/2020\/09\/meet-our-ssd-team.jpg 888w, https:\/\/www.marksandharrison.com\/wp-content\/uploads\/2020\/09\/meet-our-ssd-team-300x113.jpg 300w, https:\/\/www.marksandharrison.com\/wp-content\/uploads\/2020\/09\/meet-our-ssd-team-768x288.jpg 768w\" sizes=\"auto, (max-width: 888px) 100vw, 888px\" \/><\/p>\n<p><strong>Joanna L.Suyes<\/strong><\/p>\n<p>Joanna ha estado en Marks &amp; Harrison desde 1989. Es miembro de la Organizaci\u00f3n Nacional de Representantes de Demandantes del Seguro Social y de las secciones de Seguro Social de la Asociaci\u00f3n de Abogados Litigantes de Virginia y la Asociaci\u00f3n Estadounidense por la Justicia. Ella da conferencias regularmente sobre el proceso de discapacidad a otros abogados y a la comunidad. En 2019, Joanna fue seleccionada para Super Lawyers en el \u00e1rea de la ley de Discapacidad del Seguro Social. Nombrada miembro de la \u00e9lite legal por Virginia Business y l\u00edder en la ley por Virginia Lawyers Weekly en 2018, tiene una amplia experiencia ayudando a los clientes en todas las fases del proceso de reclamos de SSD, desde las solicitudes iniciales hasta las audiencias administrativas y las apelaciones en los tribunales federales.<\/p>\n<p><strong>Christy L. Bixby<\/strong><\/p>\n<p>Christy se uni\u00f3 a nuestra firma en 2016, pero ha estado trabajando en SSD desde 2004. Es una de nuestras asistentes legales de SSD y, si se le asigna, ser\u00e1 su principal punto de contacto durante su caso. Christy est\u00e1 aqu\u00ed para responder a sus preguntas y abordar sus inquietudes. El proceso SSD puede ser dif\u00edcil y estresante, y Christy se siente muy satisfecha de ayudar a los clientes a trav\u00e9s del sistema para que puedan concentrarse en su salud.<\/p>\n<p><b>Amber M. Moore<\/b><\/p>\n<p><span style=\"font-weight: 400;\">Amber ha estado trabajando en casos de discapacidad del Seguro Social con Marks &amp; Harrison desde 1998. Antes de eso, trabaj\u00f3 en la oficina de audiencias del Seguro Social. Como asistente legal con m\u00e1s de dos d\u00e9cadas de experiencia, Amber se asegurar\u00e1 de que lo atiendan durante todo el proceso. Para Amber, la mejor parte de trabajar con clientes del Seguro Social es saber que est\u00e1 haciendo una peque\u00f1a diferencia en la vida de alguien.<\/span><\/p>\n<h2 id=\"frecuentemente\" class=\"toc-heading\"><b>Condiciones que frecuentemente resultan en discapacidad<\/b><\/h2>\n<p><span style=\"font-weight: 400;\">La SSA define \u00abdiscapacidad\u00bb como la incapacidad de una persona para realizar cualquier tipo de trabajo debido a una lesi\u00f3n o a una condici\u00f3n m\u00e9dica. Se debe esperar que la discapacidad dure al menos un a\u00f1o o que resulte en la muerte. La discapacidad puede ser el resultado de una condici\u00f3n f\u00edsica o mental o una combinaci\u00f3n de tales condiciones.<\/span><\/p>\n<p><span style=\"font-weight: 400;\">Algunas de las discapacidades m\u00e1s comunes que sufren los veteranos son:<\/span><\/p>\n<ul>\n<li style=\"font-weight: 400;\" aria-level=\"1\"><span style=\"font-weight: 400;\">Sistema musculoesquel\u00e9tico<\/span><\/li>\n<li style=\"font-weight: 400;\" aria-level=\"1\"><span style=\"font-weight: 400;\">Sentidos especiales y habla<\/span><\/li>\n<li style=\"font-weight: 400;\" aria-level=\"1\"><span style=\"font-weight: 400;\">Sistema respiratorio<\/span><\/li>\n<li style=\"font-weight: 400;\" aria-level=\"1\"><span style=\"font-weight: 400;\">Sistema cardiovascular<\/span><\/li>\n<li style=\"font-weight: 400;\" aria-level=\"1\"><span style=\"font-weight: 400;\">Sistema digestivo<\/span><\/li>\n<li style=\"font-weight: 400;\" aria-level=\"1\"><span style=\"font-weight: 400;\">Trastornos genitourinarios<\/span><\/li>\n<li style=\"font-weight: 400;\" aria-level=\"1\"><span style=\"font-weight: 400;\">Trastornos hematol\u00f3gicos<\/span><\/li>\n<li style=\"font-weight: 400;\" aria-level=\"1\"><span style=\"font-weight: 400;\">Trastornos de la piel<\/span><\/li>\n<li style=\"font-weight: 400;\" aria-level=\"1\"><span style=\"font-weight: 400;\">Desordenes endocrinos<\/span><\/li>\n<li style=\"font-weight: 400;\" aria-level=\"1\"><span style=\"font-weight: 400;\">Neurol\u00f3gica<\/span><\/li>\n<li style=\"font-weight: 400;\" aria-level=\"1\"><span style=\"font-weight: 400;\">Desordenes mentales<\/span><\/li>\n<li style=\"font-weight: 400;\" aria-level=\"1\"><span style=\"font-weight: 400;\">Enfermedades neopl\u00e1sicas malignas<\/span><\/li>\n<li style=\"font-weight: 400;\" aria-level=\"1\"><span style=\"font-weight: 400;\">Trastornos del sistema inmunol\u00f3gico<\/span><\/li>\n<li style=\"font-weight: 400;\" aria-level=\"1\"><span style=\"font-weight: 400;\">Trastornos cong\u00e9nitos que afectan m\u00faltiples sistemas corporales<\/span><\/li>\n<\/ul>\n<p><span style=\"font-weight: 400;\">Muchas personas tienen condiciones m\u00e9dicas que quiz\u00e1s no se den cuenta de que califican para los beneficios por discapacidad del Seguro Social.<\/span><\/p>\n<ul>\n<li style=\"font-weight: 400;\" aria-level=\"1\"><span style=\"font-weight: 400;\">Fibromialgia<\/span><\/li>\n<li style=\"font-weight: 400;\" aria-level=\"1\"><span style=\"font-weight: 400;\">Neuropat\u00eda diab\u00e9tica<\/span><\/li>\n<li style=\"font-weight: 400;\" aria-level=\"1\"><span style=\"font-weight: 400;\">Obesidad<\/span><\/li>\n<li style=\"font-weight: 400;\" aria-level=\"1\"><span style=\"font-weight: 400;\">Ataques de p\u00e1nico<\/span><\/li>\n<li style=\"font-weight: 400;\" aria-level=\"1\"><span style=\"font-weight: 400;\">Asma<\/span><\/li>\n<\/ul>\n","protected":false},"excerpt":{"rendered":"<p>\u00bfTiene problemas con un reclamo de discapacidad del Seguro Social en Virginia? \u00bfSufre de una enfermedad o lesi\u00f3n que lo dej\u00f3 incapacitado para trabajar? Si est\u00e1 completamente discapacitado, puede ser elegible para recibir beneficios mensuales del Seguro Social, aunque obtener esos beneficios puede ser un desaf\u00edo. La Administraci\u00f3n del Seguro&#8230;<\/p>\n","protected":false},"author":69,"featured_media":0,"parent":0,"menu_order":0,"comment_status":"closed","ping_status":"closed","template":"practice-area.php","meta":{"_acf_changed":false,"footnotes":""},"class_list":["post-910501","page","type-page","status-publish","hentry"],"acf":[],"yoast_head":"<!-- This site is optimized with the Yoast SEO plugin v27.2 - https:\/\/yoast.com\/product\/yoast-seo-wordpress\/ -->\n<title>Seguro Social de Incapacidad - Marks &amp; Harrison<\/title>\n<meta name=\"description\" content=\"Si se le negaron los beneficios por discapacidad del Seguro Social. Nuestros abogados pueden brindarle representaci\u00f3n legal experta para su reclamo de SSD, comun\u00edquese con Marks &amp; Harrison hoy.\" \/>\n<meta name=\"robots\" content=\"index, follow, max-snippet:-1, max-image-preview:large, max-video-preview:-1\" \/>\n<link rel=\"canonical\" href=\"https:\/\/www.marksandharrison.com\/es\/seguro-social-de-incapacidad\/\" \/>\n<meta property=\"og:locale\" content=\"es_ES\" \/>\n<meta property=\"og:type\" content=\"article\" \/>\n<meta property=\"og:title\" content=\"Seguro Social de Incapacidad - Marks &amp; Harrison\" \/>\n<meta property=\"og:description\" content=\"Si se le negaron los beneficios por discapacidad del Seguro Social. Nuestros abogados pueden brindarle representaci\u00f3n legal experta para su reclamo de SSD, comun\u00edquese con Marks &amp; Harrison hoy.\" \/>\n<meta property=\"og:url\" content=\"https:\/\/www.marksandharrison.com\/es\/seguro-social-de-incapacidad\/\" \/>\n<meta property=\"og:site_name\" content=\"Marks &amp; Harrison\" \/>\n<meta property=\"article:publisher\" content=\"https:\/\/www.facebook.com\/marksandharrison\/\" \/>\n<meta property=\"article:modified_time\" content=\"2025-10-08T18:36:41+00:00\" \/>\n<meta property=\"og:image\" content=\"https:\/\/www.marksandharrison.com\/wp-content\/uploads\/2020\/05\/phone.jpg\" \/>\n\t<meta property=\"og:image:width\" content=\"84\" \/>\n\t<meta property=\"og:image:height\" content=\"78\" \/>\n\t<meta property=\"og:image:type\" content=\"image\/jpeg\" \/>\n<meta name=\"twitter:card\" content=\"summary_large_image\" \/>\n<meta name=\"twitter:site\" content=\"@MandHLaw\" \/>\n<meta name=\"twitter:label1\" content=\"Tiempo de lectura\" \/>\n\t<meta name=\"twitter:data1\" content=\"6 minutos\" \/>\n<!-- \/ Yoast SEO plugin. -->","yoast_head_json":{"title":"Seguro Social de Incapacidad - Marks &amp; Harrison","description":"Si se le negaron los beneficios por discapacidad del Seguro Social. Nuestros abogados pueden brindarle representaci\u00f3n legal experta para su reclamo de SSD, comun\u00edquese con Marks & Harrison hoy.","robots":{"index":"index","follow":"follow","max-snippet":"max-snippet:-1","max-image-preview":"max-image-preview:large","max-video-preview":"max-video-preview:-1"},"canonical":"https:\/\/www.marksandharrison.com\/es\/seguro-social-de-incapacidad\/","og_locale":"es_ES","og_type":"article","og_title":"Seguro Social de Incapacidad - Marks &amp; Harrison","og_description":"Si se le negaron los beneficios por discapacidad del Seguro Social. Nuestros abogados pueden brindarle representaci\u00f3n legal experta para su reclamo de SSD, comun\u00edquese con Marks & Harrison hoy.","og_url":"https:\/\/www.marksandharrison.com\/es\/seguro-social-de-incapacidad\/","og_site_name":"Marks &amp; Harrison","article_publisher":"https:\/\/www.facebook.com\/marksandharrison\/","article_modified_time":"2025-10-08T18:36:41+00:00","og_image":[{"width":84,"height":78,"url":"https:\/\/www.marksandharrison.com\/wp-content\/uploads\/2020\/05\/phone.jpg","type":"image\/jpeg"}],"twitter_card":"summary_large_image","twitter_site":"@MandHLaw","twitter_misc":{"Tiempo de lectura":"6 minutos"},"schema":{"@context":"https:\/\/schema.org","@graph":[{"@type":"WebPage","@id":"https:\/\/www.marksandharrison.com\/es\/seguro-social-de-incapacidad\/","url":"https:\/\/www.marksandharrison.com\/es\/seguro-social-de-incapacidad\/","name":"Seguro Social de Incapacidad - Marks &amp; Harrison","isPartOf":{"@id":"https:\/\/www.marksandharrison.com\/#website"},"primaryImageOfPage":{"@id":"https:\/\/www.marksandharrison.com\/es\/seguro-social-de-incapacidad\/#primaryimage"},"image":{"@id":"https:\/\/www.marksandharrison.com\/es\/seguro-social-de-incapacidad\/#primaryimage"},"thumbnailUrl":"https:\/\/www.marksandharrison.com\/wp-content\/uploads\/2020\/05\/phone.jpg","datePublished":"2022-09-02T15:57:51+00:00","dateModified":"2025-10-08T18:36:41+00:00","description":"Si se le negaron los beneficios por discapacidad del Seguro Social. Nuestros abogados pueden brindarle representaci\u00f3n legal experta para su reclamo de SSD, comun\u00edquese con Marks & Harrison hoy.","breadcrumb":{"@id":"https:\/\/www.marksandharrison.com\/es\/seguro-social-de-incapacidad\/#breadcrumb"},"inLanguage":"es","potentialAction":[{"@type":"ReadAction","target":["https:\/\/www.marksandharrison.com\/es\/seguro-social-de-incapacidad\/"]}]},{"@type":"ImageObject","inLanguage":"es","@id":"https:\/\/www.marksandharrison.com\/es\/seguro-social-de-incapacidad\/#primaryimage","url":"https:\/\/www.marksandharrison.com\/wp-content\/uploads\/2020\/05\/phone.jpg","contentUrl":"https:\/\/www.marksandharrison.com\/wp-content\/uploads\/2020\/05\/phone.jpg"},{"@type":"BreadcrumbList","@id":"https:\/\/www.marksandharrison.com\/es\/seguro-social-de-incapacidad\/#breadcrumb","itemListElement":[{"@type":"ListItem","position":1,"name":"Home","item":"https:\/\/www.marksandharrison.com\/es\/"},{"@type":"ListItem","position":2,"name":"Seguro Social de Incapacidad"}]},{"@type":"WebSite","@id":"https:\/\/www.marksandharrison.com\/#website","url":"https:\/\/www.marksandharrison.com\/","name":"Marks &amp; Harrison","description":"","publisher":{"@id":"https:\/\/www.marksandharrison.com\/#organization"},"potentialAction":[{"@type":"SearchAction","target":{"@type":"EntryPoint","urlTemplate":"https:\/\/www.marksandharrison.com\/?s={search_term_string}"},"query-input":{"@type":"PropertyValueSpecification","valueRequired":true,"valueName":"search_term_string"}}],"inLanguage":"es"},{"@type":"Organization","@id":"https:\/\/www.marksandharrison.com\/#organization","name":"Marks & Harrison","url":"https:\/\/www.marksandharrison.com\/","logo":{"@type":"ImageObject","inLanguage":"es","@id":"https:\/\/www.marksandharrison.com\/#\/schema\/logo\/image\/","url":"https:\/\/www.marksandharrison.com\/wp-content\/uploads\/2020\/04\/logo.png","contentUrl":"https:\/\/www.marksandharrison.com\/wp-content\/uploads\/2020\/04\/logo.png","width":224,"height":83,"caption":"Marks & Harrison"},"image":{"@id":"https:\/\/www.marksandharrison.com\/#\/schema\/logo\/image\/"},"sameAs":["https:\/\/www.facebook.com\/marksandharrison\/","https:\/\/x.com\/MandHLaw","https:\/\/www.linkedin.com\/company\/marks-&amp;-harrison\/","https:\/\/www.youtube.com\/channel\/UCRi1kc4BH8gI0V9M56V6WJw"]}]}},"_links":{"self":[{"href":"https:\/\/www.marksandharrison.com\/es\/wp-json\/wp\/v2\/pages\/910501","targetHints":{"allow":["GET"]}}],"collection":[{"href":"https:\/\/www.marksandharrison.com\/es\/wp-json\/wp\/v2\/pages"}],"about":[{"href":"https:\/\/www.marksandharrison.com\/es\/wp-json\/wp\/v2\/types\/page"}],"author":[{"embeddable":true,"href":"https:\/\/www.marksandharrison.com\/es\/wp-json\/wp\/v2\/users\/69"}],"replies":[{"embeddable":true,"href":"https:\/\/www.marksandharrison.com\/es\/wp-json\/wp\/v2\/comments?post=910501"}],"version-history":[{"count":1,"href":"https:\/\/www.marksandharrison.com\/es\/wp-json\/wp\/v2\/pages\/910501\/revisions"}],"predecessor-version":[{"id":910510,"href":"https:\/\/www.marksandharrison.com\/es\/wp-json\/wp\/v2\/pages\/910501\/revisions\/910510"}],"wp:attachment":[{"href":"https:\/\/www.marksandharrison.com\/es\/wp-json\/wp\/v2\/media?parent=910501"}],"curies":[{"name":"wp","href":"https:\/\/api.w.org\/{rel}","templated":true}]}}