{"id":910462,"date":"2023-02-25T07:34:00","date_gmt":"2023-02-25T07:34:00","guid":{"rendered":"https:\/\/www.marksandharrison.com\/?page_id=910462"},"modified":"2025-10-08T15:21:35","modified_gmt":"2025-10-08T15:21:35","slug":"contacto","status":"publish","type":"page","link":"https:\/\/www.marksandharrison.com\/es\/contacto\/","title":{"rendered":"Contacto"},"content":{"rendered":"","protected":false},"excerpt":{"rendered":"","protected":false},"author":54,"featured_media":0,"parent":0,"menu_order":0,"comment_status":"closed","ping_status":"closed","template":"contact.php","meta":{"_acf_changed":false,"footnotes":""},"class_list":["post-910462","page","type-page","status-publish","hentry"],"acf":[],"yoast_head":"<!-- This site is optimized with the Yoast SEO plugin v27.2 - https:\/\/yoast.com\/product\/yoast-seo-wordpress\/ -->\n<title>Contacto - Marks &amp; Harrison<\/title>\n<meta name=\"description\" content=\"Contacta a Marks &amp; Harrison para asistencia legal en espa\u00f1ol. Nuestros abogados expertos est\u00e1n aqu\u00ed para ayudarte en tus casos legales. \u00a1Cont\u00e1ctanos!\" \/>\n<meta name=\"robots\" content=\"index, follow, max-snippet:-1, max-image-preview:large, max-video-preview:-1\" \/>\n<link rel=\"canonical\" href=\"https:\/\/www.marksandharrison.com\/es\/contacto\/\" \/>\n<meta property=\"og:locale\" content=\"es_ES\" \/>\n<meta property=\"og:type\" content=\"article\" \/>\n<meta property=\"og:title\" content=\"Contacto - Marks &amp; Harrison\" \/>\n<meta property=\"og:description\" content=\"Contacta a Marks &amp; Harrison para asistencia legal en espa\u00f1ol. Nuestros abogados expertos est\u00e1n aqu\u00ed para ayudarte en tus casos legales. \u00a1Cont\u00e1ctanos!\" \/>\n<meta property=\"og:url\" content=\"https:\/\/www.marksandharrison.com\/es\/contacto\/\" \/>\n<meta property=\"og:site_name\" content=\"Marks &amp; Harrison\" \/>\n<meta property=\"article:publisher\" content=\"https:\/\/www.facebook.com\/marksandharrison\/\" \/>\n<meta property=\"article:modified_time\" content=\"2025-10-08T15:21:35+00:00\" \/>\n<meta name=\"twitter:card\" content=\"summary_large_image\" \/>\n<meta name=\"twitter:site\" content=\"@MandHLaw\" \/>\n<!-- \/ Yoast SEO plugin. -->","yoast_head_json":{"title":"Contacto - Marks &amp; Harrison","description":"Contacta a Marks & Harrison para asistencia legal en espa\u00f1ol. Nuestros abogados expertos est\u00e1n aqu\u00ed para ayudarte en tus casos legales. \u00a1Cont\u00e1ctanos!","robots":{"index":"index","follow":"follow","max-snippet":"max-snippet:-1","max-image-preview":"max-image-preview:large","max-video-preview":"max-video-preview:-1"},"canonical":"https:\/\/www.marksandharrison.com\/es\/contacto\/","og_locale":"es_ES","og_type":"article","og_title":"Contacto - Marks &amp; Harrison","og_description":"Contacta a Marks & Harrison para asistencia legal en espa\u00f1ol. Nuestros abogados expertos est\u00e1n aqu\u00ed para ayudarte en tus casos legales. \u00a1Cont\u00e1ctanos!","og_url":"https:\/\/www.marksandharrison.com\/es\/contacto\/","og_site_name":"Marks &amp; Harrison","article_publisher":"https:\/\/www.facebook.com\/marksandharrison\/","article_modified_time":"2025-10-08T15:21:35+00:00","twitter_card":"summary_large_image","twitter_site":"@MandHLaw","schema":{"@context":"https:\/\/schema.org","@graph":[{"@type":"WebPage","@id":"https:\/\/www.marksandharrison.com\/es\/contacto\/","url":"https:\/\/www.marksandharrison.com\/es\/contacto\/","name":"Contacto - Marks &amp; Harrison","isPartOf":{"@id":"https:\/\/www.marksandharrison.com\/#website"},"datePublished":"2023-02-25T07:34:00+00:00","dateModified":"2025-10-08T15:21:35+00:00","description":"Contacta a Marks & Harrison para asistencia legal en espa\u00f1ol. Nuestros abogados expertos est\u00e1n aqu\u00ed para ayudarte en tus casos legales. \u00a1Cont\u00e1ctanos!","breadcrumb":{"@id":"https:\/\/www.marksandharrison.com\/es\/contacto\/#breadcrumb"},"inLanguage":"es","potentialAction":[{"@type":"ReadAction","target":["https:\/\/www.marksandharrison.com\/es\/contacto\/"]}]},{"@type":"BreadcrumbList","@id":"https:\/\/www.marksandharrison.com\/es\/contacto\/#breadcrumb","itemListElement":[{"@type":"ListItem","position":1,"name":"Home","item":"https:\/\/www.marksandharrison.com\/es\/"},{"@type":"ListItem","position":2,"name":"Contacto"}]},{"@type":"WebSite","@id":"https:\/\/www.marksandharrison.com\/#website","url":"https:\/\/www.marksandharrison.com\/","name":"Marks &amp; Harrison","description":"","publisher":{"@id":"https:\/\/www.marksandharrison.com\/#organization"},"potentialAction":[{"@type":"SearchAction","target":{"@type":"EntryPoint","urlTemplate":"https:\/\/www.marksandharrison.com\/?s={search_term_string}"},"query-input":{"@type":"PropertyValueSpecification","valueRequired":true,"valueName":"search_term_string"}}],"inLanguage":"es"},{"@type":"Organization","@id":"https:\/\/www.marksandharrison.com\/#organization","name":"Marks & Harrison","url":"https:\/\/www.marksandharrison.com\/","logo":{"@type":"ImageObject","inLanguage":"es","@id":"https:\/\/www.marksandharrison.com\/#\/schema\/logo\/image\/","url":"https:\/\/www.marksandharrison.com\/wp-content\/uploads\/2020\/04\/logo.png","contentUrl":"https:\/\/www.marksandharrison.com\/wp-content\/uploads\/2020\/04\/logo.png","width":224,"height":83,"caption":"Marks & Harrison"},"image":{"@id":"https:\/\/www.marksandharrison.com\/#\/schema\/logo\/image\/"},"sameAs":["https:\/\/www.facebook.com\/marksandharrison\/","https:\/\/x.com\/MandHLaw","https:\/\/www.linkedin.com\/company\/marks-&amp;-harrison\/","https:\/\/www.youtube.com\/channel\/UCRi1kc4BH8gI0V9M56V6WJw"]}]}},"_links":{"self":[{"href":"https:\/\/www.marksandharrison.com\/es\/wp-json\/wp\/v2\/pages\/910462","targetHints":{"allow":["GET"]}}],"collection":[{"href":"https:\/\/www.marksandharrison.com\/es\/wp-json\/wp\/v2\/pages"}],"about":[{"href":"https:\/\/www.marksandharrison.com\/es\/wp-json\/wp\/v2\/types\/page"}],"author":[{"embeddable":true,"href":"https:\/\/www.marksandharrison.com\/es\/wp-json\/wp\/v2\/users\/54"}],"replies":[{"embeddable":true,"href":"https:\/\/www.marksandharrison.com\/es\/wp-json\/wp\/v2\/comments?post=910462"}],"version-history":[{"count":1,"href":"https:\/\/www.marksandharrison.com\/es\/wp-json\/wp\/v2\/pages\/910462\/revisions"}],"predecessor-version":[{"id":910466,"href":"https:\/\/www.marksandharrison.com\/es\/wp-json\/wp\/v2\/pages\/910462\/revisions\/910466"}],"wp:attachment":[{"href":"https:\/\/www.marksandharrison.com\/es\/wp-json\/wp\/v2\/media?parent=910462"}],"curies":[{"name":"wp","href":"https:\/\/api.w.org\/{rel}","templated":true}]}}