{"id":910405,"date":"2025-04-29T16:00:20","date_gmt":"2025-04-29T16:00:20","guid":{"rendered":"https:\/\/www.marksandharrison.com\/?page_id=910405"},"modified":"2026-03-11T16:55:44","modified_gmt":"2026-03-11T16:55:44","slug":"accidentes-automovilisticos","status":"publish","type":"page","link":"https:\/\/www.marksandharrison.com\/es\/accidentes-automovilisticos\/","title":{"rendered":"Abogado de Accidentes de Auto en Richmond, Virginia"},"content":{"rendered":"<p>Cada cuatro minutos ocurre un accidente de auto en las carreteras de nuestro estado, seg\u00fan informa la Oficina de Seguridad Vial de Virginia. En muchos casos, estos incidentes no son realmente \u201caccidentes\u201d. Son el resultado de actos negligentes e imprudentes de personas descuidadas. En <a href=\"https:\/\/www.marksandharrison.com\/es\/\">Marks &amp; Harrison<\/a>, nuestros abogados especializados en accidentes automovil\u00edsticos en Richmond creen que estos conductores deben rendir cuentas. Tambi\u00e9n creemos que sus v\u00edctimas merecen una compensaci\u00f3n completa y justa por sus lesiones.<\/p>\n<p>Las aseguradoras buscan proteger su dinero. Esto significa que es necesario tomar medidas en\u00e9rgicas para proteger los derechos de las v\u00edctimas de accidentes automovil\u00edsticos. Los abogados especializados en accidentes automovil\u00edsticos de Marks &amp; Harrison en Richmond pueden ayudarle. Como uno de los bufetes de abogados especializados en lesiones por accidentes de auto m\u00e1s antiguos y grandes de Virginia, contamos con la habilidad, la experiencia y los recursos para enfrentar a las aseguradoras y obtener la compensaci\u00f3n que usted merece.<\/p>\n<p>Contamos con nueve oficinas en todo Virginia, incluyendo nuestra sede en Richmond. Podemos ofrecerle una consulta gratuita y confidencial hoy mismo. Revisaremos los hechos de su caso y analizaremos todas las opciones disponibles. Ll\u00e1menos o cont\u00e1ctenos en l\u00ednea para comenzar a trabajar con un abogado experto en accidentes de auto ahora mismo.<\/p>\n<h2 id=\"negligencia\">La negligencia causa accidentes de auto en Richmond y en todo Virginia<\/h2>\n<p>Conducir en Virginia es m\u00e1s peligroso que nunca. Los accidentes de auto, las muertes y las lesiones aumentaron en Virginia el a\u00f1o pasado, seg\u00fan informa la Oficina de Seguridad Vial. Las estad\u00edsticas muestran que ocurrieron m\u00e1s de 120,000 accidentes en nuestras calles y carreteras, incluyendo casi 5,000 en Richmond.<\/p>\n<p>Estos accidentes resultaron en 764 muertes y 63,382 lesiones. \u00bfPor qu\u00e9? Es una buena pregunta. La respuesta es compleja. En Marks &amp; Harrison, sabemos que el factor principal detr\u00e1s de los accidentes de auto es la negligencia. Muchos conductores incumplen con su deber de cuidado hacia los dem\u00e1s en la carretera. La conducci\u00f3n negligente puede manifestarse de diversas maneras, incluyendo las siguientes:<\/p>\n<div class=\"pa-list\">\n<div class=\"item\">\n<div class=\"icon\"><img loading=\"lazy\" decoding=\"async\" class=\"img-fluid alignnone\" src=\"\/wp-content\/uploads\/2020\/04\/icon-pa01.png\" alt=\"VA speed limit sign.\" width=\"61\" height=\"61\" \/><\/div>\n<div class=\"description\"><strong>Exceso de Velocidad<\/strong> \u2013 Las estad\u00edsticas muestran que el exceso de velocidad influye en casi 25,000 accidentes en Virginia cada a\u00f1o. Superar el l\u00edmite de velocidad y causar un accidente se considera autom\u00e1ticamente negligencia. Sin embargo, otros tipos de exceso de velocidad tambi\u00e9n son peligrosos. Por ejemplo, una persona puede conducir demasiado r\u00e1pido en condiciones como lluvia, niebla, hielo, aguanieve, nieve o humo.<\/div>\n<\/div>\n<div class=\"item\">\n<div class=\"icon\"><img loading=\"lazy\" decoding=\"async\" class=\"img-fluid alignnone\" src=\"\/wp-content\/uploads\/2020\/04\/icon-pa02.png\" alt=\"Stop sign.\" width=\"61\" height=\"61\" \/><\/div>\n<div class=\"description\"><strong>Conducci\u00f3n imprudente<\/strong> \u2013 Un conductor muestra una clara falta de consideraci\u00f3n por la seguridad de los dem\u00e1s al pasar r\u00e1pidamente un sem\u00e1foro en rojo o una se\u00f1al de alto en una intersecci\u00f3n, realizar adelantamientos peligrosos en carreteras de dos carriles o competir con otros veh\u00edculos en la carretera.<\/div>\n<\/div>\n<div class=\"item\">\n<div class=\"icon\"><img loading=\"lazy\" decoding=\"async\" class=\"img-fluid alignnone\" src=\"\/wp-content\/uploads\/2020\/04\/icon-pa03.png\" alt=\"Drunk driving causes many car accidents in Virginia. \" width=\"61\" height=\"61\" \/><\/div>\n<div class=\"description\"><strong>Conducir en estado de ebriedad<\/strong> \u2013 Hoy en d\u00eda, contamos con leyes estrictas contra la conducci\u00f3n en estado de ebriedad, una aplicaci\u00f3n rigurosa de la ley y campa\u00f1as de concienciaci\u00f3n p\u00fablica intensificadas, incluidas muchas en las que participa nuestro estado. Sin embargo, los conductores en estado de ebriedad siguen causando accidentes. Tan solo el a\u00f1o pasado, se produjeron casi 8,500 accidentes relacionados con el alcohol en Virginia. Muchos de ellos involucraron conductores con una concentraci\u00f3n de alcohol en la sangre (CAS) superior al l\u00edmite legal de 0.08. Sin embargo, conducir incluso despu\u00e9s de una sola bebida es peligroso.<\/div>\n<\/div>\n<div class=\"item\">\n<div class=\"icon\"><img loading=\"lazy\" decoding=\"async\" class=\"img-fluid alignnone\" src=\"\/wp-content\/uploads\/2020\/04\/icon-pa04.png\" alt=\"Being under the influence of drugs causes car crashes in Richmond.\" width=\"62\" height=\"61\" \/><\/div>\n<div class=\"description\"><strong>Conducir bajo los efectos de las drogas<\/strong> \u2013 Tan grave como conducir en estado de ebriedad es el problema de quienes se ponen al volante despu\u00e9s de consumir drogas ilegales o medicamentos recetados. Estas sustancias afectan la capacidad de conducir un veh\u00edculo con seguridad. La Administraci\u00f3n Nacional de Seguridad del Tr\u00e1fico en las Carreteras (NHTSA) informa que el consumo de drogas entre los conductores con lesiones mortales aument\u00f3 un 13 % durante los \u00faltimos tres a\u00f1os.<\/div>\n<\/div>\n<div class=\"item\">\n<div class=\"icon\"><img loading=\"lazy\" decoding=\"async\" class=\"img-fluid alignnone\" src=\"\/wp-content\/uploads\/2020\/05\/mh-car-accidents-05.png\" alt=\"Distracted driving is one of the top causes of car accidents in Richmond.\" width=\"61\" height=\"61\" \/><\/div>\n<div class=\"description\"><strong>Conducir <b>distra\u00eddo<\/b><\/strong>\u00a0\u2013 Hablar por tel\u00e9fono celular y enviar mensajes de texto mientras se conduce causa un n\u00famero creciente de accidentes automovil\u00edsticos en Estados Unidos. De hecho, la NHTSA afirma que conducir distra\u00eddo causa la muerte de 5500 personas y lesiones a 450,000 a nivel nacional cada a\u00f1o.<\/div>\n<\/div>\n<div class=\"item\">\n<div class=\"icon\"><img loading=\"lazy\" decoding=\"async\" class=\"img-fluid alignnone\" src=\"\/wp-content\/uploads\/2020\/05\/mh-car-accidents-06.png\" alt=\"Drowsy driving causes many car crashes in Virginia each year.\" width=\"61\" height=\"61\" \/><\/div>\n<div class=\"description\"><strong>Conducir cansado<\/strong>\u00a0\u2013 La NHTSA afirma que anualmente ocurren cerca de 56,000 accidentes automovil\u00edsticos relacionados con el sue\u00f1o. Causan cerca de 40,000 lesiones y 1,550 muertes. Conducir con fatiga no solo se trata de quedarse dormido al volante. Tambi\u00e9n es estar tan cansado que una persona carece de la atenci\u00f3n necesaria para conducir con seguridad.<\/div>\n<\/div>\n<\/div>\n<p>Otra forma de descuido es conducir sin seguro. Cuando un conductor causa un accidente sin cobertura o sin la suficiente para cubrir las lesiones de la v\u00edctima, podr\u00eda tener que recurrir a su propia aseguradora para obtener una indemnizaci\u00f3n bajo una p\u00f3liza para conductores sin seguro o con seguro insuficiente (UM\/UIM). Contacte hoy mismo con nuestro abogado especializado en accidentes de auto en Richmond.<\/p>\n<p><iframe loading=\"lazy\" style=\"border: 0;\" src=\"https:\/\/www.google.com\/maps\/embed?pb=!1m18!1m12!1m3!1d3161.0817706744783!2d-77.5464025!3d37.600234500000006!2m3!1f0!2f0!3f0!3m2!1i1024!2i768!4f13.1!3m3!1m2!1s0x89b114c4f15af799%3A0x3e4a74cde1fa3340!2sMarks%20%26%20Harrison%20-%20Personal%20Injury%20Attorney%20-%20Richmond!5e0!3m2!1sen!2sus!4v1680529458447!5m2!1sen!2sus\" width=\"600\" height=\"450\" allowfullscreen=\"allowfullscreen\"><\/iframe><\/p>\n<h2 id=\"accidentes\">Abogado de lesiones por accidentes automovil\u00edsticos en Richmond<\/h2>\n<p>Cuando acude a Marks &amp; Harrison para obtener representaci\u00f3n legal en su reclamo por accidente de auto, nos ponemos manos a la obra de inmediato para determinar la causa del accidente y qui\u00e9n tuvo la culpa. Trabajamos con ingenieros forenses para demostrar la culpa y con profesionales m\u00e9dicos para determinar el alcance total de las lesiones sufridas.<\/p>\n<p>Nuestros abogados especializados en accidentes de auto cuentan con el conocimiento y la experiencia para negociar h\u00e1bilmente en su nombre extrajudicialmente. Tambi\u00e9n contamos con la experiencia en juicios y la capacidad de defender con firmeza nuestros derechos en los tribunales si es necesario.<\/p>\n<p>Los representantes de seguros protegen a sus compa\u00f1\u00edas al minimizar las cantidades pagadas en reclamaciones por accidentes. Con nuestro experimentado abogado de accidentes de su lado, usted cuenta con un defensor legal dedicado para proteger sus derechos y buscar activamente la m\u00e1xima compensaci\u00f3n que le corresponde.<\/p>\n<h2>\u00bfCu\u00e1les son sus opciones legales despu\u00e9s de un accidente de auto en Virginia?<\/h2>\n<p><a href=\"https:\/\/www.marksandharrison.com\/accident-attorney\/car-accidents\/after-a-car-accident\/\">Tras un accidente<\/a>, nuestro bufete explorar\u00e1 todas las v\u00edas posibles para obtener una compensaci\u00f3n por sus lesiones. Usted podr\u00eda tener derecho a una compensaci\u00f3n a trav\u00e9s de:<\/p>\n<ul>\n<li><strong>Cobertura de seguro de responsabilidad civil del conductor responsable del accidente.<\/strong> Seg\u00fan la ley estatal, C\u00f3digo de Veh\u00edculos Motorizados 46-2-706, todos los conductores de Virginia deben pagar una tarifa de $500 por veh\u00edculo motorizado sin seguro, presentar comprobante de una fianza obtenida mediante dep\u00f3sito en efectivo o valores en el DMV, obtener un certificado de autoseguro del DMV o tener un seguro de responsabilidad civil. Los l\u00edmites m\u00ednimos requeridos para la p\u00f3liza de responsabilidad civil son $25,000 por lesiones corporales o muerte de una persona; $50,000 por lesiones corporales o muerte de dos o m\u00e1s personas; y $20,000 por da\u00f1os a la propiedad.<\/li>\n<li><strong>Cobertura para conductores sin seguro o con seguro insuficiente (UM\/UIM).<\/strong> A pesar de las leyes estatales de responsabilidad financiera, el Instituto de Informaci\u00f3n de Seguros estima que el 10.1% de los conductores de Virginia no tienen seguro. Si ha resultado lesionado en un accidente causado por un conductor sin seguro de responsabilidad civil, o por un <a href=\"https:\/\/www.marksandharrison.com\/accident-attorney\/car-accidents\/hit-and-run-accidents\/\">conductor que se dio a la fuga<\/a>, podr\u00eda tener derecho a una compensaci\u00f3n bajo la cobertura para conductores sin seguro de su propia p\u00f3liza.<\/li>\n<li><strong>Incluso si el conductor que colision\u00f3 contra usted<\/strong> o caus\u00f3 su accidente cuenta con la cobertura m\u00ednima de responsabilidad civil exigida por ley, $25,000 podr\u00edan no ser suficientes para cubrir sus da\u00f1os. En ese caso, podr\u00eda tener derecho a una compensaci\u00f3n bajo su propia cobertura contra conductores con seguro insuficiente.<\/li>\n<li><strong>Otras coberturas:<\/strong> nuestros abogados expertos en accidentes revisar\u00e1n su p\u00f3liza de seguro y encontrar\u00e1n otras coberturas disponibles, como cobertura contra todo riesgo, contra colisi\u00f3n y m\u00e9dica.<\/li>\n<\/ul>\n<h2 id=\"contacto\">Contacte a un abogado especializado en accidentes de auto en Richmond despu\u00e9s de su accidente.<\/h2>\n<p>Si sufri\u00f3 lesiones en un accidente de auto en Virginia, no espere para obtener ayuda. Cuanto antes busque asistencia legal, m\u00e1s probabilidades tendr\u00e1 de obtener una compensaci\u00f3n por sus gastos m\u00e9dicos y salarios perdidos. <a href=\"https:\/\/www.marksandharrison.com\/es\/contacto\/\">Contacte<\/a> hoy mismo con los abogados especializados en accidentes de auto en Richmond de <a href=\"https:\/\/www.marksandharrison.com\/es\/sobre-marks-harrison\/\">Marks &amp; Harrison<\/a>.<\/p>\n","protected":false},"excerpt":{"rendered":"<p>Cada cuatro minutos ocurre un accidente de auto en las carreteras de nuestro estado, seg\u00fan informa la Oficina de Seguridad Vial de Virginia. En muchos casos, estos incidentes no son realmente \u201caccidentes\u201d. Son el resultado de actos negligentes e imprudentes de personas descuidadas. En Marks &amp; Harrison, nuestros abogados especializados&#8230;<\/p>\n","protected":false},"author":69,"featured_media":910406,"parent":0,"menu_order":0,"comment_status":"closed","ping_status":"closed","template":"practice-area.php","meta":{"_acf_changed":false,"footnotes":""},"class_list":["post-910405","page","type-page","status-publish","has-post-thumbnail","hentry"],"acf":[],"yoast_head":"<!-- This site is optimized with the Yoast SEO plugin v27.2 - https:\/\/yoast.com\/product\/yoast-seo-wordpress\/ -->\n<title>Abogado de Accidentes Automovil\u00edsticos en Richmond - Marks &amp; Harrison<\/title>\n<meta name=\"description\" content=\"Si result\u00f3 lesionado en un accidente automovil\u00edstico en Richmond, Virginia, no espere para obtener ayuda. P\u00f3ngase en contacto con los Abogados de Accidentes Automovil\u00edsticos en Richmond, Virginia de Marks &amp; Harrison hoy.\" \/>\n<meta name=\"robots\" content=\"index, follow, max-snippet:-1, max-image-preview:large, max-video-preview:-1\" \/>\n<link rel=\"canonical\" href=\"https:\/\/www.marksandharrison.com\/es\/accidentes-automovilisticos\/\" \/>\n<meta property=\"og:locale\" content=\"es_ES\" \/>\n<meta property=\"og:type\" content=\"article\" \/>\n<meta property=\"og:title\" content=\"Abogado de Accidentes Automovil\u00edsticos en Richmond - Marks &amp; Harrison\" \/>\n<meta property=\"og:description\" content=\"Si result\u00f3 lesionado en un accidente automovil\u00edstico en Richmond, Virginia, no espere para obtener ayuda. P\u00f3ngase en contacto con los Abogados de Accidentes Automovil\u00edsticos en Richmond, Virginia de Marks &amp; Harrison hoy.\" \/>\n<meta property=\"og:url\" content=\"https:\/\/www.marksandharrison.com\/es\/accidentes-automovilisticos\/\" \/>\n<meta property=\"og:site_name\" content=\"Marks &amp; Harrison\" \/>\n<meta property=\"article:publisher\" content=\"https:\/\/www.facebook.com\/marksandharrison\/\" \/>\n<meta property=\"article:modified_time\" content=\"2026-03-11T16:55:44+00:00\" \/>\n<meta property=\"og:image\" content=\"https:\/\/www.marksandharrison.com\/wp-content\/uploads\/2020\/04\/pa01.jpg\" \/>\n\t<meta property=\"og:image:width\" content=\"422\" \/>\n\t<meta property=\"og:image:height\" content=\"257\" \/>\n\t<meta property=\"og:image:type\" content=\"image\/jpeg\" \/>\n<meta name=\"twitter:card\" content=\"summary_large_image\" \/>\n<meta name=\"twitter:site\" content=\"@MandHLaw\" \/>\n<meta name=\"twitter:label1\" content=\"Tiempo de lectura\" \/>\n\t<meta name=\"twitter:data1\" content=\"8 minutos\" \/>\n<!-- \/ Yoast SEO plugin. -->","yoast_head_json":{"title":"Abogado de Accidentes Automovil\u00edsticos en Richmond - Marks & Harrison","description":"Si result\u00f3 lesionado en un accidente automovil\u00edstico en Richmond, Virginia, no espere para obtener ayuda. P\u00f3ngase en contacto con los Abogados de Accidentes Automovil\u00edsticos en Richmond, Virginia de Marks & Harrison hoy.","robots":{"index":"index","follow":"follow","max-snippet":"max-snippet:-1","max-image-preview":"max-image-preview:large","max-video-preview":"max-video-preview:-1"},"canonical":"https:\/\/www.marksandharrison.com\/es\/accidentes-automovilisticos\/","og_locale":"es_ES","og_type":"article","og_title":"Abogado de Accidentes Automovil\u00edsticos en Richmond - Marks & Harrison","og_description":"Si result\u00f3 lesionado en un accidente automovil\u00edstico en Richmond, Virginia, no espere para obtener ayuda. P\u00f3ngase en contacto con los Abogados de Accidentes Automovil\u00edsticos en Richmond, Virginia de Marks & Harrison hoy.","og_url":"https:\/\/www.marksandharrison.com\/es\/accidentes-automovilisticos\/","og_site_name":"Marks &amp; Harrison","article_publisher":"https:\/\/www.facebook.com\/marksandharrison\/","article_modified_time":"2026-03-11T16:55:44+00:00","og_image":[{"width":422,"height":257,"url":"https:\/\/www.marksandharrison.com\/wp-content\/uploads\/2020\/04\/pa01.jpg","type":"image\/jpeg"}],"twitter_card":"summary_large_image","twitter_site":"@MandHLaw","twitter_misc":{"Tiempo de lectura":"8 minutos"},"schema":{"@context":"https:\/\/schema.org","@graph":[{"@type":"WebPage","@id":"https:\/\/www.marksandharrison.com\/es\/accidentes-automovilisticos\/","url":"https:\/\/www.marksandharrison.com\/es\/accidentes-automovilisticos\/","name":"Abogado de Accidentes Automovil\u00edsticos en Richmond - Marks & Harrison","isPartOf":{"@id":"https:\/\/www.marksandharrison.com\/#website"},"primaryImageOfPage":{"@id":"https:\/\/www.marksandharrison.com\/es\/accidentes-automovilisticos\/#primaryimage"},"image":{"@id":"https:\/\/www.marksandharrison.com\/es\/accidentes-automovilisticos\/#primaryimage"},"thumbnailUrl":"https:\/\/www.marksandharrison.com\/wp-content\/uploads\/2020\/04\/pa01.jpg","datePublished":"2025-04-29T16:00:20+00:00","dateModified":"2026-03-11T16:55:44+00:00","description":"Si result\u00f3 lesionado en un accidente automovil\u00edstico en Richmond, Virginia, no espere para obtener ayuda. P\u00f3ngase en contacto con los Abogados de Accidentes Automovil\u00edsticos en Richmond, Virginia de Marks & Harrison hoy.","breadcrumb":{"@id":"https:\/\/www.marksandharrison.com\/es\/accidentes-automovilisticos\/#breadcrumb"},"inLanguage":"es","potentialAction":[{"@type":"ReadAction","target":["https:\/\/www.marksandharrison.com\/es\/accidentes-automovilisticos\/"]}]},{"@type":"ImageObject","inLanguage":"es","@id":"https:\/\/www.marksandharrison.com\/es\/accidentes-automovilisticos\/#primaryimage","url":"https:\/\/www.marksandharrison.com\/wp-content\/uploads\/2020\/04\/pa01.jpg","contentUrl":"https:\/\/www.marksandharrison.com\/wp-content\/uploads\/2020\/04\/pa01.jpg","width":422,"height":257,"caption":"Woman calls a Richmond car accident attorney after a car crash."},{"@type":"BreadcrumbList","@id":"https:\/\/www.marksandharrison.com\/es\/accidentes-automovilisticos\/#breadcrumb","itemListElement":[{"@type":"ListItem","position":1,"name":"Home","item":"https:\/\/www.marksandharrison.com\/es\/"},{"@type":"ListItem","position":2,"name":"Abogado de Accidentes de Auto en Richmond, Virginia"}]},{"@type":"WebSite","@id":"https:\/\/www.marksandharrison.com\/#website","url":"https:\/\/www.marksandharrison.com\/","name":"Marks &amp; Harrison","description":"","publisher":{"@id":"https:\/\/www.marksandharrison.com\/#organization"},"potentialAction":[{"@type":"SearchAction","target":{"@type":"EntryPoint","urlTemplate":"https:\/\/www.marksandharrison.com\/?s={search_term_string}"},"query-input":{"@type":"PropertyValueSpecification","valueRequired":true,"valueName":"search_term_string"}}],"inLanguage":"es"},{"@type":"Organization","@id":"https:\/\/www.marksandharrison.com\/#organization","name":"Marks & Harrison","url":"https:\/\/www.marksandharrison.com\/","logo":{"@type":"ImageObject","inLanguage":"es","@id":"https:\/\/www.marksandharrison.com\/#\/schema\/logo\/image\/","url":"https:\/\/www.marksandharrison.com\/wp-content\/uploads\/2020\/04\/logo.png","contentUrl":"https:\/\/www.marksandharrison.com\/wp-content\/uploads\/2020\/04\/logo.png","width":224,"height":83,"caption":"Marks & Harrison"},"image":{"@id":"https:\/\/www.marksandharrison.com\/#\/schema\/logo\/image\/"},"sameAs":["https:\/\/www.facebook.com\/marksandharrison\/","https:\/\/x.com\/MandHLaw","https:\/\/www.linkedin.com\/company\/marks-&amp;-harrison\/","https:\/\/www.youtube.com\/channel\/UCRi1kc4BH8gI0V9M56V6WJw"]}]}},"_links":{"self":[{"href":"https:\/\/www.marksandharrison.com\/es\/wp-json\/wp\/v2\/pages\/910405","targetHints":{"allow":["GET"]}}],"collection":[{"href":"https:\/\/www.marksandharrison.com\/es\/wp-json\/wp\/v2\/pages"}],"about":[{"href":"https:\/\/www.marksandharrison.com\/es\/wp-json\/wp\/v2\/types\/page"}],"author":[{"embeddable":true,"href":"https:\/\/www.marksandharrison.com\/es\/wp-json\/wp\/v2\/users\/69"}],"replies":[{"embeddable":true,"href":"https:\/\/www.marksandharrison.com\/es\/wp-json\/wp\/v2\/comments?post=910405"}],"version-history":[{"count":3,"href":"https:\/\/www.marksandharrison.com\/es\/wp-json\/wp\/v2\/pages\/910405\/revisions"}],"predecessor-version":[{"id":918655,"href":"https:\/\/www.marksandharrison.com\/es\/wp-json\/wp\/v2\/pages\/910405\/revisions\/918655"}],"wp:featuredmedia":[{"embeddable":true,"href":"https:\/\/www.marksandharrison.com\/es\/wp-json\/wp\/v2\/media\/910406"}],"wp:attachment":[{"href":"https:\/\/www.marksandharrison.com\/es\/wp-json\/wp\/v2\/media?parent=910405"}],"curies":[{"name":"wp","href":"https:\/\/api.w.org\/{rel}","templated":true}]}}