{"id":910375,"date":"2025-04-29T16:54:19","date_gmt":"2025-04-29T16:54:19","guid":{"rendered":"https:\/\/www.marksandharrison.com\/?page_id=910375"},"modified":"2026-03-11T16:56:29","modified_gmt":"2026-03-11T16:56:29","slug":"accidentes-de-camiones","status":"publish","type":"page","link":"https:\/\/www.marksandharrison.com\/es\/accidentes-de-camiones\/","title":{"rendered":"Abogado de Accidentes de Camiones en Richmond, Virginia"},"content":{"rendered":"<h2 id=\"accidentes\" class=\"toc-heading\"><b>Abogados de accidentes de camiones con remolque en Richmond, Virginia<\/b><\/h2>\n<p><span style=\"font-weight: 400;\">En Marks &amp; Harrison, entendemos c\u00f3mo los accidentes de camiones son diferentes a otros casos de accidentes de veh\u00edculos motorizados. Deben ser investigados inmediatamente. M\u00faltiples partes pueden tener la culpa, incluyendo compa\u00f1\u00edas extranjeras y de otros estados. Las infracciones de la industria de camiones estatales y federales tambi\u00e9n pueden estar involucradas.<\/span><\/p>\n<p><span style=\"font-weight: 400;\">Debido a estas diferencias, creemos que es importante que las v\u00edctimas de accidentes de camiones obtengan ayuda de un bufete de abogados con la habilidad, la experiencia y los recursos que exigen estos casos.<\/span><\/p>\n<p><span style=\"font-weight: 400;\">Los abogados de accidentes de camiones de <a href=\"https:\/\/www.marksandharrison.com\/es\/sobre-marks-harrison\/\">Marks &amp; Harrison<\/a> est\u00e1n listos para ayudarlo hoy. Tenemos una gran experiencia en litigios de accidentes de camiones. Uno de nuestros abogados, John C. Shea, es miembro de la Junta Asesora Nacional de la Asociaci\u00f3n de Abogados de Camiones Interestatales de Am\u00e9rica.<\/span><\/p>\n<p><span style=\"font-weight: 400;\">Marks &amp; Harrison atiende a clientes desde nuestras oficinas ubicadas en todo Virginia, incluyendo nuestra sede en Richmond. P\u00f3ngase en contacto con nuestros <a href=\"https:\/\/www.google.com\/maps?cid=4488528406236508992\">abogados de lesiones personales en Richmond<\/a> hoy para recibir una consulta gratuita y obtener m\u00e1s informaci\u00f3n sobre c\u00f3mo podemos ayudarlo.<\/span><\/p>\n<h2 id=\"camiones\" class=\"toc-heading\"><b>Abogado de accidentes de camiones en Richmond<\/b><\/h2>\n<p><span style=\"font-weight: 400;\">En la mayor\u00eda de los casos de <a href=\"https:\/\/www.marksandharrison.com\/es\/accidentes-automovilisticos\/\">accidentes automovil\u00edsticos<\/a>, solo hay dos partes involucradas: el conductor que caus\u00f3 el accidente y la v\u00edctima de la negligencia del otro conductor. Por otro lado, un caso de accidente de cami\u00f3n puede involucrar a la(s) v\u00edctima(s) y numerosas partes culpables, incluyendo:<\/span><\/p>\n<ul>\n<li style=\"font-weight: 400;\" aria-level=\"1\"><span style=\"font-weight: 400;\">El conductor de cami\u00f3n<\/span><\/li>\n<li style=\"font-weight: 400;\" aria-level=\"1\"><span style=\"font-weight: 400;\">El empleador del conductor<\/span><\/li>\n<li style=\"font-weight: 400;\" aria-level=\"1\"><span style=\"font-weight: 400;\">El(los) propietario(s) o arrendatario(s) del tractor\/cami\u00f3n<\/span><\/li>\n<li style=\"font-weight: 400;\" aria-level=\"1\"><span style=\"font-weight: 400;\">El transportista<\/span><\/li>\n<li style=\"font-weight: 400;\" aria-level=\"1\"><span style=\"font-weight: 400;\">El cargador<\/span><\/li>\n<li style=\"font-weight: 400;\" aria-level=\"1\"><span style=\"font-weight: 400;\">El corredor de carga<\/span><\/li>\n<li style=\"font-weight: 400;\" aria-level=\"1\"><span style=\"font-weight: 400;\">El mec\u00e1nico<\/span><\/li>\n<li style=\"font-weight: 400;\" aria-level=\"1\"><span style=\"font-weight: 400;\">El fabricante de camiones<\/span><\/li>\n<li style=\"font-weight: 400;\" aria-level=\"1\"><span style=\"font-weight: 400;\">La entidad gubernamental<\/span><\/li>\n<\/ul>\n<p><span style=\"font-weight: 400;\">Debido a que todas estas partes tienen intereses financieros en juego, trabajar\u00e1n agresivamente para proteger esos intereses despu\u00e9s de un choque.<\/span><\/p>\n<p><span style=\"font-weight: 400;\">Puede proteger sus derechos contratando a un abogado con experiencia tan pronto como pueda hacerlo. Si result\u00f3 lesionado o perdi\u00f3 a un ser querido en un accidente que involucr\u00f3 un cami\u00f3n con remolque (cami\u00f3n de 18 ruedas o semirremolque), Marks &amp; Harrison puede:<\/span><\/p>\n<p><span style=\"font-weight: 400;\"><strong>Llevar a cabo una investigaci\u00f3n exhaustiva y oportuna:<\/strong> podemos enviar a nuestro equipo de investigadores y expertos a la escena del accidente y tomar otras medidas para garantizar que el cami\u00f3n con remolque, los registros de mantenimiento, los registros de env\u00edo, los registros de tel\u00e9fonos celulares, los libros de registro y otras pruebas importantes no se pierdan ni sean destruidas.<\/span><\/p>\n<p><span style=\"font-weight: 400;\"><strong>Analizar la evidencia:<\/strong> podemos examinar toda la evidencia involucrada en su caso para determinar la causa de su accidente de cami\u00f3n e identificar a todas las partes que deben ser responsables. En muchos casos, un accidente de cami\u00f3n es causado por la violaci\u00f3n de las normas de la Administraci\u00f3n Federal de Seguridad de Autotransportes (FMCSA, por sus siglas en ingl\u00e9s). Nuestros abogados tienen un gran conocimiento de estas regulaciones y conocen el papel que pueden desempe\u00f1ar en su caso.<\/span><\/p>\n<p><span style=\"font-weight: 400;\"><strong>Litigar su caso:<\/strong> las partes involucradas en un accidente de cami\u00f3n a menudo se niegan a entregar informaci\u00f3n importante, como registros del conductor, libros de registro o registros de mantenimiento. Podemos presentar todas las mociones que sean necesarias para obligar a esas partes a cumplir con las solicitudes de informaci\u00f3n. Tambi\u00e9n podemos impugnar cualquier moci\u00f3n que sea perjudicial para su caso.<\/span><\/p>\n<p><span style=\"font-weight: 400;\"><strong>Buscar un acuerdo oportuno, completo y justo:<\/strong> nuestro objetivo ser\u00e1 resolver su caso de la manera m\u00e1s eficiente posible y, al mismo tiempo, obtener la m\u00e1xima compensaci\u00f3n para usted y su familia. Podemos preparar cuidadosamente su reclamo por accidente de cami\u00f3n para llegar <\/span><span style=\"font-weight: 400;\">a un acuerdo con todas las partes culpables de su accidente.<\/span><\/p>\n<p><span style=\"font-weight: 400;\">Si es necesario, llevar su caso a los tribunales: somos abogados litigantes calificados y experimentados en <a href=\"https:\/\/www.marksandharrison.com\/es\/\">Marks &amp; Harrison<\/a>. Estaremos listos para presentar una demanda en su nombre e ir a juicio para buscar una compensaci\u00f3n justa para usted.<\/span><\/p>\n<p><iframe loading=\"lazy\" style=\"border: 0;\" src=\"https:\/\/www.google.com\/maps\/embed?pb=!1m18!1m12!1m3!1d3161.0817706744783!2d-77.5464025!3d37.600234500000006!2m3!1f0!2f0!3f0!3m2!1i1024!2i768!4f13.1!3m3!1m2!1s0x89b114c4f15af799%3A0x3e4a74cde1fa3340!2sMarks%20%26%20Harrison%20-%20Personal%20Injury%20Attorney%20-%20Richmond!5e0!3m2!1sen!2sus!4v1680529458447!5m2!1sen!2sus\" width=\"600\" height=\"450\" allowfullscreen=\"allowfullscreen\"><\/iframe><\/p>\n","protected":false},"excerpt":{"rendered":"<p>Abogados de accidentes de camiones con remolque en Richmond, Virginia En Marks &amp; Harrison, entendemos c\u00f3mo los accidentes de camiones son diferentes a otros casos de accidentes de veh\u00edculos motorizados. Deben ser investigados inmediatamente. M\u00faltiples partes pueden tener la culpa, incluyendo compa\u00f1\u00edas extranjeras y de otros estados. Las infracciones de&#8230;<\/p>\n","protected":false},"author":69,"featured_media":0,"parent":0,"menu_order":0,"comment_status":"closed","ping_status":"closed","template":"practice-area.php","meta":{"_acf_changed":false,"footnotes":""},"class_list":["post-910375","page","type-page","status-publish","hentry"],"acf":[],"yoast_head":"<!-- This site is optimized with the Yoast SEO plugin v27.2 - https:\/\/yoast.com\/product\/yoast-seo-wordpress\/ -->\n<title>Abogado de Accidentes de Camiones en Richmond - Marks &amp; Harrison<\/title>\n<meta name=\"description\" content=\"Entendemos c\u00f3mo los accidentes de camiones son diferentes de otros casos de accidentes de veh\u00edculos motorizados. Los abogados de accidentes de camiones de Marks &amp; Harrison en Richmond est\u00e1n listos para ayudarlo, cont\u00e1ctenos hoy.\" \/>\n<meta name=\"robots\" content=\"index, follow, max-snippet:-1, max-image-preview:large, max-video-preview:-1\" \/>\n<link rel=\"canonical\" href=\"https:\/\/www.marksandharrison.com\/es\/accidentes-de-camiones\/\" \/>\n<meta property=\"og:locale\" content=\"es_ES\" \/>\n<meta property=\"og:type\" content=\"article\" \/>\n<meta property=\"og:title\" content=\"Abogado de Accidentes de Camiones en Richmond - Marks &amp; Harrison\" \/>\n<meta property=\"og:description\" content=\"Entendemos c\u00f3mo los accidentes de camiones son diferentes de otros casos de accidentes de veh\u00edculos motorizados. Los abogados de accidentes de camiones de Marks &amp; Harrison en Richmond est\u00e1n listos para ayudarlo, cont\u00e1ctenos hoy.\" \/>\n<meta property=\"og:url\" content=\"https:\/\/www.marksandharrison.com\/es\/accidentes-de-camiones\/\" \/>\n<meta property=\"og:site_name\" content=\"Marks &amp; Harrison\" \/>\n<meta property=\"article:publisher\" content=\"https:\/\/www.facebook.com\/marksandharrison\/\" \/>\n<meta property=\"article:modified_time\" content=\"2026-03-11T16:56:29+00:00\" \/>\n<meta name=\"twitter:card\" content=\"summary_large_image\" \/>\n<meta name=\"twitter:site\" content=\"@MandHLaw\" \/>\n<meta name=\"twitter:label1\" content=\"Tiempo de lectura\" \/>\n\t<meta name=\"twitter:data1\" content=\"3 minutos\" \/>\n<!-- \/ Yoast SEO plugin. -->","yoast_head_json":{"title":"Abogado de Accidentes de Camiones en Richmond - Marks & Harrison","description":"Entendemos c\u00f3mo los accidentes de camiones son diferentes de otros casos de accidentes de veh\u00edculos motorizados. Los abogados de accidentes de camiones de Marks & Harrison en Richmond est\u00e1n listos para ayudarlo, cont\u00e1ctenos hoy.","robots":{"index":"index","follow":"follow","max-snippet":"max-snippet:-1","max-image-preview":"max-image-preview:large","max-video-preview":"max-video-preview:-1"},"canonical":"https:\/\/www.marksandharrison.com\/es\/accidentes-de-camiones\/","og_locale":"es_ES","og_type":"article","og_title":"Abogado de Accidentes de Camiones en Richmond - Marks & Harrison","og_description":"Entendemos c\u00f3mo los accidentes de camiones son diferentes de otros casos de accidentes de veh\u00edculos motorizados. Los abogados de accidentes de camiones de Marks & Harrison en Richmond est\u00e1n listos para ayudarlo, cont\u00e1ctenos hoy.","og_url":"https:\/\/www.marksandharrison.com\/es\/accidentes-de-camiones\/","og_site_name":"Marks &amp; Harrison","article_publisher":"https:\/\/www.facebook.com\/marksandharrison\/","article_modified_time":"2026-03-11T16:56:29+00:00","twitter_card":"summary_large_image","twitter_site":"@MandHLaw","twitter_misc":{"Tiempo de lectura":"3 minutos"},"schema":{"@context":"https:\/\/schema.org","@graph":[{"@type":"WebPage","@id":"https:\/\/www.marksandharrison.com\/es\/accidentes-de-camiones\/","url":"https:\/\/www.marksandharrison.com\/es\/accidentes-de-camiones\/","name":"Abogado de Accidentes de Camiones en Richmond - Marks & Harrison","isPartOf":{"@id":"https:\/\/www.marksandharrison.com\/#website"},"datePublished":"2025-04-29T16:54:19+00:00","dateModified":"2026-03-11T16:56:29+00:00","description":"Entendemos c\u00f3mo los accidentes de camiones son diferentes de otros casos de accidentes de veh\u00edculos motorizados. Los abogados de accidentes de camiones de Marks & Harrison en Richmond est\u00e1n listos para ayudarlo, cont\u00e1ctenos hoy.","breadcrumb":{"@id":"https:\/\/www.marksandharrison.com\/es\/accidentes-de-camiones\/#breadcrumb"},"inLanguage":"es","potentialAction":[{"@type":"ReadAction","target":["https:\/\/www.marksandharrison.com\/es\/accidentes-de-camiones\/"]}]},{"@type":"BreadcrumbList","@id":"https:\/\/www.marksandharrison.com\/es\/accidentes-de-camiones\/#breadcrumb","itemListElement":[{"@type":"ListItem","position":1,"name":"Home","item":"https:\/\/www.marksandharrison.com\/es\/"},{"@type":"ListItem","position":2,"name":"Abogado de Accidentes de Camiones en Richmond, Virginia"}]},{"@type":"WebSite","@id":"https:\/\/www.marksandharrison.com\/#website","url":"https:\/\/www.marksandharrison.com\/","name":"Marks &amp; Harrison","description":"","publisher":{"@id":"https:\/\/www.marksandharrison.com\/#organization"},"potentialAction":[{"@type":"SearchAction","target":{"@type":"EntryPoint","urlTemplate":"https:\/\/www.marksandharrison.com\/?s={search_term_string}"},"query-input":{"@type":"PropertyValueSpecification","valueRequired":true,"valueName":"search_term_string"}}],"inLanguage":"es"},{"@type":"Organization","@id":"https:\/\/www.marksandharrison.com\/#organization","name":"Marks & Harrison","url":"https:\/\/www.marksandharrison.com\/","logo":{"@type":"ImageObject","inLanguage":"es","@id":"https:\/\/www.marksandharrison.com\/#\/schema\/logo\/image\/","url":"https:\/\/www.marksandharrison.com\/wp-content\/uploads\/2020\/04\/logo.png","contentUrl":"https:\/\/www.marksandharrison.com\/wp-content\/uploads\/2020\/04\/logo.png","width":224,"height":83,"caption":"Marks & Harrison"},"image":{"@id":"https:\/\/www.marksandharrison.com\/#\/schema\/logo\/image\/"},"sameAs":["https:\/\/www.facebook.com\/marksandharrison\/","https:\/\/x.com\/MandHLaw","https:\/\/www.linkedin.com\/company\/marks-&amp;-harrison\/","https:\/\/www.youtube.com\/channel\/UCRi1kc4BH8gI0V9M56V6WJw"]}]}},"_links":{"self":[{"href":"https:\/\/www.marksandharrison.com\/es\/wp-json\/wp\/v2\/pages\/910375","targetHints":{"allow":["GET"]}}],"collection":[{"href":"https:\/\/www.marksandharrison.com\/es\/wp-json\/wp\/v2\/pages"}],"about":[{"href":"https:\/\/www.marksandharrison.com\/es\/wp-json\/wp\/v2\/types\/page"}],"author":[{"embeddable":true,"href":"https:\/\/www.marksandharrison.com\/es\/wp-json\/wp\/v2\/users\/69"}],"replies":[{"embeddable":true,"href":"https:\/\/www.marksandharrison.com\/es\/wp-json\/wp\/v2\/comments?post=910375"}],"version-history":[{"count":2,"href":"https:\/\/www.marksandharrison.com\/es\/wp-json\/wp\/v2\/pages\/910375\/revisions"}],"predecessor-version":[{"id":918662,"href":"https:\/\/www.marksandharrison.com\/es\/wp-json\/wp\/v2\/pages\/910375\/revisions\/918662"}],"wp:attachment":[{"href":"https:\/\/www.marksandharrison.com\/es\/wp-json\/wp\/v2\/media?parent=910375"}],"curies":[{"name":"wp","href":"https:\/\/api.w.org\/{rel}","templated":true}]}}