{"id":894278,"date":"2025-02-24T09:32:42","date_gmt":"2025-02-24T09:32:42","guid":{"rendered":"https:\/\/www.marksandharrison.com\/?page_id=894278"},"modified":"2026-03-05T15:30:08","modified_gmt":"2026-03-05T15:30:08","slug":"daniel-e-savage","status":"publish","type":"page","link":"https:\/\/www.marksandharrison.com\/es\/nuestros-profesionales\/daniel-e-savage\/","title":{"rendered":"Daniel E. Savage"},"content":{"rendered":"<p><span style=\"font-weight: 400;\">Despu\u00e9s de obtener su licenciatura en Hamilton College, Dan se traslad\u00f3 a Virginia para cursar un Juris Doctor en la Facultad de Derecho de la Universidad de Richmond. Antes de ingresar al equipo de Marks &amp; Harrison, trabaj\u00f3 pore seis a\u00f1os en GEICO Staff Counsel, donde adquiri\u00f3 conocimiento sobre las estrategias de las aseguradoras en la gesti\u00f3n de casos. M\u00e1s recientemente, en julio de 2023, particip\u00f3 como panelista de defensa en el <\/span><i><span style=\"font-weight: 400;\">Advanced Auto Retreat<\/span><\/i><span style=\"font-weight: 400;\"> de la Virginia Trial Lawyers Association (VTLA).<\/span><\/p>\n<div align=\"center\"><img loading=\"lazy\" decoding=\"async\" class=\"size-medium wp-image-892992 alignnone\" src=\"https:\/\/www.marksandharrison.com\/wp-content\/uploads\/2025\/02\/image-28-300x300.png\" alt=\"\" width=\"300\" height=\"300\" srcset=\"https:\/\/www.marksandharrison.com\/wp-content\/uploads\/2025\/02\/image-28-300x300.png 300w, https:\/\/www.marksandharrison.com\/wp-content\/uploads\/2025\/02\/image-28-150x150.png 150w, https:\/\/www.marksandharrison.com\/wp-content\/uploads\/2025\/02\/image-28-768x768.png 768w, https:\/\/www.marksandharrison.com\/wp-content\/uploads\/2025\/02\/image-28.png 1000w\" sizes=\"auto, (max-width: 300px) 100vw, 300px\" \/><img loading=\"lazy\" decoding=\"async\" class=\"size-medium wp-image-892994 alignnone\" src=\"https:\/\/www.marksandharrison.com\/wp-content\/uploads\/2025\/02\/image-29-300x300.png\" alt=\"\" width=\"300\" height=\"300\" srcset=\"https:\/\/www.marksandharrison.com\/wp-content\/uploads\/2025\/02\/image-29-300x300.png 300w, https:\/\/www.marksandharrison.com\/wp-content\/uploads\/2025\/02\/image-29-150x150.png 150w, https:\/\/www.marksandharrison.com\/wp-content\/uploads\/2025\/02\/image-29-768x768.png 768w, https:\/\/www.marksandharrison.com\/wp-content\/uploads\/2025\/02\/image-29.png 1000w\" sizes=\"auto, (max-width: 300px) 100vw, 300px\" \/><\/div>\n<p><iframe loading=\"lazy\" title=\"YouTube video player\" src=\"https:\/\/www.youtube.com\/embed\/9i6fAYDPDC8?rel=0\" width=\"100%\" height=\"435\" frameborder=\"0\" allowfullscreen=\"allowfullscreen\" data-mce-fragment=\"1\"><span data-mce-type=\"bookmark\" style=\"display: inline-block; width: 0px; overflow: hidden; line-height: 0;\" class=\"mce_SELRES_start\">\ufeff<\/span><\/iframe><\/p>\n<h2>Casos destacados \/ Acuerdos \/ Veredictos<\/h2>\n<ul>\n<li style=\"font-weight: 400;\" aria-level=\"1\"><span style=\"font-weight: 400;\">Espectador lesionado cuando un auto de carreras perdi\u00f3 el control y se estrell\u00f3 contra las gradas \u2013 Veredicto de $300,000<\/span><\/li>\n<li style=\"font-weight: 400;\" aria-level=\"1\"><span style=\"font-weight: 400;\">Cliente lesionado tras la negligencia de un supermercado al no limpiar un derrame conocido \u2013 Acuerdo extrajudicial de $137,500<\/span><\/li>\n<\/ul>\n","protected":false},"excerpt":{"rendered":"<p>Despu\u00e9s de obtener su licenciatura en Hamilton College, Dan se traslad\u00f3 a Virginia para cursar un Juris Doctor en la Facultad de Derecho de la Universidad de Richmond. Antes de ingresar al equipo de Marks &amp; Harrison, trabaj\u00f3 pore seis a\u00f1os en GEICO Staff Counsel, donde adquiri\u00f3 conocimiento sobre las&#8230;<\/p>\n","protected":false},"author":53,"featured_media":872004,"parent":910423,"menu_order":0,"comment_status":"closed","ping_status":"closed","template":"attorney-bio.php","meta":{"_acf_changed":false,"footnotes":""},"class_list":["post-894278","page","type-page","status-publish","has-post-thumbnail","hentry"],"acf":[],"yoast_head":"<!-- This site is optimized with the Yoast SEO plugin v27.2 - https:\/\/yoast.com\/product\/yoast-seo-wordpress\/ -->\n<title>Daniel E. Savage | Marks &amp; Harrison<\/title>\n<meta name=\"description\" content=\"Conozca al abogado Daniel E. Savage que trabaja con casos de lesiones personales y obtenga la ayuda que necesita.\" \/>\n<meta name=\"robots\" content=\"index, follow, max-snippet:-1, max-image-preview:large, max-video-preview:-1\" \/>\n<link rel=\"canonical\" href=\"https:\/\/www.marksandharrison.com\/es\/nuestros-profesionales\/daniel-e-savage\/\" \/>\n<meta property=\"og:locale\" content=\"es_ES\" \/>\n<meta property=\"og:type\" content=\"article\" \/>\n<meta property=\"og:title\" content=\"Daniel E. Savage | Marks &amp; Harrison\" \/>\n<meta property=\"og:description\" content=\"Conozca al abogado Daniel E. Savage que trabaja con casos de lesiones personales y obtenga la ayuda que necesita.\" \/>\n<meta property=\"og:url\" content=\"https:\/\/www.marksandharrison.com\/es\/nuestros-profesionales\/daniel-e-savage\/\" \/>\n<meta property=\"og:site_name\" content=\"Marks &amp; Harrison\" \/>\n<meta property=\"article:publisher\" content=\"https:\/\/www.facebook.com\/marksandharrison\/\" \/>\n<meta property=\"article:modified_time\" content=\"2026-03-05T15:30:08+00:00\" \/>\n<meta property=\"og:image\" content=\"https:\/\/www.marksandharrison.com\/wp-content\/uploads\/2023\/09\/Daniel-E.-Savage-e1693949370189.jpg\" \/>\n\t<meta property=\"og:image:width\" content=\"800\" \/>\n\t<meta property=\"og:image:height\" content=\"533\" \/>\n\t<meta property=\"og:image:type\" content=\"image\/jpeg\" \/>\n<meta name=\"twitter:card\" content=\"summary_large_image\" \/>\n<meta name=\"twitter:site\" content=\"@MandHLaw\" \/>\n<meta name=\"twitter:label1\" content=\"Tiempo de lectura\" \/>\n\t<meta name=\"twitter:data1\" content=\"2 minutos\" \/>\n<!-- \/ Yoast SEO plugin. -->","yoast_head_json":{"title":"Daniel E. Savage | Marks & Harrison","description":"Conozca al abogado Daniel E. Savage que trabaja con casos de lesiones personales y obtenga la ayuda que necesita.","robots":{"index":"index","follow":"follow","max-snippet":"max-snippet:-1","max-image-preview":"max-image-preview:large","max-video-preview":"max-video-preview:-1"},"canonical":"https:\/\/www.marksandharrison.com\/es\/nuestros-profesionales\/daniel-e-savage\/","og_locale":"es_ES","og_type":"article","og_title":"Daniel E. Savage | Marks & Harrison","og_description":"Conozca al abogado Daniel E. Savage que trabaja con casos de lesiones personales y obtenga la ayuda que necesita.","og_url":"https:\/\/www.marksandharrison.com\/es\/nuestros-profesionales\/daniel-e-savage\/","og_site_name":"Marks &amp; Harrison","article_publisher":"https:\/\/www.facebook.com\/marksandharrison\/","article_modified_time":"2026-03-05T15:30:08+00:00","og_image":[{"width":800,"height":533,"url":"https:\/\/www.marksandharrison.com\/wp-content\/uploads\/2023\/09\/Daniel-E.-Savage-e1693949370189.jpg","type":"image\/jpeg"}],"twitter_card":"summary_large_image","twitter_site":"@MandHLaw","twitter_misc":{"Tiempo de lectura":"2 minutos"},"schema":{"@context":"https:\/\/schema.org","@graph":[{"@type":"WebPage","@id":"https:\/\/www.marksandharrison.com\/es\/nuestros-profesionales\/daniel-e-savage\/","url":"https:\/\/www.marksandharrison.com\/es\/nuestros-profesionales\/daniel-e-savage\/","name":"Daniel E. Savage | Marks & Harrison","isPartOf":{"@id":"https:\/\/www.marksandharrison.com\/#website"},"primaryImageOfPage":{"@id":"https:\/\/www.marksandharrison.com\/es\/nuestros-profesionales\/daniel-e-savage\/#primaryimage"},"image":{"@id":"https:\/\/www.marksandharrison.com\/es\/nuestros-profesionales\/daniel-e-savage\/#primaryimage"},"thumbnailUrl":"https:\/\/www.marksandharrison.com\/wp-content\/uploads\/2023\/09\/Daniel-E.-Savage-e1693949370189.jpg","datePublished":"2025-02-24T09:32:42+00:00","dateModified":"2026-03-05T15:30:08+00:00","description":"Conozca al abogado Daniel E. Savage que trabaja con casos de lesiones personales y obtenga la ayuda que necesita.","breadcrumb":{"@id":"https:\/\/www.marksandharrison.com\/es\/nuestros-profesionales\/daniel-e-savage\/#breadcrumb"},"inLanguage":"es","potentialAction":[{"@type":"ReadAction","target":["https:\/\/www.marksandharrison.com\/es\/nuestros-profesionales\/daniel-e-savage\/"]}]},{"@type":"ImageObject","inLanguage":"es","@id":"https:\/\/www.marksandharrison.com\/es\/nuestros-profesionales\/daniel-e-savage\/#primaryimage","url":"https:\/\/www.marksandharrison.com\/wp-content\/uploads\/2023\/09\/Daniel-E.-Savage-e1693949370189.jpg","contentUrl":"https:\/\/www.marksandharrison.com\/wp-content\/uploads\/2023\/09\/Daniel-E.-Savage-e1693949370189.jpg","width":800,"height":533,"caption":"Marks and Harrison August, 2023 Daniel Savage"},{"@type":"BreadcrumbList","@id":"https:\/\/www.marksandharrison.com\/es\/nuestros-profesionales\/daniel-e-savage\/#breadcrumb","itemListElement":[{"@type":"ListItem","position":1,"name":"Home","item":"https:\/\/www.marksandharrison.com\/es\/"},{"@type":"ListItem","position":2,"name":"Nuestros Abogados","item":"https:\/\/www.marksandharrison.com\/es\/nuestros-profesionales\/"},{"@type":"ListItem","position":3,"name":"Daniel E. Savage"}]},{"@type":"WebSite","@id":"https:\/\/www.marksandharrison.com\/#website","url":"https:\/\/www.marksandharrison.com\/","name":"Marks &amp; Harrison","description":"","publisher":{"@id":"https:\/\/www.marksandharrison.com\/#organization"},"potentialAction":[{"@type":"SearchAction","target":{"@type":"EntryPoint","urlTemplate":"https:\/\/www.marksandharrison.com\/?s={search_term_string}"},"query-input":{"@type":"PropertyValueSpecification","valueRequired":true,"valueName":"search_term_string"}}],"inLanguage":"es"},{"@type":"Organization","@id":"https:\/\/www.marksandharrison.com\/#organization","name":"Marks & Harrison","url":"https:\/\/www.marksandharrison.com\/","logo":{"@type":"ImageObject","inLanguage":"es","@id":"https:\/\/www.marksandharrison.com\/#\/schema\/logo\/image\/","url":"https:\/\/www.marksandharrison.com\/wp-content\/uploads\/2020\/04\/logo.png","contentUrl":"https:\/\/www.marksandharrison.com\/wp-content\/uploads\/2020\/04\/logo.png","width":224,"height":83,"caption":"Marks & Harrison"},"image":{"@id":"https:\/\/www.marksandharrison.com\/#\/schema\/logo\/image\/"},"sameAs":["https:\/\/www.facebook.com\/marksandharrison\/","https:\/\/x.com\/MandHLaw","https:\/\/www.linkedin.com\/company\/marks-&amp;-harrison\/","https:\/\/www.youtube.com\/channel\/UCRi1kc4BH8gI0V9M56V6WJw"]}]}},"_links":{"self":[{"href":"https:\/\/www.marksandharrison.com\/es\/wp-json\/wp\/v2\/pages\/894278","targetHints":{"allow":["GET"]}}],"collection":[{"href":"https:\/\/www.marksandharrison.com\/es\/wp-json\/wp\/v2\/pages"}],"about":[{"href":"https:\/\/www.marksandharrison.com\/es\/wp-json\/wp\/v2\/types\/page"}],"author":[{"embeddable":true,"href":"https:\/\/www.marksandharrison.com\/es\/wp-json\/wp\/v2\/users\/53"}],"replies":[{"embeddable":true,"href":"https:\/\/www.marksandharrison.com\/es\/wp-json\/wp\/v2\/comments?post=894278"}],"version-history":[{"count":4,"href":"https:\/\/www.marksandharrison.com\/es\/wp-json\/wp\/v2\/pages\/894278\/revisions"}],"predecessor-version":[{"id":908699,"href":"https:\/\/www.marksandharrison.com\/es\/wp-json\/wp\/v2\/pages\/894278\/revisions\/908699"}],"up":[{"embeddable":true,"href":"https:\/\/www.marksandharrison.com\/es\/wp-json\/wp\/v2\/pages\/910423"}],"wp:featuredmedia":[{"embeddable":true,"href":"https:\/\/www.marksandharrison.com\/es\/wp-json\/wp\/v2\/media\/872004"}],"wp:attachment":[{"href":"https:\/\/www.marksandharrison.com\/es\/wp-json\/wp\/v2\/media?parent=894278"}],"curies":[{"name":"wp","href":"https:\/\/api.w.org\/{rel}","templated":true}]}}