{"id":894265,"date":"2025-02-24T09:18:15","date_gmt":"2025-02-24T09:18:15","guid":{"rendered":"https:\/\/www.marksandharrison.com\/?page_id=894265"},"modified":"2026-03-05T15:30:02","modified_gmt":"2026-03-05T15:30:02","slug":"robin-m-nagel","status":"publish","type":"page","link":"https:\/\/www.marksandharrison.com\/es\/nuestros-profesionales\/robin-m-nagel\/","title":{"rendered":"Robin M. Nagel"},"content":{"rendered":"<p><span style=\"font-weight: 400;\">Robin Nagel ingres\u00f3 al equipo de Marks &amp; Harrison en 2022. Antes de ello, se desempe\u00f1\u00f3 como Fiscal Adjunta del Estado en la secci\u00f3n de Apelaciones Penales de la Oficina del Fiscal General de Virginia. Obtuvo su licenciatura en Seton Hall University en Nueva Jersey y su Juris Doctor en la University of Richmond School of Law. Previo a su ingreso en la Oficina del Fiscal General, Robin trabaj\u00f3 como asistente legal en el Tribunal de Circuito del Condado de Fairfax y realiz\u00f3 m\u00faltiples pasant\u00edas en diversas \u00e1reas del derecho mientras cursaba la facultad de derecho.<\/span><\/p>\n<p><iframe loading=\"lazy\" title=\"YouTube video player\" src=\"https:\/\/www.youtube.com\/embed\/FVXLUQWHrJ8?rel=0\" width=\"100%\" height=\"435\" frameborder=\"0\" allowfullscreen=\"allowfullscreen\"><span data-mce-type=\"bookmark\" style=\"display: inline-block; width: 0px; overflow: hidden; line-height: 0;\" class=\"mce_SELRES_start\">\ufeff<\/span><\/iframe><\/p>\n","protected":false},"excerpt":{"rendered":"<p>Robin Nagel ingres\u00f3 al equipo de Marks &amp; Harrison en 2022. Antes de ello, se desempe\u00f1\u00f3 como Fiscal Adjunta del Estado en la secci\u00f3n de Apelaciones Penales de la Oficina del Fiscal General de Virginia. Obtuvo su licenciatura en Seton Hall University en Nueva Jersey y su Juris Doctor en&#8230;<\/p>\n","protected":false},"author":53,"featured_media":856335,"parent":910423,"menu_order":0,"comment_status":"closed","ping_status":"closed","template":"attorney-bio.php","meta":{"_acf_changed":false,"footnotes":""},"class_list":["post-894265","page","type-page","status-publish","has-post-thumbnail","hentry"],"acf":[],"yoast_head":"<!-- This site is optimized with the Yoast SEO plugin v27.2 - https:\/\/yoast.com\/product\/yoast-seo-wordpress\/ -->\n<title>Robin M. Nagel: abogada de lesiones personales | Marks &amp; Harrison<\/title>\n<meta name=\"description\" content=\"La abogada Robin M. Nagel tiene la capacidad de tomar cualquier caso de lesiones personales y defender a sus clientes para obtener una compensaci\u00f3n.\" \/>\n<meta name=\"robots\" content=\"index, follow, max-snippet:-1, max-image-preview:large, max-video-preview:-1\" \/>\n<link rel=\"canonical\" href=\"https:\/\/www.marksandharrison.com\/es\/nuestros-profesionales\/robin-m-nagel\/\" \/>\n<meta property=\"og:locale\" content=\"es_ES\" \/>\n<meta property=\"og:type\" content=\"article\" \/>\n<meta property=\"og:title\" content=\"Robin M. Nagel: abogada de lesiones personales | Marks &amp; Harrison\" \/>\n<meta property=\"og:description\" content=\"La abogada Robin M. Nagel tiene la capacidad de tomar cualquier caso de lesiones personales y defender a sus clientes para obtener una compensaci\u00f3n.\" \/>\n<meta property=\"og:url\" content=\"https:\/\/www.marksandharrison.com\/es\/nuestros-profesionales\/robin-m-nagel\/\" \/>\n<meta property=\"og:site_name\" content=\"Marks &amp; Harrison\" \/>\n<meta property=\"article:publisher\" content=\"https:\/\/www.facebook.com\/marksandharrison\/\" \/>\n<meta property=\"article:modified_time\" content=\"2026-03-05T15:30:02+00:00\" \/>\n<meta property=\"og:image\" content=\"https:\/\/www.marksandharrison.com\/wp-content\/uploads\/2023\/01\/robin-nagel.jpg\" \/>\n\t<meta property=\"og:image:width\" content=\"360\" \/>\n\t<meta property=\"og:image:height\" content=\"266\" \/>\n\t<meta property=\"og:image:type\" content=\"image\/jpeg\" \/>\n<meta name=\"twitter:card\" content=\"summary_large_image\" \/>\n<meta name=\"twitter:site\" content=\"@MandHLaw\" \/>\n<meta name=\"twitter:label1\" content=\"Tiempo de lectura\" \/>\n\t<meta name=\"twitter:data1\" content=\"1 minuto\" \/>\n<!-- \/ Yoast SEO plugin. -->","yoast_head_json":{"title":"Robin M. Nagel: abogada de lesiones personales | Marks & Harrison","description":"La abogada Robin M. Nagel tiene la capacidad de tomar cualquier caso de lesiones personales y defender a sus clientes para obtener una compensaci\u00f3n.","robots":{"index":"index","follow":"follow","max-snippet":"max-snippet:-1","max-image-preview":"max-image-preview:large","max-video-preview":"max-video-preview:-1"},"canonical":"https:\/\/www.marksandharrison.com\/es\/nuestros-profesionales\/robin-m-nagel\/","og_locale":"es_ES","og_type":"article","og_title":"Robin M. Nagel: abogada de lesiones personales | Marks & Harrison","og_description":"La abogada Robin M. Nagel tiene la capacidad de tomar cualquier caso de lesiones personales y defender a sus clientes para obtener una compensaci\u00f3n.","og_url":"https:\/\/www.marksandharrison.com\/es\/nuestros-profesionales\/robin-m-nagel\/","og_site_name":"Marks &amp; Harrison","article_publisher":"https:\/\/www.facebook.com\/marksandharrison\/","article_modified_time":"2026-03-05T15:30:02+00:00","og_image":[{"width":360,"height":266,"url":"https:\/\/www.marksandharrison.com\/wp-content\/uploads\/2023\/01\/robin-nagel.jpg","type":"image\/jpeg"}],"twitter_card":"summary_large_image","twitter_site":"@MandHLaw","twitter_misc":{"Tiempo de lectura":"1 minuto"},"schema":{"@context":"https:\/\/schema.org","@graph":[{"@type":"WebPage","@id":"https:\/\/www.marksandharrison.com\/es\/nuestros-profesionales\/robin-m-nagel\/","url":"https:\/\/www.marksandharrison.com\/es\/nuestros-profesionales\/robin-m-nagel\/","name":"Robin M. Nagel: abogada de lesiones personales | Marks & Harrison","isPartOf":{"@id":"https:\/\/www.marksandharrison.com\/#website"},"primaryImageOfPage":{"@id":"https:\/\/www.marksandharrison.com\/es\/nuestros-profesionales\/robin-m-nagel\/#primaryimage"},"image":{"@id":"https:\/\/www.marksandharrison.com\/es\/nuestros-profesionales\/robin-m-nagel\/#primaryimage"},"thumbnailUrl":"https:\/\/www.marksandharrison.com\/wp-content\/uploads\/2023\/01\/robin-nagel.jpg","datePublished":"2025-02-24T09:18:15+00:00","dateModified":"2026-03-05T15:30:02+00:00","description":"La abogada Robin M. Nagel tiene la capacidad de tomar cualquier caso de lesiones personales y defender a sus clientes para obtener una compensaci\u00f3n.","breadcrumb":{"@id":"https:\/\/www.marksandharrison.com\/es\/nuestros-profesionales\/robin-m-nagel\/#breadcrumb"},"inLanguage":"es","potentialAction":[{"@type":"ReadAction","target":["https:\/\/www.marksandharrison.com\/es\/nuestros-profesionales\/robin-m-nagel\/"]}]},{"@type":"ImageObject","inLanguage":"es","@id":"https:\/\/www.marksandharrison.com\/es\/nuestros-profesionales\/robin-m-nagel\/#primaryimage","url":"https:\/\/www.marksandharrison.com\/wp-content\/uploads\/2023\/01\/robin-nagel.jpg","contentUrl":"https:\/\/www.marksandharrison.com\/wp-content\/uploads\/2023\/01\/robin-nagel.jpg","width":360,"height":266,"caption":"Robin M. Nagel - Attorney"},{"@type":"BreadcrumbList","@id":"https:\/\/www.marksandharrison.com\/es\/nuestros-profesionales\/robin-m-nagel\/#breadcrumb","itemListElement":[{"@type":"ListItem","position":1,"name":"Home","item":"https:\/\/www.marksandharrison.com\/es\/"},{"@type":"ListItem","position":2,"name":"Nuestros Abogados","item":"https:\/\/www.marksandharrison.com\/es\/nuestros-profesionales\/"},{"@type":"ListItem","position":3,"name":"Robin M. Nagel"}]},{"@type":"WebSite","@id":"https:\/\/www.marksandharrison.com\/#website","url":"https:\/\/www.marksandharrison.com\/","name":"Marks &amp; Harrison","description":"","publisher":{"@id":"https:\/\/www.marksandharrison.com\/#organization"},"potentialAction":[{"@type":"SearchAction","target":{"@type":"EntryPoint","urlTemplate":"https:\/\/www.marksandharrison.com\/?s={search_term_string}"},"query-input":{"@type":"PropertyValueSpecification","valueRequired":true,"valueName":"search_term_string"}}],"inLanguage":"es"},{"@type":"Organization","@id":"https:\/\/www.marksandharrison.com\/#organization","name":"Marks & Harrison","url":"https:\/\/www.marksandharrison.com\/","logo":{"@type":"ImageObject","inLanguage":"es","@id":"https:\/\/www.marksandharrison.com\/#\/schema\/logo\/image\/","url":"https:\/\/www.marksandharrison.com\/wp-content\/uploads\/2020\/04\/logo.png","contentUrl":"https:\/\/www.marksandharrison.com\/wp-content\/uploads\/2020\/04\/logo.png","width":224,"height":83,"caption":"Marks & Harrison"},"image":{"@id":"https:\/\/www.marksandharrison.com\/#\/schema\/logo\/image\/"},"sameAs":["https:\/\/www.facebook.com\/marksandharrison\/","https:\/\/x.com\/MandHLaw","https:\/\/www.linkedin.com\/company\/marks-&amp;-harrison\/","https:\/\/www.youtube.com\/channel\/UCRi1kc4BH8gI0V9M56V6WJw"]}]}},"_links":{"self":[{"href":"https:\/\/www.marksandharrison.com\/es\/wp-json\/wp\/v2\/pages\/894265","targetHints":{"allow":["GET"]}}],"collection":[{"href":"https:\/\/www.marksandharrison.com\/es\/wp-json\/wp\/v2\/pages"}],"about":[{"href":"https:\/\/www.marksandharrison.com\/es\/wp-json\/wp\/v2\/types\/page"}],"author":[{"embeddable":true,"href":"https:\/\/www.marksandharrison.com\/es\/wp-json\/wp\/v2\/users\/53"}],"replies":[{"embeddable":true,"href":"https:\/\/www.marksandharrison.com\/es\/wp-json\/wp\/v2\/comments?post=894265"}],"version-history":[{"count":4,"href":"https:\/\/www.marksandharrison.com\/es\/wp-json\/wp\/v2\/pages\/894265\/revisions"}],"predecessor-version":[{"id":908691,"href":"https:\/\/www.marksandharrison.com\/es\/wp-json\/wp\/v2\/pages\/894265\/revisions\/908691"}],"up":[{"embeddable":true,"href":"https:\/\/www.marksandharrison.com\/es\/wp-json\/wp\/v2\/pages\/910423"}],"wp:featuredmedia":[{"embeddable":true,"href":"https:\/\/www.marksandharrison.com\/es\/wp-json\/wp\/v2\/media\/856335"}],"wp:attachment":[{"href":"https:\/\/www.marksandharrison.com\/es\/wp-json\/wp\/v2\/media?parent=894265"}],"curies":[{"name":"wp","href":"https:\/\/api.w.org\/{rel}","templated":true}]}}