{"id":894247,"date":"2025-02-24T08:52:31","date_gmt":"2025-02-24T08:52:31","guid":{"rendered":"https:\/\/www.marksandharrison.com\/?page_id=894247"},"modified":"2026-03-05T15:26:27","modified_gmt":"2026-03-05T15:26:27","slug":"bryan-l-meadows","status":"publish","type":"page","link":"https:\/\/www.marksandharrison.com\/es\/nuestros-profesionales\/bryan-l-meadows\/","title":{"rendered":"Bryan L. Meadows"},"content":{"rendered":"<p><span style=\"font-weight: 400;\">Bryan es egresado de la <\/span><a href=\"https:\/\/cnu.edu\/\"><span style=\"font-weight: 400;\">Universidad Christopher Newport<\/span><\/a><span style=\"font-weight: 400;\">, donde se especializ\u00f3 en Administraci\u00f3n Gubernamental. Posteriormente, obtuvo su t\u00edtulo de abogado en la <\/span><a href=\"https:\/\/dickinsonlaw.psu.edu\/\"><span style=\"font-weight: 400;\">Escuela de Leyes Dickinson de la Universidad Estatal de Pensilvania<\/span><\/a><span style=\"font-weight: 400;\">. Antes de ingresar al equipo de Marks &amp; Harrison, Bryan fue el Abogado Gerente del Staff Counsel de GEICO en Roanoke, Virginia. Actualmente, es el Abogado Gerente de la oficina de <\/span><a href=\"https:\/\/www.marksandharrison.com\/our-locations\/fredericksburg-office\/\"><span style=\"font-weight: 400;\">Marks &amp; Harrison en Fredericksburg<\/span><\/a><span style=\"font-weight: 400;\">.<\/span><\/p>\n<p><iframe loading=\"lazy\" title=\"YouTube video player\" src=\"https:\/\/www.youtube.com\/embed\/TL97HTfZDhU?rel=0\" width=\"100%\" height=\"435\" frameborder=\"0\" allowfullscreen=\"allowfullscreen\" data-mce-fragment=\"1\"><span data-mce-type=\"bookmark\" style=\"display: inline-block; width: 0px; overflow: hidden; line-height: 0;\" class=\"mce_SELRES_start\">\ufeff<\/span><\/iframe><\/p>\n<h2>Casos interesantes \/ acuerdos \/ veredictos<\/h2>\n<ul>\n<li style=\"font-weight: 400;\" aria-level=\"1\"><span style=\"font-weight: 400;\">Accidente con cami\u00f3n volcado: una mujer de 64 a\u00f1os falleci\u00f3 en el condado de Caroline, Virginia. Resoluci\u00f3n: $1,103,679.93.<\/span><\/li>\n<li style=\"font-weight: 400;\" aria-level=\"1\"><span style=\"font-weight: 400;\">Fractura conminuta en el brazo superior: requiri\u00f3 reemplazo de hombro tras un choque lateral en el condado de Culpeper, Virginia. Resoluci\u00f3n: $395,000.00.<\/span><\/li>\n<li style=\"font-weight: 400;\" aria-level=\"1\"><span style=\"font-weight: 400;\">Cirug\u00eda de laminectom\u00eda lumbar y liberaci\u00f3n del nervio cubital: tras una colisi\u00f3n con cami\u00f3n comercial en el condado de Westmoreland, Virginia. Resoluci\u00f3n: $725,000.<\/span><\/li>\n<li style=\"font-weight: 400;\" aria-level=\"1\"><a href=\"https:\/\/www.marksandharrison.com\/traumatic-brain-injury\/\"><span style=\"font-weight: 400;\">Lesi\u00f3n cerebral traum\u00e1tica<\/span><\/a><span style=\"font-weight: 400;\"> leve, TEPT y fractura de mu\u00f1eca izquierda: causados por un accidente con un tr\u00e1iler en la salida de la Interestatal 95 en Fairfax, Virginia. Resoluci\u00f3n: $600,000.00.<\/span><\/li>\n<li style=\"font-weight: 400;\" aria-level=\"1\"><span style=\"font-weight: 400;\">Mordida de perro: mujer joven atacada por un pastor belga malinois. Resoluci\u00f3n: $225,000.00.<\/span><\/li>\n<li style=\"font-weight: 400;\" aria-level=\"1\"><span style=\"font-weight: 400;\">Lesi\u00f3n de hombro con cirug\u00eda requerida: ocasionada por un choque entre tr\u00e1ileres en la Interestatal 295 en el condado de Prince George. Resoluci\u00f3n: $660,000.00.<\/span><\/li>\n<\/ul>\n","protected":false},"excerpt":{"rendered":"<p>Bryan es egresado de la Universidad Christopher Newport, donde se especializ\u00f3 en Administraci\u00f3n Gubernamental. Posteriormente, obtuvo su t\u00edtulo de abogado en la Escuela de Leyes Dickinson de la Universidad Estatal de Pensilvania. Antes de ingresar al equipo de Marks &amp; Harrison, Bryan fue el Abogado Gerente del Staff Counsel de&#8230;<\/p>\n","protected":false},"author":53,"featured_media":796422,"parent":910423,"menu_order":0,"comment_status":"closed","ping_status":"closed","template":"attorney-bio.php","meta":{"_acf_changed":false,"footnotes":""},"class_list":["post-894247","page","type-page","status-publish","has-post-thumbnail","hentry"],"acf":[],"yoast_head":"<!-- This site is optimized with the Yoast SEO plugin v27.2 - https:\/\/yoast.com\/product\/yoast-seo-wordpress\/ -->\n<title>Bryan L. Meadows | Marks &amp; Harrison<\/title>\n<meta name=\"description\" content=\"Bryan L. Meadows es un abogado especializado en lesiones personales que cuenta con amplia experiencia en casos de accidentes de camiones, lesiones graves y muerte por negligencia.\" \/>\n<meta name=\"robots\" content=\"index, follow, max-snippet:-1, max-image-preview:large, max-video-preview:-1\" \/>\n<link rel=\"canonical\" href=\"https:\/\/www.marksandharrison.com\/es\/nuestros-profesionales\/bryan-l-meadows\/\" \/>\n<meta property=\"og:locale\" content=\"es_ES\" \/>\n<meta property=\"og:type\" content=\"article\" \/>\n<meta property=\"og:title\" content=\"Bryan L. Meadows | Marks &amp; Harrison\" \/>\n<meta property=\"og:description\" content=\"Bryan L. Meadows es un abogado especializado en lesiones personales que cuenta con amplia experiencia en casos de accidentes de camiones, lesiones graves y muerte por negligencia.\" \/>\n<meta property=\"og:url\" content=\"https:\/\/www.marksandharrison.com\/es\/nuestros-profesionales\/bryan-l-meadows\/\" \/>\n<meta property=\"og:site_name\" content=\"Marks &amp; Harrison\" \/>\n<meta property=\"article:publisher\" content=\"https:\/\/www.facebook.com\/marksandharrison\/\" \/>\n<meta property=\"article:modified_time\" content=\"2026-03-05T15:26:27+00:00\" \/>\n<meta property=\"og:image\" content=\"https:\/\/www.marksandharrison.com\/wp-content\/uploads\/2020\/05\/bryan-meadows.jpg\" \/>\n\t<meta property=\"og:image:width\" content=\"360\" \/>\n\t<meta property=\"og:image:height\" content=\"266\" \/>\n\t<meta property=\"og:image:type\" content=\"image\/jpeg\" \/>\n<meta name=\"twitter:card\" content=\"summary_large_image\" \/>\n<meta name=\"twitter:site\" content=\"@MandHLaw\" \/>\n<meta name=\"twitter:label1\" content=\"Tiempo de lectura\" \/>\n\t<meta name=\"twitter:data1\" content=\"2 minutos\" \/>\n<!-- \/ Yoast SEO plugin. -->","yoast_head_json":{"title":"Bryan L. Meadows | Marks & Harrison","description":"Bryan L. Meadows es un abogado especializado en lesiones personales que cuenta con amplia experiencia en casos de accidentes de camiones, lesiones graves y muerte por negligencia.","robots":{"index":"index","follow":"follow","max-snippet":"max-snippet:-1","max-image-preview":"max-image-preview:large","max-video-preview":"max-video-preview:-1"},"canonical":"https:\/\/www.marksandharrison.com\/es\/nuestros-profesionales\/bryan-l-meadows\/","og_locale":"es_ES","og_type":"article","og_title":"Bryan L. Meadows | Marks & Harrison","og_description":"Bryan L. Meadows es un abogado especializado en lesiones personales que cuenta con amplia experiencia en casos de accidentes de camiones, lesiones graves y muerte por negligencia.","og_url":"https:\/\/www.marksandharrison.com\/es\/nuestros-profesionales\/bryan-l-meadows\/","og_site_name":"Marks &amp; Harrison","article_publisher":"https:\/\/www.facebook.com\/marksandharrison\/","article_modified_time":"2026-03-05T15:26:27+00:00","og_image":[{"width":360,"height":266,"url":"https:\/\/www.marksandharrison.com\/wp-content\/uploads\/2020\/05\/bryan-meadows.jpg","type":"image\/jpeg"}],"twitter_card":"summary_large_image","twitter_site":"@MandHLaw","twitter_misc":{"Tiempo de lectura":"2 minutos"},"schema":{"@context":"https:\/\/schema.org","@graph":[{"@type":"WebPage","@id":"https:\/\/www.marksandharrison.com\/es\/nuestros-profesionales\/bryan-l-meadows\/","url":"https:\/\/www.marksandharrison.com\/es\/nuestros-profesionales\/bryan-l-meadows\/","name":"Bryan L. Meadows | Marks & Harrison","isPartOf":{"@id":"https:\/\/www.marksandharrison.com\/#website"},"primaryImageOfPage":{"@id":"https:\/\/www.marksandharrison.com\/es\/nuestros-profesionales\/bryan-l-meadows\/#primaryimage"},"image":{"@id":"https:\/\/www.marksandharrison.com\/es\/nuestros-profesionales\/bryan-l-meadows\/#primaryimage"},"thumbnailUrl":"https:\/\/www.marksandharrison.com\/wp-content\/uploads\/2020\/05\/bryan-meadows.jpg","datePublished":"2025-02-24T08:52:31+00:00","dateModified":"2026-03-05T15:26:27+00:00","description":"Bryan L. Meadows es un abogado especializado en lesiones personales que cuenta con amplia experiencia en casos de accidentes de camiones, lesiones graves y muerte por negligencia.","breadcrumb":{"@id":"https:\/\/www.marksandharrison.com\/es\/nuestros-profesionales\/bryan-l-meadows\/#breadcrumb"},"inLanguage":"es","potentialAction":[{"@type":"ReadAction","target":["https:\/\/www.marksandharrison.com\/es\/nuestros-profesionales\/bryan-l-meadows\/"]}]},{"@type":"ImageObject","inLanguage":"es","@id":"https:\/\/www.marksandharrison.com\/es\/nuestros-profesionales\/bryan-l-meadows\/#primaryimage","url":"https:\/\/www.marksandharrison.com\/wp-content\/uploads\/2020\/05\/bryan-meadows.jpg","contentUrl":"https:\/\/www.marksandharrison.com\/wp-content\/uploads\/2020\/05\/bryan-meadows.jpg","width":360,"height":266,"caption":"Bryan L. Meadows - Attorney"},{"@type":"BreadcrumbList","@id":"https:\/\/www.marksandharrison.com\/es\/nuestros-profesionales\/bryan-l-meadows\/#breadcrumb","itemListElement":[{"@type":"ListItem","position":1,"name":"Home","item":"https:\/\/www.marksandharrison.com\/es\/"},{"@type":"ListItem","position":2,"name":"Nuestros Abogados","item":"https:\/\/www.marksandharrison.com\/es\/nuestros-profesionales\/"},{"@type":"ListItem","position":3,"name":"Bryan L. Meadows"}]},{"@type":"WebSite","@id":"https:\/\/www.marksandharrison.com\/#website","url":"https:\/\/www.marksandharrison.com\/","name":"Marks &amp; Harrison","description":"","publisher":{"@id":"https:\/\/www.marksandharrison.com\/#organization"},"potentialAction":[{"@type":"SearchAction","target":{"@type":"EntryPoint","urlTemplate":"https:\/\/www.marksandharrison.com\/?s={search_term_string}"},"query-input":{"@type":"PropertyValueSpecification","valueRequired":true,"valueName":"search_term_string"}}],"inLanguage":"es"},{"@type":"Organization","@id":"https:\/\/www.marksandharrison.com\/#organization","name":"Marks & Harrison","url":"https:\/\/www.marksandharrison.com\/","logo":{"@type":"ImageObject","inLanguage":"es","@id":"https:\/\/www.marksandharrison.com\/#\/schema\/logo\/image\/","url":"https:\/\/www.marksandharrison.com\/wp-content\/uploads\/2020\/04\/logo.png","contentUrl":"https:\/\/www.marksandharrison.com\/wp-content\/uploads\/2020\/04\/logo.png","width":224,"height":83,"caption":"Marks & Harrison"},"image":{"@id":"https:\/\/www.marksandharrison.com\/#\/schema\/logo\/image\/"},"sameAs":["https:\/\/www.facebook.com\/marksandharrison\/","https:\/\/x.com\/MandHLaw","https:\/\/www.linkedin.com\/company\/marks-&amp;-harrison\/","https:\/\/www.youtube.com\/channel\/UCRi1kc4BH8gI0V9M56V6WJw"]}]}},"_links":{"self":[{"href":"https:\/\/www.marksandharrison.com\/es\/wp-json\/wp\/v2\/pages\/894247","targetHints":{"allow":["GET"]}}],"collection":[{"href":"https:\/\/www.marksandharrison.com\/es\/wp-json\/wp\/v2\/pages"}],"about":[{"href":"https:\/\/www.marksandharrison.com\/es\/wp-json\/wp\/v2\/types\/page"}],"author":[{"embeddable":true,"href":"https:\/\/www.marksandharrison.com\/es\/wp-json\/wp\/v2\/users\/53"}],"replies":[{"embeddable":true,"href":"https:\/\/www.marksandharrison.com\/es\/wp-json\/wp\/v2\/comments?post=894247"}],"version-history":[{"count":4,"href":"https:\/\/www.marksandharrison.com\/es\/wp-json\/wp\/v2\/pages\/894247\/revisions"}],"predecessor-version":[{"id":908684,"href":"https:\/\/www.marksandharrison.com\/es\/wp-json\/wp\/v2\/pages\/894247\/revisions\/908684"}],"up":[{"embeddable":true,"href":"https:\/\/www.marksandharrison.com\/es\/wp-json\/wp\/v2\/pages\/910423"}],"wp:featuredmedia":[{"embeddable":true,"href":"https:\/\/www.marksandharrison.com\/es\/wp-json\/wp\/v2\/media\/796422"}],"wp:attachment":[{"href":"https:\/\/www.marksandharrison.com\/es\/wp-json\/wp\/v2\/media?parent=894247"}],"curies":[{"name":"wp","href":"https:\/\/api.w.org\/{rel}","templated":true}]}}