{"id":894235,"date":"2025-02-24T08:25:43","date_gmt":"2025-02-24T08:25:43","guid":{"rendered":"https:\/\/www.marksandharrison.com\/?page_id=894235"},"modified":"2026-03-05T15:26:23","modified_gmt":"2026-03-05T15:26:23","slug":"kevin-m-mcgowan","status":"publish","type":"page","link":"https:\/\/www.marksandharrison.com\/es\/nuestros-profesionales\/kevin-m-mcgowan\/","title":{"rendered":"Kevin M. McGowan"},"content":{"rendered":"<p><span style=\"font-weight: 400;\">Kevin M. McGowan ha ejercido la abogac\u00eda desde 1978, acumulando d\u00e9cadas de experiencia en el campo legal.\u00a0<\/span><\/p>\n<p><span style=\"font-weight: 400;\">Recibi\u00f3 su t\u00edtulo en 1978 de la <\/span><a href=\"https:\/\/www.law.virginia.edu\/\"><span style=\"font-weight: 400;\">Facultad de Derecho de la Universidad de Virginia<\/span><\/a><span style=\"font-weight: 400;\"> despu\u00e9s de graduarse de <\/span><a href=\"https:\/\/www.belmontabbeycollege.edu\/\"><span style=\"font-weight: 400;\">Belmont Abbey College<\/span><\/a><span style=\"font-weight: 400;\"> (Magna Cum Laude) y actualmente es un abogado de Marks &amp; Harrison, una de las <\/span><a href=\"https:\/\/www.marksandharrison.com\/es\/\"><span style=\"font-weight: 400;\">mayores empresas de lesiones personales<\/span><\/a><span style=\"font-weight: 400;\"> en Virginia. Se concentra en lesiones personales.<\/span><\/p>\n","protected":false},"excerpt":{"rendered":"<p>Kevin M. McGowan ha ejercido la abogac\u00eda desde 1978, acumulando d\u00e9cadas de experiencia en el campo legal.\u00a0 Recibi\u00f3 su t\u00edtulo en 1978 de la Facultad de Derecho de la Universidad de Virginia despu\u00e9s de graduarse de Belmont Abbey College (Magna Cum Laude) y actualmente es un abogado de Marks &amp;&#8230;<\/p>\n","protected":false},"author":53,"featured_media":796466,"parent":910423,"menu_order":0,"comment_status":"closed","ping_status":"closed","template":"attorney-bio.php","meta":{"_acf_changed":false,"footnotes":""},"class_list":["post-894235","page","type-page","status-publish","has-post-thumbnail","hentry"],"acf":[],"yoast_head":"<!-- This site is optimized with the Yoast SEO plugin v27.2 - https:\/\/yoast.com\/product\/yoast-seo-wordpress\/ -->\n<title>Abogado de lesiones personales Kevin M. McGowan | Marks &amp; Harrison<\/title>\n<meta name=\"description\" content=\"Conozca a Kevin M. McGowan, abogado de lesiones personales titulado por la Universidad de Virginia. Kevin puede ayudarle a enfrentar sus problemas legales.\" \/>\n<meta name=\"robots\" content=\"index, follow, max-snippet:-1, max-image-preview:large, max-video-preview:-1\" \/>\n<link rel=\"canonical\" href=\"https:\/\/www.marksandharrison.com\/es\/nuestros-profesionales\/kevin-m-mcgowan\/\" \/>\n<meta property=\"og:locale\" content=\"es_ES\" \/>\n<meta property=\"og:type\" content=\"article\" \/>\n<meta property=\"og:title\" content=\"Abogado de lesiones personales Kevin M. McGowan | Marks &amp; Harrison\" \/>\n<meta property=\"og:description\" content=\"Conozca a Kevin M. McGowan, abogado de lesiones personales titulado por la Universidad de Virginia. Kevin puede ayudarle a enfrentar sus problemas legales.\" \/>\n<meta property=\"og:url\" content=\"https:\/\/www.marksandharrison.com\/es\/nuestros-profesionales\/kevin-m-mcgowan\/\" \/>\n<meta property=\"og:site_name\" content=\"Marks &amp; Harrison\" \/>\n<meta property=\"article:publisher\" content=\"https:\/\/www.facebook.com\/marksandharrison\/\" \/>\n<meta property=\"article:modified_time\" content=\"2026-03-05T15:26:23+00:00\" \/>\n<meta property=\"og:image\" content=\"https:\/\/www.marksandharrison.com\/wp-content\/uploads\/2020\/05\/kevin-mcgowan.jpg\" \/>\n\t<meta property=\"og:image:width\" content=\"360\" \/>\n\t<meta property=\"og:image:height\" content=\"266\" \/>\n\t<meta property=\"og:image:type\" content=\"image\/jpeg\" \/>\n<meta name=\"twitter:card\" content=\"summary_large_image\" \/>\n<meta name=\"twitter:site\" content=\"@MandHLaw\" \/>\n<meta name=\"twitter:label1\" content=\"Tiempo de lectura\" \/>\n\t<meta name=\"twitter:data1\" content=\"1 minuto\" \/>\n<!-- \/ Yoast SEO plugin. -->","yoast_head_json":{"title":"Abogado de lesiones personales Kevin M. McGowan | Marks & Harrison","description":"Conozca a Kevin M. McGowan, abogado de lesiones personales titulado por la Universidad de Virginia. Kevin puede ayudarle a enfrentar sus problemas legales.","robots":{"index":"index","follow":"follow","max-snippet":"max-snippet:-1","max-image-preview":"max-image-preview:large","max-video-preview":"max-video-preview:-1"},"canonical":"https:\/\/www.marksandharrison.com\/es\/nuestros-profesionales\/kevin-m-mcgowan\/","og_locale":"es_ES","og_type":"article","og_title":"Abogado de lesiones personales Kevin M. McGowan | Marks & Harrison","og_description":"Conozca a Kevin M. McGowan, abogado de lesiones personales titulado por la Universidad de Virginia. Kevin puede ayudarle a enfrentar sus problemas legales.","og_url":"https:\/\/www.marksandharrison.com\/es\/nuestros-profesionales\/kevin-m-mcgowan\/","og_site_name":"Marks &amp; Harrison","article_publisher":"https:\/\/www.facebook.com\/marksandharrison\/","article_modified_time":"2026-03-05T15:26:23+00:00","og_image":[{"width":360,"height":266,"url":"https:\/\/www.marksandharrison.com\/wp-content\/uploads\/2020\/05\/kevin-mcgowan.jpg","type":"image\/jpeg"}],"twitter_card":"summary_large_image","twitter_site":"@MandHLaw","twitter_misc":{"Tiempo de lectura":"1 minuto"},"schema":{"@context":"https:\/\/schema.org","@graph":[{"@type":"WebPage","@id":"https:\/\/www.marksandharrison.com\/es\/nuestros-profesionales\/kevin-m-mcgowan\/","url":"https:\/\/www.marksandharrison.com\/es\/nuestros-profesionales\/kevin-m-mcgowan\/","name":"Abogado de lesiones personales Kevin M. McGowan | Marks & Harrison","isPartOf":{"@id":"https:\/\/www.marksandharrison.com\/#website"},"primaryImageOfPage":{"@id":"https:\/\/www.marksandharrison.com\/es\/nuestros-profesionales\/kevin-m-mcgowan\/#primaryimage"},"image":{"@id":"https:\/\/www.marksandharrison.com\/es\/nuestros-profesionales\/kevin-m-mcgowan\/#primaryimage"},"thumbnailUrl":"https:\/\/www.marksandharrison.com\/wp-content\/uploads\/2020\/05\/kevin-mcgowan.jpg","datePublished":"2025-02-24T08:25:43+00:00","dateModified":"2026-03-05T15:26:23+00:00","description":"Conozca a Kevin M. McGowan, abogado de lesiones personales titulado por la Universidad de Virginia. Kevin puede ayudarle a enfrentar sus problemas legales.","breadcrumb":{"@id":"https:\/\/www.marksandharrison.com\/es\/nuestros-profesionales\/kevin-m-mcgowan\/#breadcrumb"},"inLanguage":"es","potentialAction":[{"@type":"ReadAction","target":["https:\/\/www.marksandharrison.com\/es\/nuestros-profesionales\/kevin-m-mcgowan\/"]}]},{"@type":"ImageObject","inLanguage":"es","@id":"https:\/\/www.marksandharrison.com\/es\/nuestros-profesionales\/kevin-m-mcgowan\/#primaryimage","url":"https:\/\/www.marksandharrison.com\/wp-content\/uploads\/2020\/05\/kevin-mcgowan.jpg","contentUrl":"https:\/\/www.marksandharrison.com\/wp-content\/uploads\/2020\/05\/kevin-mcgowan.jpg","width":360,"height":266,"caption":"Kevin M. McGowan - Attorney"},{"@type":"BreadcrumbList","@id":"https:\/\/www.marksandharrison.com\/es\/nuestros-profesionales\/kevin-m-mcgowan\/#breadcrumb","itemListElement":[{"@type":"ListItem","position":1,"name":"Home","item":"https:\/\/www.marksandharrison.com\/es\/"},{"@type":"ListItem","position":2,"name":"Nuestros Abogados","item":"https:\/\/www.marksandharrison.com\/es\/nuestros-profesionales\/"},{"@type":"ListItem","position":3,"name":"Kevin M. McGowan"}]},{"@type":"WebSite","@id":"https:\/\/www.marksandharrison.com\/#website","url":"https:\/\/www.marksandharrison.com\/","name":"Marks &amp; Harrison","description":"","publisher":{"@id":"https:\/\/www.marksandharrison.com\/#organization"},"potentialAction":[{"@type":"SearchAction","target":{"@type":"EntryPoint","urlTemplate":"https:\/\/www.marksandharrison.com\/?s={search_term_string}"},"query-input":{"@type":"PropertyValueSpecification","valueRequired":true,"valueName":"search_term_string"}}],"inLanguage":"es"},{"@type":"Organization","@id":"https:\/\/www.marksandharrison.com\/#organization","name":"Marks & Harrison","url":"https:\/\/www.marksandharrison.com\/","logo":{"@type":"ImageObject","inLanguage":"es","@id":"https:\/\/www.marksandharrison.com\/#\/schema\/logo\/image\/","url":"https:\/\/www.marksandharrison.com\/wp-content\/uploads\/2020\/04\/logo.png","contentUrl":"https:\/\/www.marksandharrison.com\/wp-content\/uploads\/2020\/04\/logo.png","width":224,"height":83,"caption":"Marks & Harrison"},"image":{"@id":"https:\/\/www.marksandharrison.com\/#\/schema\/logo\/image\/"},"sameAs":["https:\/\/www.facebook.com\/marksandharrison\/","https:\/\/x.com\/MandHLaw","https:\/\/www.linkedin.com\/company\/marks-&amp;-harrison\/","https:\/\/www.youtube.com\/channel\/UCRi1kc4BH8gI0V9M56V6WJw"]}]}},"_links":{"self":[{"href":"https:\/\/www.marksandharrison.com\/es\/wp-json\/wp\/v2\/pages\/894235","targetHints":{"allow":["GET"]}}],"collection":[{"href":"https:\/\/www.marksandharrison.com\/es\/wp-json\/wp\/v2\/pages"}],"about":[{"href":"https:\/\/www.marksandharrison.com\/es\/wp-json\/wp\/v2\/types\/page"}],"author":[{"embeddable":true,"href":"https:\/\/www.marksandharrison.com\/es\/wp-json\/wp\/v2\/users\/53"}],"replies":[{"embeddable":true,"href":"https:\/\/www.marksandharrison.com\/es\/wp-json\/wp\/v2\/comments?post=894235"}],"version-history":[{"count":3,"href":"https:\/\/www.marksandharrison.com\/es\/wp-json\/wp\/v2\/pages\/894235\/revisions"}],"predecessor-version":[{"id":908677,"href":"https:\/\/www.marksandharrison.com\/es\/wp-json\/wp\/v2\/pages\/894235\/revisions\/908677"}],"up":[{"embeddable":true,"href":"https:\/\/www.marksandharrison.com\/es\/wp-json\/wp\/v2\/pages\/910423"}],"wp:featuredmedia":[{"embeddable":true,"href":"https:\/\/www.marksandharrison.com\/es\/wp-json\/wp\/v2\/media\/796466"}],"wp:attachment":[{"href":"https:\/\/www.marksandharrison.com\/es\/wp-json\/wp\/v2\/media?parent=894235"}],"curies":[{"name":"wp","href":"https:\/\/api.w.org\/{rel}","templated":true}]}}