{"id":894041,"date":"2025-02-20T13:24:13","date_gmt":"2025-02-20T13:24:13","guid":{"rendered":"https:\/\/www.marksandharrison.com\/?page_id=894041"},"modified":"2026-03-05T15:26:06","modified_gmt":"2026-03-05T15:26:06","slug":"james-a-mccauley","status":"publish","type":"page","link":"https:\/\/www.marksandharrison.com\/es\/nuestros-profesionales\/james-a-mccauley\/","title":{"rendered":"James A. McCauley"},"content":{"rendered":"<p><span style=\"font-weight: 400;\">Jim centra su pr\u00e1ctica exclusivamente en la representaci\u00f3n de personas lesionadas.<\/span><\/p>\n<p><span style=\"font-weight: 400;\">Despu\u00e9s de graduarse de la Universidad de Maryland, trabaj\u00f3 como escritor para el peri\u00f3dico Washington Star antes de obtener su t\u00edtulo en derecho en la Facultad de Derecho de la Universidad de Richmond. Actualmente, se desempe\u00f1a como Secretario del bufete.<\/span><\/p>\n<p><span style=\"font-weight: 400;\">Durante los \u00faltimos 35 a\u00f1os, Jim ha estado profundamente comprometido con los servicios legales pro bono en la regi\u00f3n central de Virginia.<\/span><\/p>\n<p><span style=\"font-weight: 400;\">Fue presidente de la Junta Directiva de <\/span><i><span style=\"font-weight: 400;\">Southside Virginia Legal Services<\/span><\/i><span style=\"font-weight: 400;\">, donde sirvi\u00f3 durante 13 a\u00f1os. En 2001, se uni\u00f3 a la Junta Directiva de la <\/span><i><span style=\"font-weight: 400;\">Central Virginia Legal Aid Society<\/span><\/i><span style=\"font-weight: 400;\">, desempe\u00f1ando dos mandatos como presidente y permaneciendo como miembro activo en la actualidad. Adem\u00e1s, entre 2009 y 2019, form\u00f3 parte de la Junta Directiva del <\/span><i><span style=\"font-weight: 400;\">Legal Aid Justice Center<\/span><\/i><span style=\"font-weight: 400;\">.<\/span><\/p>\n<p><span style=\"font-weight: 400;\">Jim tambi\u00e9n es miembro de la <\/span><i><span style=\"font-weight: 400;\">Boyd-Graves Conference<\/span><\/i><span style=\"font-weight: 400;\"> y ha recibido la calificaci\u00f3n m\u00e1s alta otorgada por <\/span><i><span style=\"font-weight: 400;\">Martindale-Hubbell<\/span><\/i><span style=\"font-weight: 400;\">.<\/span><\/p>\n","protected":false},"excerpt":{"rendered":"<p>Jim centra su pr\u00e1ctica exclusivamente en la representaci\u00f3n de personas lesionadas. Despu\u00e9s de graduarse de la Universidad de Maryland, trabaj\u00f3 como escritor para el peri\u00f3dico Washington Star antes de obtener su t\u00edtulo en derecho en la Facultad de Derecho de la Universidad de Richmond. Actualmente, se desempe\u00f1a como Secretario del&#8230;<\/p>\n","protected":false},"author":53,"featured_media":796446,"parent":910423,"menu_order":0,"comment_status":"closed","ping_status":"closed","template":"attorney-bio.php","meta":{"_acf_changed":false,"footnotes":""},"class_list":["post-894041","page","type-page","status-publish","has-post-thumbnail","hentry"],"acf":[],"yoast_head":"<!-- This site is optimized with the Yoast SEO plugin v27.2 - https:\/\/yoast.com\/product\/yoast-seo-wordpress\/ -->\n<title>James A. McCauley: abogado de lesiones personales | Marks &amp; Harrison<\/title>\n<meta name=\"description\" content=\"El abogado de lesiones personales James A. McCauley se encarga de representar a los lesionados ante la corte de justicia de Virginia. Cont\u00e1ctenos hoy mismo.\" \/>\n<meta name=\"robots\" content=\"index, follow, max-snippet:-1, max-image-preview:large, max-video-preview:-1\" \/>\n<link rel=\"canonical\" href=\"https:\/\/www.marksandharrison.com\/es\/nuestros-profesionales\/james-a-mccauley\/\" \/>\n<meta property=\"og:locale\" content=\"es_ES\" \/>\n<meta property=\"og:type\" content=\"article\" \/>\n<meta property=\"og:title\" content=\"James A. McCauley: abogado de lesiones personales | Marks &amp; Harrison\" \/>\n<meta property=\"og:description\" content=\"El abogado de lesiones personales James A. McCauley se encarga de representar a los lesionados ante la corte de justicia de Virginia. Cont\u00e1ctenos hoy mismo.\" \/>\n<meta property=\"og:url\" content=\"https:\/\/www.marksandharrison.com\/es\/nuestros-profesionales\/james-a-mccauley\/\" \/>\n<meta property=\"og:site_name\" content=\"Marks &amp; Harrison\" \/>\n<meta property=\"article:publisher\" content=\"https:\/\/www.facebook.com\/marksandharrison\/\" \/>\n<meta property=\"article:modified_time\" content=\"2026-03-05T15:26:06+00:00\" \/>\n<meta property=\"og:image\" content=\"https:\/\/www.marksandharrison.com\/wp-content\/uploads\/2020\/05\/james-mccauley.jpg\" \/>\n\t<meta property=\"og:image:width\" content=\"360\" \/>\n\t<meta property=\"og:image:height\" content=\"266\" \/>\n\t<meta property=\"og:image:type\" content=\"image\/jpeg\" \/>\n<meta name=\"twitter:card\" content=\"summary_large_image\" \/>\n<meta name=\"twitter:site\" content=\"@MandHLaw\" \/>\n<meta name=\"twitter:label1\" content=\"Tiempo de lectura\" \/>\n\t<meta name=\"twitter:data1\" content=\"1 minuto\" \/>\n<!-- \/ Yoast SEO plugin. -->","yoast_head_json":{"title":"James A. McCauley: abogado de lesiones personales | Marks & Harrison","description":"El abogado de lesiones personales James A. McCauley se encarga de representar a los lesionados ante la corte de justicia de Virginia. Cont\u00e1ctenos hoy mismo.","robots":{"index":"index","follow":"follow","max-snippet":"max-snippet:-1","max-image-preview":"max-image-preview:large","max-video-preview":"max-video-preview:-1"},"canonical":"https:\/\/www.marksandharrison.com\/es\/nuestros-profesionales\/james-a-mccauley\/","og_locale":"es_ES","og_type":"article","og_title":"James A. McCauley: abogado de lesiones personales | Marks & Harrison","og_description":"El abogado de lesiones personales James A. McCauley se encarga de representar a los lesionados ante la corte de justicia de Virginia. Cont\u00e1ctenos hoy mismo.","og_url":"https:\/\/www.marksandharrison.com\/es\/nuestros-profesionales\/james-a-mccauley\/","og_site_name":"Marks &amp; Harrison","article_publisher":"https:\/\/www.facebook.com\/marksandharrison\/","article_modified_time":"2026-03-05T15:26:06+00:00","og_image":[{"width":360,"height":266,"url":"https:\/\/www.marksandharrison.com\/wp-content\/uploads\/2020\/05\/james-mccauley.jpg","type":"image\/jpeg"}],"twitter_card":"summary_large_image","twitter_site":"@MandHLaw","twitter_misc":{"Tiempo de lectura":"1 minuto"},"schema":{"@context":"https:\/\/schema.org","@graph":[{"@type":"WebPage","@id":"https:\/\/www.marksandharrison.com\/es\/nuestros-profesionales\/james-a-mccauley\/","url":"https:\/\/www.marksandharrison.com\/es\/nuestros-profesionales\/james-a-mccauley\/","name":"James A. McCauley: abogado de lesiones personales | Marks & Harrison","isPartOf":{"@id":"https:\/\/www.marksandharrison.com\/#website"},"primaryImageOfPage":{"@id":"https:\/\/www.marksandharrison.com\/es\/nuestros-profesionales\/james-a-mccauley\/#primaryimage"},"image":{"@id":"https:\/\/www.marksandharrison.com\/es\/nuestros-profesionales\/james-a-mccauley\/#primaryimage"},"thumbnailUrl":"https:\/\/www.marksandharrison.com\/wp-content\/uploads\/2020\/05\/james-mccauley.jpg","datePublished":"2025-02-20T13:24:13+00:00","dateModified":"2026-03-05T15:26:06+00:00","description":"El abogado de lesiones personales James A. McCauley se encarga de representar a los lesionados ante la corte de justicia de Virginia. Cont\u00e1ctenos hoy mismo.","breadcrumb":{"@id":"https:\/\/www.marksandharrison.com\/es\/nuestros-profesionales\/james-a-mccauley\/#breadcrumb"},"inLanguage":"es","potentialAction":[{"@type":"ReadAction","target":["https:\/\/www.marksandharrison.com\/es\/nuestros-profesionales\/james-a-mccauley\/"]}]},{"@type":"ImageObject","inLanguage":"es","@id":"https:\/\/www.marksandharrison.com\/es\/nuestros-profesionales\/james-a-mccauley\/#primaryimage","url":"https:\/\/www.marksandharrison.com\/wp-content\/uploads\/2020\/05\/james-mccauley.jpg","contentUrl":"https:\/\/www.marksandharrison.com\/wp-content\/uploads\/2020\/05\/james-mccauley.jpg","width":360,"height":266,"caption":"James A. McCauley - Attorney"},{"@type":"BreadcrumbList","@id":"https:\/\/www.marksandharrison.com\/es\/nuestros-profesionales\/james-a-mccauley\/#breadcrumb","itemListElement":[{"@type":"ListItem","position":1,"name":"Home","item":"https:\/\/www.marksandharrison.com\/es\/"},{"@type":"ListItem","position":2,"name":"Nuestros Abogados","item":"https:\/\/www.marksandharrison.com\/es\/nuestros-profesionales\/"},{"@type":"ListItem","position":3,"name":"James A. McCauley"}]},{"@type":"WebSite","@id":"https:\/\/www.marksandharrison.com\/#website","url":"https:\/\/www.marksandharrison.com\/","name":"Marks &amp; Harrison","description":"","publisher":{"@id":"https:\/\/www.marksandharrison.com\/#organization"},"potentialAction":[{"@type":"SearchAction","target":{"@type":"EntryPoint","urlTemplate":"https:\/\/www.marksandharrison.com\/?s={search_term_string}"},"query-input":{"@type":"PropertyValueSpecification","valueRequired":true,"valueName":"search_term_string"}}],"inLanguage":"es"},{"@type":"Organization","@id":"https:\/\/www.marksandharrison.com\/#organization","name":"Marks & Harrison","url":"https:\/\/www.marksandharrison.com\/","logo":{"@type":"ImageObject","inLanguage":"es","@id":"https:\/\/www.marksandharrison.com\/#\/schema\/logo\/image\/","url":"https:\/\/www.marksandharrison.com\/wp-content\/uploads\/2020\/04\/logo.png","contentUrl":"https:\/\/www.marksandharrison.com\/wp-content\/uploads\/2020\/04\/logo.png","width":224,"height":83,"caption":"Marks & Harrison"},"image":{"@id":"https:\/\/www.marksandharrison.com\/#\/schema\/logo\/image\/"},"sameAs":["https:\/\/www.facebook.com\/marksandharrison\/","https:\/\/x.com\/MandHLaw","https:\/\/www.linkedin.com\/company\/marks-&amp;-harrison\/","https:\/\/www.youtube.com\/channel\/UCRi1kc4BH8gI0V9M56V6WJw"]}]}},"_links":{"self":[{"href":"https:\/\/www.marksandharrison.com\/es\/wp-json\/wp\/v2\/pages\/894041","targetHints":{"allow":["GET"]}}],"collection":[{"href":"https:\/\/www.marksandharrison.com\/es\/wp-json\/wp\/v2\/pages"}],"about":[{"href":"https:\/\/www.marksandharrison.com\/es\/wp-json\/wp\/v2\/types\/page"}],"author":[{"embeddable":true,"href":"https:\/\/www.marksandharrison.com\/es\/wp-json\/wp\/v2\/users\/53"}],"replies":[{"embeddable":true,"href":"https:\/\/www.marksandharrison.com\/es\/wp-json\/wp\/v2\/comments?post=894041"}],"version-history":[{"count":3,"href":"https:\/\/www.marksandharrison.com\/es\/wp-json\/wp\/v2\/pages\/894041\/revisions"}],"predecessor-version":[{"id":908661,"href":"https:\/\/www.marksandharrison.com\/es\/wp-json\/wp\/v2\/pages\/894041\/revisions\/908661"}],"up":[{"embeddable":true,"href":"https:\/\/www.marksandharrison.com\/es\/wp-json\/wp\/v2\/pages\/910423"}],"wp:featuredmedia":[{"embeddable":true,"href":"https:\/\/www.marksandharrison.com\/es\/wp-json\/wp\/v2\/media\/796446"}],"wp:attachment":[{"href":"https:\/\/www.marksandharrison.com\/es\/wp-json\/wp\/v2\/media?parent=894041"}],"curies":[{"name":"wp","href":"https:\/\/api.w.org\/{rel}","templated":true}]}}