{"id":894025,"date":"2025-02-20T12:39:05","date_gmt":"2025-02-20T12:39:05","guid":{"rendered":"https:\/\/www.marksandharrison.com\/?page_id=894025"},"modified":"2026-03-05T15:25:50","modified_gmt":"2026-03-05T15:25:50","slug":"mark-s-lindensmith","status":"publish","type":"page","link":"https:\/\/www.marksandharrison.com\/es\/nuestros-profesionales\/mark-s-lindensmith\/","title":{"rendered":"Mark S. Lindensmith"},"content":{"rendered":"<p><span style=\"font-weight: 400;\">Antes de ingresar al equipo de Marks &amp; Harrison, Mark Lindensmith se desempe\u00f1\u00f3 como abogado senior en una firma nacional de investigaci\u00f3n y consultor\u00eda. Tambi\u00e9n ha trabajado como tutor legal certificado (guardian ad litem), representando a ni\u00f1os en la zona del condado de Albemarle. A lo largo de los a\u00f1os, ha escrito numerosos art\u00edculos jur\u00eddicos para diversas publicaciones, incluidas TRIAL Magazine, American Law Reports y Causes of Action, entre otras. En su tiempo libre, ha desarrollado una carrera en la escritura de ficci\u00f3n, obteniendo varios premios por sus relatos publicados en revistas y diarios literarios. Ha sido becario residente en escritura de ficci\u00f3n en el Virginia Center for the Creative Arts y recibi\u00f3 un incentivo de la Virginia Commission for the Arts para una novela en proceso. Su primera colecci\u00f3n de cuentos fue publicada por Southern Methodist University Press en 1996.<\/span><\/p>\n<p><span style=\"font-weight: 400;\">Mark y su esposa, Gaytha, residen en Staunton, Virginia, y son padres de seis hijos adultos.<\/span><\/p>\n","protected":false},"excerpt":{"rendered":"<p>Antes de ingresar al equipo de Marks &amp; Harrison, Mark Lindensmith se desempe\u00f1\u00f3 como abogado senior en una firma nacional de investigaci\u00f3n y consultor\u00eda. Tambi\u00e9n ha trabajado como tutor legal certificado (guardian ad litem), representando a ni\u00f1os en la zona del condado de Albemarle. A lo largo de los a\u00f1os,&#8230;<\/p>\n","protected":false},"author":53,"featured_media":796478,"parent":910423,"menu_order":0,"comment_status":"closed","ping_status":"closed","template":"attorney-bio.php","meta":{"_acf_changed":false,"footnotes":""},"class_list":["post-894025","page","type-page","status-publish","has-post-thumbnail","hentry"],"acf":[],"yoast_head":"<!-- This site is optimized with the Yoast SEO plugin v27.2 - https:\/\/yoast.com\/product\/yoast-seo-wordpress\/ -->\n<title>Mark S. Lindensmith: abogado de lesiones personales | Marks &amp; Harrison<\/title>\n<meta name=\"description\" content=\"Mark S. Lindensmith tiene una trayectoria reconocida en casos de lesiones personales, con lo que puede asumir su caso y prepararse para defenderlo.\" \/>\n<meta name=\"robots\" content=\"index, follow, max-snippet:-1, max-image-preview:large, max-video-preview:-1\" \/>\n<link rel=\"canonical\" href=\"https:\/\/www.marksandharrison.com\/es\/nuestros-profesionales\/mark-s-lindensmith\/\" \/>\n<meta property=\"og:locale\" content=\"es_ES\" \/>\n<meta property=\"og:type\" content=\"article\" \/>\n<meta property=\"og:title\" content=\"Mark S. Lindensmith: abogado de lesiones personales | Marks &amp; Harrison\" \/>\n<meta property=\"og:description\" content=\"Mark S. Lindensmith tiene una trayectoria reconocida en casos de lesiones personales, con lo que puede asumir su caso y prepararse para defenderlo.\" \/>\n<meta property=\"og:url\" content=\"https:\/\/www.marksandharrison.com\/es\/nuestros-profesionales\/mark-s-lindensmith\/\" \/>\n<meta property=\"og:site_name\" content=\"Marks &amp; Harrison\" \/>\n<meta property=\"article:publisher\" content=\"https:\/\/www.facebook.com\/marksandharrison\/\" \/>\n<meta property=\"article:modified_time\" content=\"2026-03-05T15:25:50+00:00\" \/>\n<meta property=\"og:image\" content=\"https:\/\/www.marksandharrison.com\/wp-content\/uploads\/2020\/05\/mark-lindensmith.jpg\" \/>\n\t<meta property=\"og:image:width\" content=\"360\" \/>\n\t<meta property=\"og:image:height\" content=\"266\" \/>\n\t<meta property=\"og:image:type\" content=\"image\/jpeg\" \/>\n<meta name=\"twitter:card\" content=\"summary_large_image\" \/>\n<meta name=\"twitter:site\" content=\"@MandHLaw\" \/>\n<meta name=\"twitter:label1\" content=\"Tiempo de lectura\" \/>\n\t<meta name=\"twitter:data1\" content=\"1 minuto\" \/>\n<!-- \/ Yoast SEO plugin. -->","yoast_head_json":{"title":"Mark S. Lindensmith: abogado de lesiones personales | Marks & Harrison","description":"Mark S. Lindensmith tiene una trayectoria reconocida en casos de lesiones personales, con lo que puede asumir su caso y prepararse para defenderlo.","robots":{"index":"index","follow":"follow","max-snippet":"max-snippet:-1","max-image-preview":"max-image-preview:large","max-video-preview":"max-video-preview:-1"},"canonical":"https:\/\/www.marksandharrison.com\/es\/nuestros-profesionales\/mark-s-lindensmith\/","og_locale":"es_ES","og_type":"article","og_title":"Mark S. Lindensmith: abogado de lesiones personales | Marks & Harrison","og_description":"Mark S. Lindensmith tiene una trayectoria reconocida en casos de lesiones personales, con lo que puede asumir su caso y prepararse para defenderlo.","og_url":"https:\/\/www.marksandharrison.com\/es\/nuestros-profesionales\/mark-s-lindensmith\/","og_site_name":"Marks &amp; Harrison","article_publisher":"https:\/\/www.facebook.com\/marksandharrison\/","article_modified_time":"2026-03-05T15:25:50+00:00","og_image":[{"width":360,"height":266,"url":"https:\/\/www.marksandharrison.com\/wp-content\/uploads\/2020\/05\/mark-lindensmith.jpg","type":"image\/jpeg"}],"twitter_card":"summary_large_image","twitter_site":"@MandHLaw","twitter_misc":{"Tiempo de lectura":"1 minuto"},"schema":{"@context":"https:\/\/schema.org","@graph":[{"@type":"WebPage","@id":"https:\/\/www.marksandharrison.com\/es\/nuestros-profesionales\/mark-s-lindensmith\/","url":"https:\/\/www.marksandharrison.com\/es\/nuestros-profesionales\/mark-s-lindensmith\/","name":"Mark S. Lindensmith: abogado de lesiones personales | Marks & Harrison","isPartOf":{"@id":"https:\/\/www.marksandharrison.com\/#website"},"primaryImageOfPage":{"@id":"https:\/\/www.marksandharrison.com\/es\/nuestros-profesionales\/mark-s-lindensmith\/#primaryimage"},"image":{"@id":"https:\/\/www.marksandharrison.com\/es\/nuestros-profesionales\/mark-s-lindensmith\/#primaryimage"},"thumbnailUrl":"https:\/\/www.marksandharrison.com\/wp-content\/uploads\/2020\/05\/mark-lindensmith.jpg","datePublished":"2025-02-20T12:39:05+00:00","dateModified":"2026-03-05T15:25:50+00:00","description":"Mark S. Lindensmith tiene una trayectoria reconocida en casos de lesiones personales, con lo que puede asumir su caso y prepararse para defenderlo.","breadcrumb":{"@id":"https:\/\/www.marksandharrison.com\/es\/nuestros-profesionales\/mark-s-lindensmith\/#breadcrumb"},"inLanguage":"es","potentialAction":[{"@type":"ReadAction","target":["https:\/\/www.marksandharrison.com\/es\/nuestros-profesionales\/mark-s-lindensmith\/"]}]},{"@type":"ImageObject","inLanguage":"es","@id":"https:\/\/www.marksandharrison.com\/es\/nuestros-profesionales\/mark-s-lindensmith\/#primaryimage","url":"https:\/\/www.marksandharrison.com\/wp-content\/uploads\/2020\/05\/mark-lindensmith.jpg","contentUrl":"https:\/\/www.marksandharrison.com\/wp-content\/uploads\/2020\/05\/mark-lindensmith.jpg","width":360,"height":266,"caption":"Mark S. Lindensmith - Attorney"},{"@type":"BreadcrumbList","@id":"https:\/\/www.marksandharrison.com\/es\/nuestros-profesionales\/mark-s-lindensmith\/#breadcrumb","itemListElement":[{"@type":"ListItem","position":1,"name":"Home","item":"https:\/\/www.marksandharrison.com\/es\/"},{"@type":"ListItem","position":2,"name":"Nuestros Abogados","item":"https:\/\/www.marksandharrison.com\/es\/nuestros-profesionales\/"},{"@type":"ListItem","position":3,"name":"Mark S. Lindensmith"}]},{"@type":"WebSite","@id":"https:\/\/www.marksandharrison.com\/#website","url":"https:\/\/www.marksandharrison.com\/","name":"Marks &amp; Harrison","description":"","publisher":{"@id":"https:\/\/www.marksandharrison.com\/#organization"},"potentialAction":[{"@type":"SearchAction","target":{"@type":"EntryPoint","urlTemplate":"https:\/\/www.marksandharrison.com\/?s={search_term_string}"},"query-input":{"@type":"PropertyValueSpecification","valueRequired":true,"valueName":"search_term_string"}}],"inLanguage":"es"},{"@type":"Organization","@id":"https:\/\/www.marksandharrison.com\/#organization","name":"Marks & Harrison","url":"https:\/\/www.marksandharrison.com\/","logo":{"@type":"ImageObject","inLanguage":"es","@id":"https:\/\/www.marksandharrison.com\/#\/schema\/logo\/image\/","url":"https:\/\/www.marksandharrison.com\/wp-content\/uploads\/2020\/04\/logo.png","contentUrl":"https:\/\/www.marksandharrison.com\/wp-content\/uploads\/2020\/04\/logo.png","width":224,"height":83,"caption":"Marks & Harrison"},"image":{"@id":"https:\/\/www.marksandharrison.com\/#\/schema\/logo\/image\/"},"sameAs":["https:\/\/www.facebook.com\/marksandharrison\/","https:\/\/x.com\/MandHLaw","https:\/\/www.linkedin.com\/company\/marks-&amp;-harrison\/","https:\/\/www.youtube.com\/channel\/UCRi1kc4BH8gI0V9M56V6WJw"]}]}},"_links":{"self":[{"href":"https:\/\/www.marksandharrison.com\/es\/wp-json\/wp\/v2\/pages\/894025","targetHints":{"allow":["GET"]}}],"collection":[{"href":"https:\/\/www.marksandharrison.com\/es\/wp-json\/wp\/v2\/pages"}],"about":[{"href":"https:\/\/www.marksandharrison.com\/es\/wp-json\/wp\/v2\/types\/page"}],"author":[{"embeddable":true,"href":"https:\/\/www.marksandharrison.com\/es\/wp-json\/wp\/v2\/users\/53"}],"replies":[{"embeddable":true,"href":"https:\/\/www.marksandharrison.com\/es\/wp-json\/wp\/v2\/comments?post=894025"}],"version-history":[{"count":4,"href":"https:\/\/www.marksandharrison.com\/es\/wp-json\/wp\/v2\/pages\/894025\/revisions"}],"predecessor-version":[{"id":908654,"href":"https:\/\/www.marksandharrison.com\/es\/wp-json\/wp\/v2\/pages\/894025\/revisions\/908654"}],"up":[{"embeddable":true,"href":"https:\/\/www.marksandharrison.com\/es\/wp-json\/wp\/v2\/pages\/910423"}],"wp:featuredmedia":[{"embeddable":true,"href":"https:\/\/www.marksandharrison.com\/es\/wp-json\/wp\/v2\/media\/796478"}],"wp:attachment":[{"href":"https:\/\/www.marksandharrison.com\/es\/wp-json\/wp\/v2\/media?parent=894025"}],"curies":[{"name":"wp","href":"https:\/\/api.w.org\/{rel}","templated":true}]}}