{"id":893979,"date":"2025-02-20T09:54:00","date_gmt":"2025-02-20T09:54:00","guid":{"rendered":"https:\/\/www.marksandharrison.com\/?page_id=893979"},"modified":"2026-03-05T15:25:36","modified_gmt":"2026-03-05T15:25:36","slug":"vanessa-e-hicks","status":"publish","type":"page","link":"https:\/\/www.marksandharrison.com\/es\/nuestros-profesionales\/vanessa-e-hicks\/","title":{"rendered":"Vanessa E. Hicks"},"content":{"rendered":"<p><span style=\"font-weight: 400;\">Vanessa E. Hicks ha ejercido la abogac\u00eda por m\u00e1s de treinta a\u00f1os, ofreciendo representaci\u00f3n legal con integridad y compasi\u00f3n.<\/span><\/p>\n<p><span style=\"font-weight: 400;\">Nacida y criada en el Condado de Lunenburg, VA, Vanessa se gradu\u00f3 de la Escuela Secundaria Central de Lunenburg, donde descubri\u00f3 su pasi\u00f3n por hablar en p\u00fablico como miembro del Equipo Forense.<\/span><\/p>\n<p><span style=\"font-weight: 400;\">Vanessa obtuvo su t\u00edtulo de licenciada en Artes en Ingl\u00e9s de la Universidad de William &amp; Mary y su t\u00edtulo de Doctora en Jurisprudencia de Washington &amp; Lee School of Law. Mientras trabajaba activamente por su t\u00edtulo en derecho, particip\u00f3 en una de las Cl\u00ednicas de Asistencia Jur\u00eddica de la escuela proporcionando representaci\u00f3n legal para las mujeres encarceladas en la Prisi\u00f3n Federal de Alderson, WV y perfeccion\u00f3 sus habilidades para hablar en p\u00fablico como miembro del Equipo de Juicios Simulados.<\/span><\/p>\n<p><span style=\"font-weight: 400;\">Vanessa ha sido reconocida con el AVVO Client&#8217;s Choice Award, 2021 y en 2014 fue nombrada por The National Trial Lawyers, como uno de los 100 mejores abogados litigantes del a\u00f1o.<\/span><\/p>\n<p><iframe loading=\"lazy\" title=\"YouTube video player\" src=\"https:\/\/www.youtube.com\/embed\/FJatWIviO8g?rel=0\" width=\"100%\" height=\"435\" frameborder=\"0\" allowfullscreen=\"allowfullscreen\"><span data-mce-type=\"bookmark\" style=\"display: inline-block; width: 0px; overflow: hidden; line-height: 0;\" class=\"mce_SELRES_start\">\ufeff<\/span><\/iframe><\/p>\n","protected":false},"excerpt":{"rendered":"<p>Vanessa E. Hicks ha ejercido la abogac\u00eda por m\u00e1s de treinta a\u00f1os, ofreciendo representaci\u00f3n legal con integridad y compasi\u00f3n. Nacida y criada en el Condado de Lunenburg, VA, Vanessa se gradu\u00f3 de la Escuela Secundaria Central de Lunenburg, donde descubri\u00f3 su pasi\u00f3n por hablar en p\u00fablico como miembro del Equipo&#8230;<\/p>\n","protected":false},"author":53,"featured_media":872058,"parent":910423,"menu_order":0,"comment_status":"closed","ping_status":"closed","template":"attorney-bio.php","meta":{"_acf_changed":false,"footnotes":""},"class_list":["post-893979","page","type-page","status-publish","has-post-thumbnail","hentry"],"acf":[],"yoast_head":"<!-- This site is optimized with the Yoast SEO plugin v27.2 - https:\/\/yoast.com\/product\/yoast-seo-wordpress\/ -->\n<title>Abogada de lesiones personales Vanessa E. Hicks | Marks &amp; Harrison<\/title>\n<meta name=\"description\" content=\"Conozca a Vanessa E. Hicks, abogada con experiencia en lesiones personales que, como parte del equipo de Marks &amp; Harrison, est\u00e1 aqu\u00ed para apoyarlo.\" \/>\n<meta name=\"robots\" content=\"index, follow, max-snippet:-1, max-image-preview:large, max-video-preview:-1\" \/>\n<link rel=\"canonical\" href=\"https:\/\/www.marksandharrison.com\/es\/nuestros-profesionales\/vanessa-e-hicks\/\" \/>\n<meta property=\"og:locale\" content=\"es_ES\" \/>\n<meta property=\"og:type\" content=\"article\" \/>\n<meta property=\"og:title\" content=\"Abogada de lesiones personales Vanessa E. Hicks | Marks &amp; Harrison\" \/>\n<meta property=\"og:description\" content=\"Conozca a Vanessa E. Hicks, abogada con experiencia en lesiones personales que, como parte del equipo de Marks &amp; Harrison, est\u00e1 aqu\u00ed para apoyarlo.\" \/>\n<meta property=\"og:url\" content=\"https:\/\/www.marksandharrison.com\/es\/nuestros-profesionales\/vanessa-e-hicks\/\" \/>\n<meta property=\"og:site_name\" content=\"Marks &amp; Harrison\" \/>\n<meta property=\"article:publisher\" content=\"https:\/\/www.facebook.com\/marksandharrison\/\" \/>\n<meta property=\"article:modified_time\" content=\"2026-03-05T15:25:36+00:00\" \/>\n<meta property=\"og:image\" content=\"https:\/\/www.marksandharrison.com\/wp-content\/uploads\/2023\/09\/Vanessa-E.-Hicks-e1693950100660.jpg\" \/>\n\t<meta property=\"og:image:width\" content=\"800\" \/>\n\t<meta property=\"og:image:height\" content=\"534\" \/>\n\t<meta property=\"og:image:type\" content=\"image\/jpeg\" \/>\n<meta name=\"twitter:card\" content=\"summary_large_image\" \/>\n<meta name=\"twitter:site\" content=\"@MandHLaw\" \/>\n<meta name=\"twitter:label1\" content=\"Tiempo de lectura\" \/>\n\t<meta name=\"twitter:data1\" content=\"1 minuto\" \/>\n<!-- \/ Yoast SEO plugin. -->","yoast_head_json":{"title":"Abogada de lesiones personales Vanessa E. Hicks | Marks & Harrison","description":"Conozca a Vanessa E. Hicks, abogada con experiencia en lesiones personales que, como parte del equipo de Marks & Harrison, est\u00e1 aqu\u00ed para apoyarlo.","robots":{"index":"index","follow":"follow","max-snippet":"max-snippet:-1","max-image-preview":"max-image-preview:large","max-video-preview":"max-video-preview:-1"},"canonical":"https:\/\/www.marksandharrison.com\/es\/nuestros-profesionales\/vanessa-e-hicks\/","og_locale":"es_ES","og_type":"article","og_title":"Abogada de lesiones personales Vanessa E. Hicks | Marks & Harrison","og_description":"Conozca a Vanessa E. Hicks, abogada con experiencia en lesiones personales que, como parte del equipo de Marks & Harrison, est\u00e1 aqu\u00ed para apoyarlo.","og_url":"https:\/\/www.marksandharrison.com\/es\/nuestros-profesionales\/vanessa-e-hicks\/","og_site_name":"Marks &amp; Harrison","article_publisher":"https:\/\/www.facebook.com\/marksandharrison\/","article_modified_time":"2026-03-05T15:25:36+00:00","og_image":[{"width":800,"height":534,"url":"https:\/\/www.marksandharrison.com\/wp-content\/uploads\/2023\/09\/Vanessa-E.-Hicks-e1693950100660.jpg","type":"image\/jpeg"}],"twitter_card":"summary_large_image","twitter_site":"@MandHLaw","twitter_misc":{"Tiempo de lectura":"1 minuto"},"schema":{"@context":"https:\/\/schema.org","@graph":[{"@type":"WebPage","@id":"https:\/\/www.marksandharrison.com\/es\/nuestros-profesionales\/vanessa-e-hicks\/","url":"https:\/\/www.marksandharrison.com\/es\/nuestros-profesionales\/vanessa-e-hicks\/","name":"Abogada de lesiones personales Vanessa E. Hicks | Marks & Harrison","isPartOf":{"@id":"https:\/\/www.marksandharrison.com\/#website"},"primaryImageOfPage":{"@id":"https:\/\/www.marksandharrison.com\/es\/nuestros-profesionales\/vanessa-e-hicks\/#primaryimage"},"image":{"@id":"https:\/\/www.marksandharrison.com\/es\/nuestros-profesionales\/vanessa-e-hicks\/#primaryimage"},"thumbnailUrl":"https:\/\/www.marksandharrison.com\/wp-content\/uploads\/2023\/09\/Vanessa-E.-Hicks-e1693950100660.jpg","datePublished":"2025-02-20T09:54:00+00:00","dateModified":"2026-03-05T15:25:36+00:00","description":"Conozca a Vanessa E. Hicks, abogada con experiencia en lesiones personales que, como parte del equipo de Marks & Harrison, est\u00e1 aqu\u00ed para apoyarlo.","breadcrumb":{"@id":"https:\/\/www.marksandharrison.com\/es\/nuestros-profesionales\/vanessa-e-hicks\/#breadcrumb"},"inLanguage":"es","potentialAction":[{"@type":"ReadAction","target":["https:\/\/www.marksandharrison.com\/es\/nuestros-profesionales\/vanessa-e-hicks\/"]}]},{"@type":"ImageObject","inLanguage":"es","@id":"https:\/\/www.marksandharrison.com\/es\/nuestros-profesionales\/vanessa-e-hicks\/#primaryimage","url":"https:\/\/www.marksandharrison.com\/wp-content\/uploads\/2023\/09\/Vanessa-E.-Hicks-e1693950100660.jpg","contentUrl":"https:\/\/www.marksandharrison.com\/wp-content\/uploads\/2023\/09\/Vanessa-E.-Hicks-e1693950100660.jpg","width":800,"height":534,"caption":"Marks and Harrison August, 2023 Vanessa Hicks"},{"@type":"BreadcrumbList","@id":"https:\/\/www.marksandharrison.com\/es\/nuestros-profesionales\/vanessa-e-hicks\/#breadcrumb","itemListElement":[{"@type":"ListItem","position":1,"name":"Home","item":"https:\/\/www.marksandharrison.com\/es\/"},{"@type":"ListItem","position":2,"name":"Nuestros Abogados","item":"https:\/\/www.marksandharrison.com\/es\/nuestros-profesionales\/"},{"@type":"ListItem","position":3,"name":"Vanessa E. Hicks"}]},{"@type":"WebSite","@id":"https:\/\/www.marksandharrison.com\/#website","url":"https:\/\/www.marksandharrison.com\/","name":"Marks &amp; Harrison","description":"","publisher":{"@id":"https:\/\/www.marksandharrison.com\/#organization"},"potentialAction":[{"@type":"SearchAction","target":{"@type":"EntryPoint","urlTemplate":"https:\/\/www.marksandharrison.com\/?s={search_term_string}"},"query-input":{"@type":"PropertyValueSpecification","valueRequired":true,"valueName":"search_term_string"}}],"inLanguage":"es"},{"@type":"Organization","@id":"https:\/\/www.marksandharrison.com\/#organization","name":"Marks & Harrison","url":"https:\/\/www.marksandharrison.com\/","logo":{"@type":"ImageObject","inLanguage":"es","@id":"https:\/\/www.marksandharrison.com\/#\/schema\/logo\/image\/","url":"https:\/\/www.marksandharrison.com\/wp-content\/uploads\/2020\/04\/logo.png","contentUrl":"https:\/\/www.marksandharrison.com\/wp-content\/uploads\/2020\/04\/logo.png","width":224,"height":83,"caption":"Marks & Harrison"},"image":{"@id":"https:\/\/www.marksandharrison.com\/#\/schema\/logo\/image\/"},"sameAs":["https:\/\/www.facebook.com\/marksandharrison\/","https:\/\/x.com\/MandHLaw","https:\/\/www.linkedin.com\/company\/marks-&amp;-harrison\/","https:\/\/www.youtube.com\/channel\/UCRi1kc4BH8gI0V9M56V6WJw"]}]}},"_links":{"self":[{"href":"https:\/\/www.marksandharrison.com\/es\/wp-json\/wp\/v2\/pages\/893979","targetHints":{"allow":["GET"]}}],"collection":[{"href":"https:\/\/www.marksandharrison.com\/es\/wp-json\/wp\/v2\/pages"}],"about":[{"href":"https:\/\/www.marksandharrison.com\/es\/wp-json\/wp\/v2\/types\/page"}],"author":[{"embeddable":true,"href":"https:\/\/www.marksandharrison.com\/es\/wp-json\/wp\/v2\/users\/53"}],"replies":[{"embeddable":true,"href":"https:\/\/www.marksandharrison.com\/es\/wp-json\/wp\/v2\/comments?post=893979"}],"version-history":[{"count":3,"href":"https:\/\/www.marksandharrison.com\/es\/wp-json\/wp\/v2\/pages\/893979\/revisions"}],"predecessor-version":[{"id":908640,"href":"https:\/\/www.marksandharrison.com\/es\/wp-json\/wp\/v2\/pages\/893979\/revisions\/908640"}],"up":[{"embeddable":true,"href":"https:\/\/www.marksandharrison.com\/es\/wp-json\/wp\/v2\/pages\/910423"}],"wp:featuredmedia":[{"embeddable":true,"href":"https:\/\/www.marksandharrison.com\/es\/wp-json\/wp\/v2\/media\/872058"}],"wp:attachment":[{"href":"https:\/\/www.marksandharrison.com\/es\/wp-json\/wp\/v2\/media?parent=893979"}],"curies":[{"name":"wp","href":"https:\/\/api.w.org\/{rel}","templated":true}]}}