{"id":893967,"date":"2025-02-20T09:46:49","date_gmt":"2025-02-20T09:46:49","guid":{"rendered":"https:\/\/www.marksandharrison.com\/?page_id=893967"},"modified":"2026-03-05T15:25:30","modified_gmt":"2026-03-05T15:25:30","slug":"james-g-harrison","status":"publish","type":"page","link":"https:\/\/www.marksandharrison.com\/es\/nuestros-profesionales\/james-g-harrison\/","title":{"rendered":"James G. Harrison III"},"content":{"rendered":"<p><span style=\"font-weight: 400;\">James G. Harrison III ha ejercido la abogac\u00eda desde 1984, enfocando su pr\u00e1ctica en casos de lesiones personales.<\/span><\/p>\n<p><span style=\"font-weight: 400;\">Es egresado de Woodberry Forest School. Posteriormente, obtuvo su t\u00edtulo universitario en la Universidad de Virginia (St. Anthony Hall TILKA Ribbon Society) y su t\u00edtulo en derecho en la Escuela de Derecho de la Universidad George Mason. Ha trabajado para Marks &amp; Harrison desde 1984 y actualmente es el Presidente y Socio Gerente de la firma.<\/span><\/p>\n","protected":false},"excerpt":{"rendered":"<p>James G. Harrison III ha ejercido la abogac\u00eda desde 1984, enfocando su pr\u00e1ctica en casos de lesiones personales. Es egresado de Woodberry Forest School. Posteriormente, obtuvo su t\u00edtulo universitario en la Universidad de Virginia (St. Anthony Hall TILKA Ribbon Society) y su t\u00edtulo en derecho en la Escuela de Derecho&#8230;<\/p>\n","protected":false},"author":53,"featured_media":855970,"parent":910423,"menu_order":0,"comment_status":"closed","ping_status":"closed","template":"attorney-bio.php","meta":{"_acf_changed":false,"footnotes":""},"class_list":["post-893967","page","type-page","status-publish","has-post-thumbnail","hentry"],"acf":[],"yoast_head":"<!-- This site is optimized with the Yoast SEO plugin v27.2 - https:\/\/yoast.com\/product\/yoast-seo-wordpress\/ -->\n<title>James G. Harrison III | Marks &amp; Harrison<\/title>\n<meta name=\"description\" content=\"Conozca a James G. Harrison III, abogado de lesiones personales desde 1984 y presidente de Marks &amp; Harrison, experto en defensa legal y justicia.\" \/>\n<meta name=\"robots\" content=\"index, follow, max-snippet:-1, max-image-preview:large, max-video-preview:-1\" \/>\n<link rel=\"canonical\" href=\"https:\/\/www.marksandharrison.com\/es\/nuestros-profesionales\/james-g-harrison\/\" \/>\n<meta property=\"og:locale\" content=\"es_ES\" \/>\n<meta property=\"og:type\" content=\"article\" \/>\n<meta property=\"og:title\" content=\"James G. Harrison III | Marks &amp; Harrison\" \/>\n<meta property=\"og:description\" content=\"Conozca a James G. Harrison III, abogado de lesiones personales desde 1984 y presidente de Marks &amp; Harrison, experto en defensa legal y justicia.\" \/>\n<meta property=\"og:url\" content=\"https:\/\/www.marksandharrison.com\/es\/nuestros-profesionales\/james-g-harrison\/\" \/>\n<meta property=\"og:site_name\" content=\"Marks &amp; Harrison\" \/>\n<meta property=\"article:publisher\" content=\"https:\/\/www.facebook.com\/marksandharrison\/\" \/>\n<meta property=\"article:modified_time\" content=\"2026-03-05T15:25:30+00:00\" \/>\n<meta property=\"og:image\" content=\"https:\/\/www.marksandharrison.com\/wp-content\/uploads\/2023\/01\/marks-harrison.jpg\" \/>\n\t<meta property=\"og:image:width\" content=\"360\" \/>\n\t<meta property=\"og:image:height\" content=\"266\" \/>\n\t<meta property=\"og:image:type\" content=\"image\/jpeg\" \/>\n<meta name=\"twitter:card\" content=\"summary_large_image\" \/>\n<meta name=\"twitter:site\" content=\"@MandHLaw\" \/>\n<meta name=\"twitter:label1\" content=\"Tiempo de lectura\" \/>\n\t<meta name=\"twitter:data1\" content=\"1 minuto\" \/>\n<!-- \/ Yoast SEO plugin. -->","yoast_head_json":{"title":"James G. Harrison III | Marks & Harrison","description":"Conozca a James G. Harrison III, abogado de lesiones personales desde 1984 y presidente de Marks & Harrison, experto en defensa legal y justicia.","robots":{"index":"index","follow":"follow","max-snippet":"max-snippet:-1","max-image-preview":"max-image-preview:large","max-video-preview":"max-video-preview:-1"},"canonical":"https:\/\/www.marksandharrison.com\/es\/nuestros-profesionales\/james-g-harrison\/","og_locale":"es_ES","og_type":"article","og_title":"James G. Harrison III | Marks & Harrison","og_description":"Conozca a James G. Harrison III, abogado de lesiones personales desde 1984 y presidente de Marks & Harrison, experto en defensa legal y justicia.","og_url":"https:\/\/www.marksandharrison.com\/es\/nuestros-profesionales\/james-g-harrison\/","og_site_name":"Marks &amp; Harrison","article_publisher":"https:\/\/www.facebook.com\/marksandharrison\/","article_modified_time":"2026-03-05T15:25:30+00:00","og_image":[{"width":360,"height":266,"url":"https:\/\/www.marksandharrison.com\/wp-content\/uploads\/2023\/01\/marks-harrison.jpg","type":"image\/jpeg"}],"twitter_card":"summary_large_image","twitter_site":"@MandHLaw","twitter_misc":{"Tiempo de lectura":"1 minuto"},"schema":{"@context":"https:\/\/schema.org","@graph":[{"@type":"WebPage","@id":"https:\/\/www.marksandharrison.com\/es\/nuestros-profesionales\/james-g-harrison\/","url":"https:\/\/www.marksandharrison.com\/es\/nuestros-profesionales\/james-g-harrison\/","name":"James G. Harrison III | Marks & Harrison","isPartOf":{"@id":"https:\/\/www.marksandharrison.com\/#website"},"primaryImageOfPage":{"@id":"https:\/\/www.marksandharrison.com\/es\/nuestros-profesionales\/james-g-harrison\/#primaryimage"},"image":{"@id":"https:\/\/www.marksandharrison.com\/es\/nuestros-profesionales\/james-g-harrison\/#primaryimage"},"thumbnailUrl":"https:\/\/www.marksandharrison.com\/wp-content\/uploads\/2023\/01\/marks-harrison.jpg","datePublished":"2025-02-20T09:46:49+00:00","dateModified":"2026-03-05T15:25:30+00:00","description":"Conozca a James G. Harrison III, abogado de lesiones personales desde 1984 y presidente de Marks & Harrison, experto en defensa legal y justicia.","breadcrumb":{"@id":"https:\/\/www.marksandharrison.com\/es\/nuestros-profesionales\/james-g-harrison\/#breadcrumb"},"inLanguage":"es","potentialAction":[{"@type":"ReadAction","target":["https:\/\/www.marksandharrison.com\/es\/nuestros-profesionales\/james-g-harrison\/"]}]},{"@type":"ImageObject","inLanguage":"es","@id":"https:\/\/www.marksandharrison.com\/es\/nuestros-profesionales\/james-g-harrison\/#primaryimage","url":"https:\/\/www.marksandharrison.com\/wp-content\/uploads\/2023\/01\/marks-harrison.jpg","contentUrl":"https:\/\/www.marksandharrison.com\/wp-content\/uploads\/2023\/01\/marks-harrison.jpg","width":360,"height":266,"caption":"James G. Harrison III - Attorney"},{"@type":"BreadcrumbList","@id":"https:\/\/www.marksandharrison.com\/es\/nuestros-profesionales\/james-g-harrison\/#breadcrumb","itemListElement":[{"@type":"ListItem","position":1,"name":"Home","item":"https:\/\/www.marksandharrison.com\/es\/"},{"@type":"ListItem","position":2,"name":"Nuestros Abogados","item":"https:\/\/www.marksandharrison.com\/es\/nuestros-profesionales\/"},{"@type":"ListItem","position":3,"name":"James G. Harrison III"}]},{"@type":"WebSite","@id":"https:\/\/www.marksandharrison.com\/#website","url":"https:\/\/www.marksandharrison.com\/","name":"Marks &amp; Harrison","description":"","publisher":{"@id":"https:\/\/www.marksandharrison.com\/#organization"},"potentialAction":[{"@type":"SearchAction","target":{"@type":"EntryPoint","urlTemplate":"https:\/\/www.marksandharrison.com\/?s={search_term_string}"},"query-input":{"@type":"PropertyValueSpecification","valueRequired":true,"valueName":"search_term_string"}}],"inLanguage":"es"},{"@type":"Organization","@id":"https:\/\/www.marksandharrison.com\/#organization","name":"Marks & Harrison","url":"https:\/\/www.marksandharrison.com\/","logo":{"@type":"ImageObject","inLanguage":"es","@id":"https:\/\/www.marksandharrison.com\/#\/schema\/logo\/image\/","url":"https:\/\/www.marksandharrison.com\/wp-content\/uploads\/2020\/04\/logo.png","contentUrl":"https:\/\/www.marksandharrison.com\/wp-content\/uploads\/2020\/04\/logo.png","width":224,"height":83,"caption":"Marks & Harrison"},"image":{"@id":"https:\/\/www.marksandharrison.com\/#\/schema\/logo\/image\/"},"sameAs":["https:\/\/www.facebook.com\/marksandharrison\/","https:\/\/x.com\/MandHLaw","https:\/\/www.linkedin.com\/company\/marks-&amp;-harrison\/","https:\/\/www.youtube.com\/channel\/UCRi1kc4BH8gI0V9M56V6WJw"]}]}},"_links":{"self":[{"href":"https:\/\/www.marksandharrison.com\/es\/wp-json\/wp\/v2\/pages\/893967","targetHints":{"allow":["GET"]}}],"collection":[{"href":"https:\/\/www.marksandharrison.com\/es\/wp-json\/wp\/v2\/pages"}],"about":[{"href":"https:\/\/www.marksandharrison.com\/es\/wp-json\/wp\/v2\/types\/page"}],"author":[{"embeddable":true,"href":"https:\/\/www.marksandharrison.com\/es\/wp-json\/wp\/v2\/users\/53"}],"replies":[{"embeddable":true,"href":"https:\/\/www.marksandharrison.com\/es\/wp-json\/wp\/v2\/comments?post=893967"}],"version-history":[{"count":4,"href":"https:\/\/www.marksandharrison.com\/es\/wp-json\/wp\/v2\/pages\/893967\/revisions"}],"predecessor-version":[{"id":908633,"href":"https:\/\/www.marksandharrison.com\/es\/wp-json\/wp\/v2\/pages\/893967\/revisions\/908633"}],"up":[{"embeddable":true,"href":"https:\/\/www.marksandharrison.com\/es\/wp-json\/wp\/v2\/pages\/910423"}],"wp:featuredmedia":[{"embeddable":true,"href":"https:\/\/www.marksandharrison.com\/es\/wp-json\/wp\/v2\/media\/855970"}],"wp:attachment":[{"href":"https:\/\/www.marksandharrison.com\/es\/wp-json\/wp\/v2\/media?parent=893967"}],"curies":[{"name":"wp","href":"https:\/\/api.w.org\/{rel}","templated":true}]}}