{"id":893928,"date":"2025-02-19T13:44:40","date_gmt":"2025-02-19T13:44:40","guid":{"rendered":"https:\/\/www.marksandharrison.com\/?page_id=893928"},"modified":"2026-03-05T15:24:51","modified_gmt":"2026-03-05T15:24:51","slug":"david-s-galeski","status":"publish","type":"page","link":"https:\/\/www.marksandharrison.com\/es\/nuestros-profesionales\/david-s-galeski\/","title":{"rendered":"David S. Galeski"},"content":{"rendered":"<p><span style=\"font-weight: 400;\">David Galeski tiene un firme compromiso con su pr\u00e1ctica legal y con la asistencia a sus clientes en casos de lesiones personales, incluyendo accidentes automovil\u00edsticos y casos de responsabilidad en propiedades. Sus anteriores funciones como abogado litigante en una destacada aseguradora a nivel nacional y en un bufete de abogados local le han proporcionado un profundo conocimiento en la evaluaci\u00f3n y defensa de casos de lesiones personales. Orgulloso originario de Richmond, David es un distinguido egresado de la Facultad de Derecho de William &amp; Mary, donde no solo destac\u00f3 acad\u00e9micamente, sino que tambi\u00e9n form\u00f3 parte de la Law Review. Adem\u00e1s de sus logros acad\u00e9micos, es miembro activo del Colegio de Abogados del Estado de Virginia y de la Asociaci\u00f3n de Abogados de Richmond.<\/span><\/p>\n<p><iframe loading=\"lazy\" title=\"YouTube video player\" src=\"https:\/\/www.youtube.com\/embed\/71p1F6kS8NE?rel=0\" width=\"100%\" height=\"435\" frameborder=\"0\" allowfullscreen=\"allowfullscreen\"><span data-mce-type=\"bookmark\" style=\"display: inline-block; width: 0px; overflow: hidden; line-height: 0;\" class=\"mce_SELRES_start\">\ufeff<\/span><\/iframe><\/p>\n","protected":false},"excerpt":{"rendered":"<p>David Galeski tiene un firme compromiso con su pr\u00e1ctica legal y con la asistencia a sus clientes en casos de lesiones personales, incluyendo accidentes automovil\u00edsticos y casos de responsabilidad en propiedades. Sus anteriores funciones como abogado litigante en una destacada aseguradora a nivel nacional y en un bufete de abogados&#8230;<\/p>\n","protected":false},"author":53,"featured_media":878116,"parent":910423,"menu_order":0,"comment_status":"closed","ping_status":"closed","template":"attorney-bio.php","meta":{"_acf_changed":false,"footnotes":""},"class_list":["post-893928","page","type-page","status-publish","has-post-thumbnail","hentry"],"acf":[],"yoast_head":"<!-- This site is optimized with the Yoast SEO plugin v27.2 - https:\/\/yoast.com\/product\/yoast-seo-wordpress\/ -->\n<title>David S. Galeski: abogado de esiones personales | Marks &amp; Harrison<\/title>\n<meta name=\"description\" content=\"David S. Galeski es un abogado especializado en lesiones personales, originario de Richmond, que puede tomar su caso y lograr un s\u00f3lido acuerdo a su favor.\" \/>\n<meta name=\"robots\" content=\"index, follow, max-snippet:-1, max-image-preview:large, max-video-preview:-1\" \/>\n<link rel=\"canonical\" href=\"https:\/\/www.marksandharrison.com\/es\/nuestros-profesionales\/david-s-galeski\/\" \/>\n<meta property=\"og:locale\" content=\"es_ES\" \/>\n<meta property=\"og:type\" content=\"article\" \/>\n<meta property=\"og:title\" content=\"David S. Galeski: abogado de esiones personales | Marks &amp; Harrison\" \/>\n<meta property=\"og:description\" content=\"David S. Galeski es un abogado especializado en lesiones personales, originario de Richmond, que puede tomar su caso y lograr un s\u00f3lido acuerdo a su favor.\" \/>\n<meta property=\"og:url\" content=\"https:\/\/www.marksandharrison.com\/es\/nuestros-profesionales\/david-s-galeski\/\" \/>\n<meta property=\"og:site_name\" content=\"Marks &amp; Harrison\" \/>\n<meta property=\"article:publisher\" content=\"https:\/\/www.facebook.com\/marksandharrison\/\" \/>\n<meta property=\"article:modified_time\" content=\"2026-03-05T15:24:51+00:00\" \/>\n<meta property=\"og:image\" content=\"https:\/\/www.marksandharrison.com\/wp-content\/uploads\/2024\/02\/240130_mh_headshots-0012-Edit-e1706818029319.jpg\" \/>\n\t<meta property=\"og:image:width\" content=\"780\" \/>\n\t<meta property=\"og:image:height\" content=\"520\" \/>\n\t<meta property=\"og:image:type\" content=\"image\/jpeg\" \/>\n<meta name=\"twitter:card\" content=\"summary_large_image\" \/>\n<meta name=\"twitter:site\" content=\"@MandHLaw\" \/>\n<meta name=\"twitter:label1\" content=\"Tiempo de lectura\" \/>\n\t<meta name=\"twitter:data1\" content=\"1 minuto\" \/>\n<!-- \/ Yoast SEO plugin. -->","yoast_head_json":{"title":"David S. Galeski: abogado de esiones personales | Marks & Harrison","description":"David S. Galeski es un abogado especializado en lesiones personales, originario de Richmond, que puede tomar su caso y lograr un s\u00f3lido acuerdo a su favor.","robots":{"index":"index","follow":"follow","max-snippet":"max-snippet:-1","max-image-preview":"max-image-preview:large","max-video-preview":"max-video-preview:-1"},"canonical":"https:\/\/www.marksandharrison.com\/es\/nuestros-profesionales\/david-s-galeski\/","og_locale":"es_ES","og_type":"article","og_title":"David S. Galeski: abogado de esiones personales | Marks & Harrison","og_description":"David S. Galeski es un abogado especializado en lesiones personales, originario de Richmond, que puede tomar su caso y lograr un s\u00f3lido acuerdo a su favor.","og_url":"https:\/\/www.marksandharrison.com\/es\/nuestros-profesionales\/david-s-galeski\/","og_site_name":"Marks &amp; Harrison","article_publisher":"https:\/\/www.facebook.com\/marksandharrison\/","article_modified_time":"2026-03-05T15:24:51+00:00","og_image":[{"width":780,"height":520,"url":"https:\/\/www.marksandharrison.com\/wp-content\/uploads\/2024\/02\/240130_mh_headshots-0012-Edit-e1706818029319.jpg","type":"image\/jpeg"}],"twitter_card":"summary_large_image","twitter_site":"@MandHLaw","twitter_misc":{"Tiempo de lectura":"1 minuto"},"schema":{"@context":"https:\/\/schema.org","@graph":[{"@type":"WebPage","@id":"https:\/\/www.marksandharrison.com\/es\/nuestros-profesionales\/david-s-galeski\/","url":"https:\/\/www.marksandharrison.com\/es\/nuestros-profesionales\/david-s-galeski\/","name":"David S. Galeski: abogado de esiones personales | Marks & Harrison","isPartOf":{"@id":"https:\/\/www.marksandharrison.com\/#website"},"primaryImageOfPage":{"@id":"https:\/\/www.marksandharrison.com\/es\/nuestros-profesionales\/david-s-galeski\/#primaryimage"},"image":{"@id":"https:\/\/www.marksandharrison.com\/es\/nuestros-profesionales\/david-s-galeski\/#primaryimage"},"thumbnailUrl":"https:\/\/www.marksandharrison.com\/wp-content\/uploads\/2024\/02\/240130_mh_headshots-0012-Edit-e1706818029319.jpg","datePublished":"2025-02-19T13:44:40+00:00","dateModified":"2026-03-05T15:24:51+00:00","description":"David S. Galeski es un abogado especializado en lesiones personales, originario de Richmond, que puede tomar su caso y lograr un s\u00f3lido acuerdo a su favor.","breadcrumb":{"@id":"https:\/\/www.marksandharrison.com\/es\/nuestros-profesionales\/david-s-galeski\/#breadcrumb"},"inLanguage":"es","potentialAction":[{"@type":"ReadAction","target":["https:\/\/www.marksandharrison.com\/es\/nuestros-profesionales\/david-s-galeski\/"]}]},{"@type":"ImageObject","inLanguage":"es","@id":"https:\/\/www.marksandharrison.com\/es\/nuestros-profesionales\/david-s-galeski\/#primaryimage","url":"https:\/\/www.marksandharrison.com\/wp-content\/uploads\/2024\/02\/240130_mh_headshots-0012-Edit-e1706818029319.jpg","contentUrl":"https:\/\/www.marksandharrison.com\/wp-content\/uploads\/2024\/02\/240130_mh_headshots-0012-Edit-e1706818029319.jpg","width":780,"height":520,"caption":"Marks and Harrison David Galeski"},{"@type":"BreadcrumbList","@id":"https:\/\/www.marksandharrison.com\/es\/nuestros-profesionales\/david-s-galeski\/#breadcrumb","itemListElement":[{"@type":"ListItem","position":1,"name":"Home","item":"https:\/\/www.marksandharrison.com\/es\/"},{"@type":"ListItem","position":2,"name":"Nuestros Abogados","item":"https:\/\/www.marksandharrison.com\/es\/nuestros-profesionales\/"},{"@type":"ListItem","position":3,"name":"David S. Galeski"}]},{"@type":"WebSite","@id":"https:\/\/www.marksandharrison.com\/#website","url":"https:\/\/www.marksandharrison.com\/","name":"Marks &amp; Harrison","description":"","publisher":{"@id":"https:\/\/www.marksandharrison.com\/#organization"},"potentialAction":[{"@type":"SearchAction","target":{"@type":"EntryPoint","urlTemplate":"https:\/\/www.marksandharrison.com\/?s={search_term_string}"},"query-input":{"@type":"PropertyValueSpecification","valueRequired":true,"valueName":"search_term_string"}}],"inLanguage":"es"},{"@type":"Organization","@id":"https:\/\/www.marksandharrison.com\/#organization","name":"Marks & Harrison","url":"https:\/\/www.marksandharrison.com\/","logo":{"@type":"ImageObject","inLanguage":"es","@id":"https:\/\/www.marksandharrison.com\/#\/schema\/logo\/image\/","url":"https:\/\/www.marksandharrison.com\/wp-content\/uploads\/2020\/04\/logo.png","contentUrl":"https:\/\/www.marksandharrison.com\/wp-content\/uploads\/2020\/04\/logo.png","width":224,"height":83,"caption":"Marks & Harrison"},"image":{"@id":"https:\/\/www.marksandharrison.com\/#\/schema\/logo\/image\/"},"sameAs":["https:\/\/www.facebook.com\/marksandharrison\/","https:\/\/x.com\/MandHLaw","https:\/\/www.linkedin.com\/company\/marks-&amp;-harrison\/","https:\/\/www.youtube.com\/channel\/UCRi1kc4BH8gI0V9M56V6WJw"]}]}},"_links":{"self":[{"href":"https:\/\/www.marksandharrison.com\/es\/wp-json\/wp\/v2\/pages\/893928","targetHints":{"allow":["GET"]}}],"collection":[{"href":"https:\/\/www.marksandharrison.com\/es\/wp-json\/wp\/v2\/pages"}],"about":[{"href":"https:\/\/www.marksandharrison.com\/es\/wp-json\/wp\/v2\/types\/page"}],"author":[{"embeddable":true,"href":"https:\/\/www.marksandharrison.com\/es\/wp-json\/wp\/v2\/users\/53"}],"replies":[{"embeddable":true,"href":"https:\/\/www.marksandharrison.com\/es\/wp-json\/wp\/v2\/comments?post=893928"}],"version-history":[{"count":4,"href":"https:\/\/www.marksandharrison.com\/es\/wp-json\/wp\/v2\/pages\/893928\/revisions"}],"predecessor-version":[{"id":908619,"href":"https:\/\/www.marksandharrison.com\/es\/wp-json\/wp\/v2\/pages\/893928\/revisions\/908619"}],"up":[{"embeddable":true,"href":"https:\/\/www.marksandharrison.com\/es\/wp-json\/wp\/v2\/pages\/910423"}],"wp:featuredmedia":[{"embeddable":true,"href":"https:\/\/www.marksandharrison.com\/es\/wp-json\/wp\/v2\/media\/878116"}],"wp:attachment":[{"href":"https:\/\/www.marksandharrison.com\/es\/wp-json\/wp\/v2\/media?parent=893928"}],"curies":[{"name":"wp","href":"https:\/\/api.w.org\/{rel}","templated":true}]}}