{"id":893895,"date":"2025-02-19T12:44:14","date_gmt":"2025-02-19T12:44:14","guid":{"rendered":"https:\/\/www.marksandharrison.com\/?page_id=893895"},"modified":"2026-03-05T15:20:03","modified_gmt":"2026-03-05T15:20:03","slug":"berkley-d-foltz","status":"publish","type":"page","link":"https:\/\/www.marksandharrison.com\/es\/nuestros-profesionales\/berkley-d-foltz\/","title":{"rendered":"Berkley D. Foltz"},"content":{"rendered":"<p><span style=\"font-weight: 400;\">Berkley ingres\u00f3 al equipo de Marks &amp; Harrison yo trajo con ella una riqueza de conocimientos sobre compensaci\u00f3n laboral. Tras graduarse de la Escuela de Derecho T.C. Williams de la Universidad de Richmond, Berkley se uni\u00f3 a un bufete de abogados de pr\u00e1ctica general en Newport News, Virginia, donde adquiri\u00f3 experiencia en diversas \u00e1reas del derecho, incluyendo la representaci\u00f3n de trabajadores lesionados.\u00a0 Trabajar y aprender sobre m\u00faltiples \u00e1reas de la ley le permiti\u00f3 reconocer que lo que m\u00e1s le apasionaba era ayudar a los clientes lesionados. Berkley se mud\u00f3 a Richmond en 2018 y enfoc\u00f3 su pr\u00e1ctica trabajando para una firma que maneja exclusivamente asuntos de accidentes, lesiones personales y compensaci\u00f3n de trabajadores. Berkley est\u00e1 emocionada de continuar representando a trabajadores lesionados y asegurarse de que reciban todos los beneficios que merecen.<\/span><\/p>\n<p><span style=\"font-weight: 400;\">Antes de asistir a la escuela de leyes, Berkley asisti\u00f3 al Centre College en Kentucky, donde se gradu\u00f3 con una doble licenciatura en Psicolog\u00eda y Religi\u00f3n. Berkley disfrut\u00f3 el reto de perseguir dos carreras en espectros muy diferentes.<\/span><\/p>\n<p><span style=\"font-weight: 400;\">En su tiempo libre, Berkley disfruta pasando tiempo con su marido y sus dos hijos peque\u00f1os. Le encanta viajar, cocinar y la m\u00fasica.<\/span><\/p>\n<p><iframe loading=\"lazy\" title=\"YouTube video player\" src=\"https:\/\/www.youtube.com\/embed\/8N_2TUepwbw?rel=0\" width=\"100%\" height=\"435\" frameborder=\"0\" allowfullscreen=\"allowfullscreen\"><\/iframe><\/p>\n","protected":false},"excerpt":{"rendered":"<p>Berkley ingres\u00f3 al equipo de Marks &amp; Harrison yo trajo con ella una riqueza de conocimientos sobre compensaci\u00f3n laboral. Tras graduarse de la Escuela de Derecho T.C. Williams de la Universidad de Richmond, Berkley se uni\u00f3 a un bufete de abogados de pr\u00e1ctica general en Newport News, Virginia, donde adquiri\u00f3&#8230;<\/p>\n","protected":false},"author":53,"featured_media":855978,"parent":910423,"menu_order":0,"comment_status":"closed","ping_status":"closed","template":"attorney-bio.php","meta":{"_acf_changed":false,"footnotes":""},"class_list":["post-893895","page","type-page","status-publish","has-post-thumbnail","hentry"],"acf":[],"yoast_head":"<!-- This site is optimized with the Yoast SEO plugin v27.2 - https:\/\/yoast.com\/product\/yoast-seo-wordpress\/ -->\n<title>Abogada de compensaci\u00f3n laboral Berkley D. Foltz | Marks &amp; Harrison<\/title>\n<meta name=\"description\" content=\"Conozca a Berkley D. Foltz, abogada especialista en compensaci\u00f3n laboral. Como parte del equipo de Marks &amp; Harrison Berkley, est\u00e1 lista para ayudarle.\" \/>\n<meta name=\"robots\" content=\"index, follow, max-snippet:-1, max-image-preview:large, max-video-preview:-1\" \/>\n<link rel=\"canonical\" href=\"https:\/\/www.marksandharrison.com\/es\/nuestros-profesionales\/berkley-d-foltz\/\" \/>\n<meta property=\"og:locale\" content=\"es_ES\" \/>\n<meta property=\"og:type\" content=\"article\" \/>\n<meta property=\"og:title\" content=\"Abogada de compensaci\u00f3n laboral Berkley D. Foltz | Marks &amp; Harrison\" \/>\n<meta property=\"og:description\" content=\"Conozca a Berkley D. Foltz, abogada especialista en compensaci\u00f3n laboral. Como parte del equipo de Marks &amp; Harrison Berkley, est\u00e1 lista para ayudarle.\" \/>\n<meta property=\"og:url\" content=\"https:\/\/www.marksandharrison.com\/es\/nuestros-profesionales\/berkley-d-foltz\/\" \/>\n<meta property=\"og:site_name\" content=\"Marks &amp; Harrison\" \/>\n<meta property=\"article:publisher\" content=\"https:\/\/www.facebook.com\/marksandharrison\/\" \/>\n<meta property=\"article:modified_time\" content=\"2026-03-05T15:20:03+00:00\" \/>\n<meta property=\"og:image\" content=\"https:\/\/www.marksandharrison.com\/wp-content\/uploads\/2023\/01\/berkley.jpg\" \/>\n\t<meta property=\"og:image:width\" content=\"360\" \/>\n\t<meta property=\"og:image:height\" content=\"266\" \/>\n\t<meta property=\"og:image:type\" content=\"image\/jpeg\" \/>\n<meta name=\"twitter:card\" content=\"summary_large_image\" \/>\n<meta name=\"twitter:site\" content=\"@MandHLaw\" \/>\n<meta name=\"twitter:label1\" content=\"Tiempo de lectura\" \/>\n\t<meta name=\"twitter:data1\" content=\"2 minutos\" \/>\n<!-- \/ Yoast SEO plugin. -->","yoast_head_json":{"title":"Abogada de compensaci\u00f3n laboral Berkley D. Foltz | Marks & Harrison","description":"Conozca a Berkley D. Foltz, abogada especialista en compensaci\u00f3n laboral. Como parte del equipo de Marks & Harrison Berkley, est\u00e1 lista para ayudarle.","robots":{"index":"index","follow":"follow","max-snippet":"max-snippet:-1","max-image-preview":"max-image-preview:large","max-video-preview":"max-video-preview:-1"},"canonical":"https:\/\/www.marksandharrison.com\/es\/nuestros-profesionales\/berkley-d-foltz\/","og_locale":"es_ES","og_type":"article","og_title":"Abogada de compensaci\u00f3n laboral Berkley D. Foltz | Marks & Harrison","og_description":"Conozca a Berkley D. Foltz, abogada especialista en compensaci\u00f3n laboral. Como parte del equipo de Marks & Harrison Berkley, est\u00e1 lista para ayudarle.","og_url":"https:\/\/www.marksandharrison.com\/es\/nuestros-profesionales\/berkley-d-foltz\/","og_site_name":"Marks &amp; Harrison","article_publisher":"https:\/\/www.facebook.com\/marksandharrison\/","article_modified_time":"2026-03-05T15:20:03+00:00","og_image":[{"width":360,"height":266,"url":"https:\/\/www.marksandharrison.com\/wp-content\/uploads\/2023\/01\/berkley.jpg","type":"image\/jpeg"}],"twitter_card":"summary_large_image","twitter_site":"@MandHLaw","twitter_misc":{"Tiempo de lectura":"2 minutos"},"schema":{"@context":"https:\/\/schema.org","@graph":[{"@type":"WebPage","@id":"https:\/\/www.marksandharrison.com\/es\/nuestros-profesionales\/berkley-d-foltz\/","url":"https:\/\/www.marksandharrison.com\/es\/nuestros-profesionales\/berkley-d-foltz\/","name":"Abogada de compensaci\u00f3n laboral Berkley D. Foltz | Marks & Harrison","isPartOf":{"@id":"https:\/\/www.marksandharrison.com\/#website"},"primaryImageOfPage":{"@id":"https:\/\/www.marksandharrison.com\/es\/nuestros-profesionales\/berkley-d-foltz\/#primaryimage"},"image":{"@id":"https:\/\/www.marksandharrison.com\/es\/nuestros-profesionales\/berkley-d-foltz\/#primaryimage"},"thumbnailUrl":"https:\/\/www.marksandharrison.com\/wp-content\/uploads\/2023\/01\/berkley.jpg","datePublished":"2025-02-19T12:44:14+00:00","dateModified":"2026-03-05T15:20:03+00:00","description":"Conozca a Berkley D. Foltz, abogada especialista en compensaci\u00f3n laboral. Como parte del equipo de Marks & Harrison Berkley, est\u00e1 lista para ayudarle.","breadcrumb":{"@id":"https:\/\/www.marksandharrison.com\/es\/nuestros-profesionales\/berkley-d-foltz\/#breadcrumb"},"inLanguage":"es","potentialAction":[{"@type":"ReadAction","target":["https:\/\/www.marksandharrison.com\/es\/nuestros-profesionales\/berkley-d-foltz\/"]}]},{"@type":"ImageObject","inLanguage":"es","@id":"https:\/\/www.marksandharrison.com\/es\/nuestros-profesionales\/berkley-d-foltz\/#primaryimage","url":"https:\/\/www.marksandharrison.com\/wp-content\/uploads\/2023\/01\/berkley.jpg","contentUrl":"https:\/\/www.marksandharrison.com\/wp-content\/uploads\/2023\/01\/berkley.jpg","width":360,"height":266,"caption":"Berkley D. Foltz - Attorney"},{"@type":"BreadcrumbList","@id":"https:\/\/www.marksandharrison.com\/es\/nuestros-profesionales\/berkley-d-foltz\/#breadcrumb","itemListElement":[{"@type":"ListItem","position":1,"name":"Home","item":"https:\/\/www.marksandharrison.com\/es\/"},{"@type":"ListItem","position":2,"name":"Nuestros Abogados","item":"https:\/\/www.marksandharrison.com\/es\/nuestros-profesionales\/"},{"@type":"ListItem","position":3,"name":"Berkley D. Foltz"}]},{"@type":"WebSite","@id":"https:\/\/www.marksandharrison.com\/#website","url":"https:\/\/www.marksandharrison.com\/","name":"Marks &amp; Harrison","description":"","publisher":{"@id":"https:\/\/www.marksandharrison.com\/#organization"},"potentialAction":[{"@type":"SearchAction","target":{"@type":"EntryPoint","urlTemplate":"https:\/\/www.marksandharrison.com\/?s={search_term_string}"},"query-input":{"@type":"PropertyValueSpecification","valueRequired":true,"valueName":"search_term_string"}}],"inLanguage":"es"},{"@type":"Organization","@id":"https:\/\/www.marksandharrison.com\/#organization","name":"Marks & Harrison","url":"https:\/\/www.marksandharrison.com\/","logo":{"@type":"ImageObject","inLanguage":"es","@id":"https:\/\/www.marksandharrison.com\/#\/schema\/logo\/image\/","url":"https:\/\/www.marksandharrison.com\/wp-content\/uploads\/2020\/04\/logo.png","contentUrl":"https:\/\/www.marksandharrison.com\/wp-content\/uploads\/2020\/04\/logo.png","width":224,"height":83,"caption":"Marks & Harrison"},"image":{"@id":"https:\/\/www.marksandharrison.com\/#\/schema\/logo\/image\/"},"sameAs":["https:\/\/www.facebook.com\/marksandharrison\/","https:\/\/x.com\/MandHLaw","https:\/\/www.linkedin.com\/company\/marks-&amp;-harrison\/","https:\/\/www.youtube.com\/channel\/UCRi1kc4BH8gI0V9M56V6WJw"]}]}},"_links":{"self":[{"href":"https:\/\/www.marksandharrison.com\/es\/wp-json\/wp\/v2\/pages\/893895","targetHints":{"allow":["GET"]}}],"collection":[{"href":"https:\/\/www.marksandharrison.com\/es\/wp-json\/wp\/v2\/pages"}],"about":[{"href":"https:\/\/www.marksandharrison.com\/es\/wp-json\/wp\/v2\/types\/page"}],"author":[{"embeddable":true,"href":"https:\/\/www.marksandharrison.com\/es\/wp-json\/wp\/v2\/users\/53"}],"replies":[{"embeddable":true,"href":"https:\/\/www.marksandharrison.com\/es\/wp-json\/wp\/v2\/comments?post=893895"}],"version-history":[{"count":4,"href":"https:\/\/www.marksandharrison.com\/es\/wp-json\/wp\/v2\/pages\/893895\/revisions"}],"predecessor-version":[{"id":908590,"href":"https:\/\/www.marksandharrison.com\/es\/wp-json\/wp\/v2\/pages\/893895\/revisions\/908590"}],"up":[{"embeddable":true,"href":"https:\/\/www.marksandharrison.com\/es\/wp-json\/wp\/v2\/pages\/910423"}],"wp:featuredmedia":[{"embeddable":true,"href":"https:\/\/www.marksandharrison.com\/es\/wp-json\/wp\/v2\/media\/855978"}],"wp:attachment":[{"href":"https:\/\/www.marksandharrison.com\/es\/wp-json\/wp\/v2\/media?parent=893895"}],"curies":[{"name":"wp","href":"https:\/\/api.w.org\/{rel}","templated":true}]}}