{"id":893871,"date":"2025-02-19T12:05:03","date_gmt":"2025-02-19T12:05:03","guid":{"rendered":"https:\/\/www.marksandharrison.com\/?page_id=893871"},"modified":"2026-03-05T15:19:48","modified_gmt":"2026-03-05T15:19:48","slug":"david-erwin","status":"publish","type":"page","link":"https:\/\/www.marksandharrison.com\/es\/nuestros-profesionales\/david-erwin\/","title":{"rendered":"David M. Erwin"},"content":{"rendered":"<p><span style=\"font-weight: 400;\">El abogado David Erwin ingres\u00f3 al equipo de Marks &amp; Harrison en 2021. Antes de incorporarse a nuestras oficinas en Charlottesville, Staunton y Harrisonburg, ejerci\u00f3 como abogado independiente y, previamente, fue socio durante muchos a\u00f1os en un bufete de accidentes y lesiones personales de alcance estatal en Virginia.<\/span><\/p>\n<p><span style=\"font-weight: 400;\">David obtuvo su t\u00edtulo de licenciatura en la Universidad Estatal de Illinois y posteriormente recibi\u00f3 su t\u00edtulo de Juris Doctor en la Facultad de Derecho de la Universidad de Dayton.<\/span><\/p>\n<h2>Casos destacados \/ Acuerdos \/ Veredictos<\/h2>\n<ol>\n<li style=\"font-weight: 400;\" aria-level=\"1\"><span style=\"font-weight: 400;\">El acusado impact\u00f3 un veh\u00edculo detenido legalmente en el arc\u00e9n de la carretera. Acuerdo mediado de $650,000.00.<\/span><\/li>\n<li style=\"font-weight: 400;\" aria-level=\"1\"><span style=\"font-weight: 400;\">Autom\u00f3vil impactado por un tr\u00e1iler mientras estaba detenido en el tr\u00e1fico de una autopista. Acuerdo de $1,200,000.00.<\/span><\/li>\n<li style=\"font-weight: 400;\" aria-level=\"1\"><span style=\"font-weight: 400;\">Colisi\u00f3n automovil\u00edstica. Veredicto del jurado de $280,000.00.<\/span><\/li>\n<li style=\"font-weight: 400;\" aria-level=\"1\"><span style=\"font-weight: 400;\">Un veh\u00edculo se incorpor\u00f3 al camino del autom\u00f3vil en el que el cliente viajaba como pasajero. Acuerdo mediado de $800,000.00.<\/span><\/li>\n<li style=\"font-weight: 400;\" aria-level=\"1\"><span style=\"font-weight: 400;\">Acuerdo por colisi\u00f3n con un veh\u00edculo comercial: $4,000,000.00.<\/span><\/li>\n<li style=\"font-weight: 400;\" aria-level=\"1\"><span style=\"font-weight: 400;\">Acuerdo por colisi\u00f3n con un cami\u00f3n: $2,000,000.00.<\/span><\/li>\n<li style=\"font-weight: 400;\" aria-level=\"1\"><span style=\"font-weight: 400;\">Pasajero en un accidente a alta velocidad con un solo veh\u00edculo. Responsabilidad disputada. Acuerdo de $500,000.00.<\/span><\/li>\n<li style=\"font-weight: 400;\" aria-level=\"1\"><span style=\"font-weight: 400;\">Colisi\u00f3n automovil\u00edstica con responsabilidad en disputa. Veredicto del jurado de $300,000.00.<\/span><\/li>\n<li style=\"font-weight: 400;\" aria-level=\"1\"><span style=\"font-weight: 400;\">Accidente de motocicleta con responsabilidad negada. Acuerdo mediado de $300,000.00.<\/span><\/li>\n<\/ol>\n","protected":false},"excerpt":{"rendered":"<p>El abogado David Erwin ingres\u00f3 al equipo de Marks &amp; Harrison en 2021. Antes de incorporarse a nuestras oficinas en Charlottesville, Staunton y Harrisonburg, ejerci\u00f3 como abogado independiente y, previamente, fue socio durante muchos a\u00f1os en un bufete de accidentes y lesiones personales de alcance estatal en Virginia. David obtuvo&#8230;<\/p>\n","protected":false},"author":53,"featured_media":855996,"parent":910423,"menu_order":0,"comment_status":"closed","ping_status":"closed","template":"attorney-bio.php","meta":{"_acf_changed":false,"footnotes":""},"class_list":["post-893871","page","type-page","status-publish","has-post-thumbnail","hentry"],"acf":[],"yoast_head":"<!-- This site is optimized with the Yoast SEO plugin v27.2 - https:\/\/yoast.com\/product\/yoast-seo-wordpress\/ -->\n<title>David M. Erwin: abogado de lesiones personales | Marks &amp; Harrison<\/title>\n<meta name=\"description\" content=\"Un caso de lesiones personales solo puede ser exitoso si lo asume un abogado de lesiones personales con una amplia experiencia y formaci\u00f3n, como David M. Erwin.\" \/>\n<meta name=\"robots\" content=\"index, follow, max-snippet:-1, max-image-preview:large, max-video-preview:-1\" \/>\n<link rel=\"canonical\" href=\"https:\/\/www.marksandharrison.com\/es\/nuestros-profesionales\/david-erwin\/\" \/>\n<meta property=\"og:locale\" content=\"es_ES\" \/>\n<meta property=\"og:type\" content=\"article\" \/>\n<meta property=\"og:title\" content=\"David M. Erwin: abogado de lesiones personales | Marks &amp; Harrison\" \/>\n<meta property=\"og:description\" content=\"Un caso de lesiones personales solo puede ser exitoso si lo asume un abogado de lesiones personales con una amplia experiencia y formaci\u00f3n, como David M. Erwin.\" \/>\n<meta property=\"og:url\" content=\"https:\/\/www.marksandharrison.com\/es\/nuestros-profesionales\/david-erwin\/\" \/>\n<meta property=\"og:site_name\" content=\"Marks &amp; Harrison\" \/>\n<meta property=\"article:publisher\" content=\"https:\/\/www.facebook.com\/marksandharrison\/\" \/>\n<meta property=\"article:modified_time\" content=\"2026-03-05T15:19:48+00:00\" \/>\n<meta property=\"og:image\" content=\"https:\/\/www.marksandharrison.com\/wp-content\/uploads\/2023\/01\/erwin.jpg\" \/>\n\t<meta property=\"og:image:width\" content=\"360\" \/>\n\t<meta property=\"og:image:height\" content=\"266\" \/>\n\t<meta property=\"og:image:type\" content=\"image\/jpeg\" \/>\n<meta name=\"twitter:card\" content=\"summary_large_image\" \/>\n<meta name=\"twitter:site\" content=\"@MandHLaw\" \/>\n<meta name=\"twitter:label1\" content=\"Tiempo de lectura\" \/>\n\t<meta name=\"twitter:data1\" content=\"2 minutos\" \/>\n<!-- \/ Yoast SEO plugin. -->","yoast_head_json":{"title":"David M. Erwin: abogado de lesiones personales | Marks & Harrison","description":"Un caso de lesiones personales solo puede ser exitoso si lo asume un abogado de lesiones personales con una amplia experiencia y formaci\u00f3n, como David M. Erwin.","robots":{"index":"index","follow":"follow","max-snippet":"max-snippet:-1","max-image-preview":"max-image-preview:large","max-video-preview":"max-video-preview:-1"},"canonical":"https:\/\/www.marksandharrison.com\/es\/nuestros-profesionales\/david-erwin\/","og_locale":"es_ES","og_type":"article","og_title":"David M. Erwin: abogado de lesiones personales | Marks & Harrison","og_description":"Un caso de lesiones personales solo puede ser exitoso si lo asume un abogado de lesiones personales con una amplia experiencia y formaci\u00f3n, como David M. Erwin.","og_url":"https:\/\/www.marksandharrison.com\/es\/nuestros-profesionales\/david-erwin\/","og_site_name":"Marks &amp; Harrison","article_publisher":"https:\/\/www.facebook.com\/marksandharrison\/","article_modified_time":"2026-03-05T15:19:48+00:00","og_image":[{"width":360,"height":266,"url":"https:\/\/www.marksandharrison.com\/wp-content\/uploads\/2023\/01\/erwin.jpg","type":"image\/jpeg"}],"twitter_card":"summary_large_image","twitter_site":"@MandHLaw","twitter_misc":{"Tiempo de lectura":"2 minutos"},"schema":{"@context":"https:\/\/schema.org","@graph":[{"@type":"WebPage","@id":"https:\/\/www.marksandharrison.com\/es\/nuestros-profesionales\/david-erwin\/","url":"https:\/\/www.marksandharrison.com\/es\/nuestros-profesionales\/david-erwin\/","name":"David M. Erwin: abogado de lesiones personales | Marks & Harrison","isPartOf":{"@id":"https:\/\/www.marksandharrison.com\/#website"},"primaryImageOfPage":{"@id":"https:\/\/www.marksandharrison.com\/es\/nuestros-profesionales\/david-erwin\/#primaryimage"},"image":{"@id":"https:\/\/www.marksandharrison.com\/es\/nuestros-profesionales\/david-erwin\/#primaryimage"},"thumbnailUrl":"https:\/\/www.marksandharrison.com\/wp-content\/uploads\/2023\/01\/erwin.jpg","datePublished":"2025-02-19T12:05:03+00:00","dateModified":"2026-03-05T15:19:48+00:00","description":"Un caso de lesiones personales solo puede ser exitoso si lo asume un abogado de lesiones personales con una amplia experiencia y formaci\u00f3n, como David M. Erwin.","breadcrumb":{"@id":"https:\/\/www.marksandharrison.com\/es\/nuestros-profesionales\/david-erwin\/#breadcrumb"},"inLanguage":"es","potentialAction":[{"@type":"ReadAction","target":["https:\/\/www.marksandharrison.com\/es\/nuestros-profesionales\/david-erwin\/"]}]},{"@type":"ImageObject","inLanguage":"es","@id":"https:\/\/www.marksandharrison.com\/es\/nuestros-profesionales\/david-erwin\/#primaryimage","url":"https:\/\/www.marksandharrison.com\/wp-content\/uploads\/2023\/01\/erwin.jpg","contentUrl":"https:\/\/www.marksandharrison.com\/wp-content\/uploads\/2023\/01\/erwin.jpg","width":360,"height":266,"caption":"David M. Erwin - Attorney"},{"@type":"BreadcrumbList","@id":"https:\/\/www.marksandharrison.com\/es\/nuestros-profesionales\/david-erwin\/#breadcrumb","itemListElement":[{"@type":"ListItem","position":1,"name":"Home","item":"https:\/\/www.marksandharrison.com\/es\/"},{"@type":"ListItem","position":2,"name":"Nuestros Abogados","item":"https:\/\/www.marksandharrison.com\/es\/nuestros-profesionales\/"},{"@type":"ListItem","position":3,"name":"David M. Erwin"}]},{"@type":"WebSite","@id":"https:\/\/www.marksandharrison.com\/#website","url":"https:\/\/www.marksandharrison.com\/","name":"Marks &amp; Harrison","description":"","publisher":{"@id":"https:\/\/www.marksandharrison.com\/#organization"},"potentialAction":[{"@type":"SearchAction","target":{"@type":"EntryPoint","urlTemplate":"https:\/\/www.marksandharrison.com\/?s={search_term_string}"},"query-input":{"@type":"PropertyValueSpecification","valueRequired":true,"valueName":"search_term_string"}}],"inLanguage":"es"},{"@type":"Organization","@id":"https:\/\/www.marksandharrison.com\/#organization","name":"Marks & Harrison","url":"https:\/\/www.marksandharrison.com\/","logo":{"@type":"ImageObject","inLanguage":"es","@id":"https:\/\/www.marksandharrison.com\/#\/schema\/logo\/image\/","url":"https:\/\/www.marksandharrison.com\/wp-content\/uploads\/2020\/04\/logo.png","contentUrl":"https:\/\/www.marksandharrison.com\/wp-content\/uploads\/2020\/04\/logo.png","width":224,"height":83,"caption":"Marks & Harrison"},"image":{"@id":"https:\/\/www.marksandharrison.com\/#\/schema\/logo\/image\/"},"sameAs":["https:\/\/www.facebook.com\/marksandharrison\/","https:\/\/x.com\/MandHLaw","https:\/\/www.linkedin.com\/company\/marks-&amp;-harrison\/","https:\/\/www.youtube.com\/channel\/UCRi1kc4BH8gI0V9M56V6WJw"]}]}},"_links":{"self":[{"href":"https:\/\/www.marksandharrison.com\/es\/wp-json\/wp\/v2\/pages\/893871","targetHints":{"allow":["GET"]}}],"collection":[{"href":"https:\/\/www.marksandharrison.com\/es\/wp-json\/wp\/v2\/pages"}],"about":[{"href":"https:\/\/www.marksandharrison.com\/es\/wp-json\/wp\/v2\/types\/page"}],"author":[{"embeddable":true,"href":"https:\/\/www.marksandharrison.com\/es\/wp-json\/wp\/v2\/users\/53"}],"replies":[{"embeddable":true,"href":"https:\/\/www.marksandharrison.com\/es\/wp-json\/wp\/v2\/comments?post=893871"}],"version-history":[{"count":5,"href":"https:\/\/www.marksandharrison.com\/es\/wp-json\/wp\/v2\/pages\/893871\/revisions"}],"predecessor-version":[{"id":908565,"href":"https:\/\/www.marksandharrison.com\/es\/wp-json\/wp\/v2\/pages\/893871\/revisions\/908565"}],"up":[{"embeddable":true,"href":"https:\/\/www.marksandharrison.com\/es\/wp-json\/wp\/v2\/pages\/910423"}],"wp:featuredmedia":[{"embeddable":true,"href":"https:\/\/www.marksandharrison.com\/es\/wp-json\/wp\/v2\/media\/855996"}],"wp:attachment":[{"href":"https:\/\/www.marksandharrison.com\/es\/wp-json\/wp\/v2\/media?parent=893871"}],"curies":[{"name":"wp","href":"https:\/\/api.w.org\/{rel}","templated":true}]}}