{"id":893859,"date":"2025-02-19T11:44:43","date_gmt":"2025-02-19T11:44:43","guid":{"rendered":"https:\/\/www.marksandharrison.com\/?page_id=893859"},"modified":"2026-03-05T15:19:41","modified_gmt":"2026-03-05T15:19:41","slug":"alistair-d-edwards","status":"publish","type":"page","link":"https:\/\/www.marksandharrison.com\/es\/nuestros-profesionales\/alistair-d-edwards\/","title":{"rendered":"Alistair D. Edwards"},"content":{"rendered":"<p><span style=\"font-weight: 400;\">Alistair Edwards ingres\u00f3 al equipo de Marks &amp; Harrison en 2023. Antes de integrarse a la firma, trabaj\u00f3 durante muchos a\u00f1os como abogado senior en el National Legal Research Group en Charlottesville. En su rol como abogado senior en NLRG, colabor\u00f3 con miles de abogados de todo el pa\u00eds en diversos proyectos de litigio, realizando investigaciones legales, redacci\u00f3n y an\u00e1lisis jur\u00eddico para sus clientes. En esa funci\u00f3n, Alistair ha preparado literalmente miles de memorandos legales y escritos de apelaci\u00f3n, incluyendo m\u00faltiples presentaciones ante la Corte Suprema de Virginia, el Tribunal de Apelaciones del Cuarto Circuito de los Estados Unidos y la Corte Suprema de los Estados Unidos.<\/span><\/p>\n<p><span style=\"font-weight: 400;\">Alistair obtuvo su t\u00edtulo de pregrado en la Universidad de Virginia, especializ\u00e1ndose en Historia, y posteriormente obtuvo su t\u00edtulo en derecho en la Universidad de Florida.<\/span><\/p>\n","protected":false},"excerpt":{"rendered":"<p>Alistair Edwards ingres\u00f3 al equipo de Marks &amp; Harrison en 2023. Antes de integrarse a la firma, trabaj\u00f3 durante muchos a\u00f1os como abogado senior en el National Legal Research Group en Charlottesville. En su rol como abogado senior en NLRG, colabor\u00f3 con miles de abogados de todo el pa\u00eds en&#8230;<\/p>\n","protected":false},"author":53,"featured_media":856484,"parent":910423,"menu_order":0,"comment_status":"closed","ping_status":"closed","template":"attorney-bio.php","meta":{"_acf_changed":false,"footnotes":""},"class_list":["post-893859","page","type-page","status-publish","has-post-thumbnail","hentry"],"acf":[],"yoast_head":"<!-- This site is optimized with the Yoast SEO plugin v27.2 - https:\/\/yoast.com\/product\/yoast-seo-wordpress\/ -->\n<title>Alistair D. Edwards | Marks &amp; Harrison<\/title>\n<meta name=\"description\" content=\"Conozca a Alistair D. Edwards, abogado de accidentes y lesiones personales con amplia experiencia en litigios, investigaci\u00f3n legal y defensa de sus derechos.\" \/>\n<meta name=\"robots\" content=\"index, follow, max-snippet:-1, max-image-preview:large, max-video-preview:-1\" \/>\n<link rel=\"canonical\" href=\"https:\/\/www.marksandharrison.com\/es\/nuestros-profesionales\/alistair-d-edwards\/\" \/>\n<meta property=\"og:locale\" content=\"es_ES\" \/>\n<meta property=\"og:type\" content=\"article\" \/>\n<meta property=\"og:title\" content=\"Alistair D. Edwards | Marks &amp; Harrison\" \/>\n<meta property=\"og:description\" content=\"Conozca a Alistair D. Edwards, abogado de accidentes y lesiones personales con amplia experiencia en litigios, investigaci\u00f3n legal y defensa de sus derechos.\" \/>\n<meta property=\"og:url\" content=\"https:\/\/www.marksandharrison.com\/es\/nuestros-profesionales\/alistair-d-edwards\/\" \/>\n<meta property=\"og:site_name\" content=\"Marks &amp; Harrison\" \/>\n<meta property=\"article:publisher\" content=\"https:\/\/www.facebook.com\/marksandharrison\/\" \/>\n<meta property=\"article:modified_time\" content=\"2026-03-05T15:19:41+00:00\" \/>\n<meta property=\"og:image\" content=\"https:\/\/www.marksandharrison.com\/wp-content\/uploads\/2023\/01\/Alistair-Edwards.jpg\" \/>\n\t<meta property=\"og:image:width\" content=\"360\" \/>\n\t<meta property=\"og:image:height\" content=\"266\" \/>\n\t<meta property=\"og:image:type\" content=\"image\/jpeg\" \/>\n<meta name=\"twitter:card\" content=\"summary_large_image\" \/>\n<meta name=\"twitter:site\" content=\"@MandHLaw\" \/>\n<meta name=\"twitter:label1\" content=\"Tiempo de lectura\" \/>\n\t<meta name=\"twitter:data1\" content=\"1 minuto\" \/>\n<!-- \/ Yoast SEO plugin. -->","yoast_head_json":{"title":"Alistair D. Edwards | Marks & Harrison","description":"Conozca a Alistair D. Edwards, abogado de accidentes y lesiones personales con amplia experiencia en litigios, investigaci\u00f3n legal y defensa de sus derechos.","robots":{"index":"index","follow":"follow","max-snippet":"max-snippet:-1","max-image-preview":"max-image-preview:large","max-video-preview":"max-video-preview:-1"},"canonical":"https:\/\/www.marksandharrison.com\/es\/nuestros-profesionales\/alistair-d-edwards\/","og_locale":"es_ES","og_type":"article","og_title":"Alistair D. Edwards | Marks & Harrison","og_description":"Conozca a Alistair D. Edwards, abogado de accidentes y lesiones personales con amplia experiencia en litigios, investigaci\u00f3n legal y defensa de sus derechos.","og_url":"https:\/\/www.marksandharrison.com\/es\/nuestros-profesionales\/alistair-d-edwards\/","og_site_name":"Marks &amp; Harrison","article_publisher":"https:\/\/www.facebook.com\/marksandharrison\/","article_modified_time":"2026-03-05T15:19:41+00:00","og_image":[{"width":360,"height":266,"url":"https:\/\/www.marksandharrison.com\/wp-content\/uploads\/2023\/01\/Alistair-Edwards.jpg","type":"image\/jpeg"}],"twitter_card":"summary_large_image","twitter_site":"@MandHLaw","twitter_misc":{"Tiempo de lectura":"1 minuto"},"schema":{"@context":"https:\/\/schema.org","@graph":[{"@type":"WebPage","@id":"https:\/\/www.marksandharrison.com\/es\/nuestros-profesionales\/alistair-d-edwards\/","url":"https:\/\/www.marksandharrison.com\/es\/nuestros-profesionales\/alistair-d-edwards\/","name":"Alistair D. Edwards | Marks & Harrison","isPartOf":{"@id":"https:\/\/www.marksandharrison.com\/#website"},"primaryImageOfPage":{"@id":"https:\/\/www.marksandharrison.com\/es\/nuestros-profesionales\/alistair-d-edwards\/#primaryimage"},"image":{"@id":"https:\/\/www.marksandharrison.com\/es\/nuestros-profesionales\/alistair-d-edwards\/#primaryimage"},"thumbnailUrl":"https:\/\/www.marksandharrison.com\/wp-content\/uploads\/2023\/01\/Alistair-Edwards.jpg","datePublished":"2025-02-19T11:44:43+00:00","dateModified":"2026-03-05T15:19:41+00:00","description":"Conozca a Alistair D. Edwards, abogado de accidentes y lesiones personales con amplia experiencia en litigios, investigaci\u00f3n legal y defensa de sus derechos.","breadcrumb":{"@id":"https:\/\/www.marksandharrison.com\/es\/nuestros-profesionales\/alistair-d-edwards\/#breadcrumb"},"inLanguage":"es","potentialAction":[{"@type":"ReadAction","target":["https:\/\/www.marksandharrison.com\/es\/nuestros-profesionales\/alistair-d-edwards\/"]}]},{"@type":"ImageObject","inLanguage":"es","@id":"https:\/\/www.marksandharrison.com\/es\/nuestros-profesionales\/alistair-d-edwards\/#primaryimage","url":"https:\/\/www.marksandharrison.com\/wp-content\/uploads\/2023\/01\/Alistair-Edwards.jpg","contentUrl":"https:\/\/www.marksandharrison.com\/wp-content\/uploads\/2023\/01\/Alistair-Edwards.jpg","width":360,"height":266,"caption":"Alistair D. Edwards - Attorney"},{"@type":"BreadcrumbList","@id":"https:\/\/www.marksandharrison.com\/es\/nuestros-profesionales\/alistair-d-edwards\/#breadcrumb","itemListElement":[{"@type":"ListItem","position":1,"name":"Home","item":"https:\/\/www.marksandharrison.com\/es\/"},{"@type":"ListItem","position":2,"name":"Nuestros Abogados","item":"https:\/\/www.marksandharrison.com\/es\/nuestros-profesionales\/"},{"@type":"ListItem","position":3,"name":"Alistair D. Edwards"}]},{"@type":"WebSite","@id":"https:\/\/www.marksandharrison.com\/#website","url":"https:\/\/www.marksandharrison.com\/","name":"Marks &amp; Harrison","description":"","publisher":{"@id":"https:\/\/www.marksandharrison.com\/#organization"},"potentialAction":[{"@type":"SearchAction","target":{"@type":"EntryPoint","urlTemplate":"https:\/\/www.marksandharrison.com\/?s={search_term_string}"},"query-input":{"@type":"PropertyValueSpecification","valueRequired":true,"valueName":"search_term_string"}}],"inLanguage":"es"},{"@type":"Organization","@id":"https:\/\/www.marksandharrison.com\/#organization","name":"Marks & Harrison","url":"https:\/\/www.marksandharrison.com\/","logo":{"@type":"ImageObject","inLanguage":"es","@id":"https:\/\/www.marksandharrison.com\/#\/schema\/logo\/image\/","url":"https:\/\/www.marksandharrison.com\/wp-content\/uploads\/2020\/04\/logo.png","contentUrl":"https:\/\/www.marksandharrison.com\/wp-content\/uploads\/2020\/04\/logo.png","width":224,"height":83,"caption":"Marks & Harrison"},"image":{"@id":"https:\/\/www.marksandharrison.com\/#\/schema\/logo\/image\/"},"sameAs":["https:\/\/www.facebook.com\/marksandharrison\/","https:\/\/x.com\/MandHLaw","https:\/\/www.linkedin.com\/company\/marks-&amp;-harrison\/","https:\/\/www.youtube.com\/channel\/UCRi1kc4BH8gI0V9M56V6WJw"]}]}},"_links":{"self":[{"href":"https:\/\/www.marksandharrison.com\/es\/wp-json\/wp\/v2\/pages\/893859","targetHints":{"allow":["GET"]}}],"collection":[{"href":"https:\/\/www.marksandharrison.com\/es\/wp-json\/wp\/v2\/pages"}],"about":[{"href":"https:\/\/www.marksandharrison.com\/es\/wp-json\/wp\/v2\/types\/page"}],"author":[{"embeddable":true,"href":"https:\/\/www.marksandharrison.com\/es\/wp-json\/wp\/v2\/users\/53"}],"replies":[{"embeddable":true,"href":"https:\/\/www.marksandharrison.com\/es\/wp-json\/wp\/v2\/comments?post=893859"}],"version-history":[{"count":5,"href":"https:\/\/www.marksandharrison.com\/es\/wp-json\/wp\/v2\/pages\/893859\/revisions"}],"predecessor-version":[{"id":908576,"href":"https:\/\/www.marksandharrison.com\/es\/wp-json\/wp\/v2\/pages\/893859\/revisions\/908576"}],"up":[{"embeddable":true,"href":"https:\/\/www.marksandharrison.com\/es\/wp-json\/wp\/v2\/pages\/910423"}],"wp:featuredmedia":[{"embeddable":true,"href":"https:\/\/www.marksandharrison.com\/es\/wp-json\/wp\/v2\/media\/856484"}],"wp:attachment":[{"href":"https:\/\/www.marksandharrison.com\/es\/wp-json\/wp\/v2\/media?parent=893859"}],"curies":[{"name":"wp","href":"https:\/\/api.w.org\/{rel}","templated":true}]}}