{"id":893846,"date":"2025-02-19T09:47:28","date_gmt":"2025-02-19T09:47:28","guid":{"rendered":"https:\/\/www.marksandharrison.com\/?page_id=893846"},"modified":"2026-03-05T15:19:35","modified_gmt":"2026-03-05T15:19:35","slug":"joseph-e-dean","status":"publish","type":"page","link":"https:\/\/www.marksandharrison.com\/es\/nuestros-profesionales\/joseph-e-dean\/","title":{"rendered":"Joseph E. Dean, II"},"content":{"rendered":"<p><span style=\"font-weight: 400;\">Joseph E. Dean, II es un abogado din\u00e1mico y diligente, comprometido a servir a las necesidades de sus clientes. Su pr\u00e1ctica est\u00e1 totalmente dedicada a servir a los heridos y Joseph se enorgullece de ayudar a sus clientes a navegar por las complejidades del sistema legal para alcanzar la justicia.<\/span><\/p>\n<p><span style=\"font-weight: 400;\">Como litigante con amplia experiencia, ha representado con \u00e9xito a clientes en juicios y apelaciones ante los tribunales de Virginia.<\/span><\/p>\n<p><span style=\"font-weight: 400;\">Como un Eagle Scout y nativo de Virginia Occidental, Joseph desarroll\u00f3 un amor por el aire libre a una edad temprana. Cuando no est\u00e1 en la oficina, a menudo se le puede encontrar haciendo senderismo, ciclismo, y disfrutando de la naturaleza con su esposa y su familia.<\/span><\/p>\n<p><iframe loading=\"lazy\" title=\"YouTube video player\" src=\"https:\/\/www.youtube.com\/embed\/i0Z-Ambuvn4?rel=0\" width=\"100%\" height=\"435\" frameborder=\"0\" allowfullscreen=\"allowfullscreen\"><\/iframe><\/p>\n","protected":false},"excerpt":{"rendered":"<p>Joseph E. Dean, II es un abogado din\u00e1mico y diligente, comprometido a servir a las necesidades de sus clientes. Su pr\u00e1ctica est\u00e1 totalmente dedicada a servir a los heridos y Joseph se enorgullece de ayudar a sus clientes a navegar por las complejidades del sistema legal para alcanzar la justicia&#8230;.<\/p>\n","protected":false},"author":53,"featured_media":855987,"parent":910423,"menu_order":0,"comment_status":"closed","ping_status":"closed","template":"attorney-bio.php","meta":{"_acf_changed":false,"footnotes":""},"class_list":["post-893846","page","type-page","status-publish","has-post-thumbnail","hentry"],"acf":[],"yoast_head":"<!-- This site is optimized with the Yoast SEO plugin v27.2 - https:\/\/yoast.com\/product\/yoast-seo-wordpress\/ -->\n<title>Abogado de lesiones personales Joseph Dean, II | Marks &amp; Harrison<\/title>\n<meta name=\"description\" content=\"Conoce a Joseph Dean, II, un abogado de accidentes y lesiones personales dedicado y diligente que forma parte del equipo especializado de Marks &amp; Harrison.\" \/>\n<meta name=\"robots\" content=\"index, follow, max-snippet:-1, max-image-preview:large, max-video-preview:-1\" \/>\n<link rel=\"canonical\" href=\"https:\/\/www.marksandharrison.com\/es\/nuestros-profesionales\/joseph-e-dean\/\" \/>\n<meta property=\"og:locale\" content=\"es_ES\" \/>\n<meta property=\"og:type\" content=\"article\" \/>\n<meta property=\"og:title\" content=\"Abogado de lesiones personales Joseph Dean, II | Marks &amp; Harrison\" \/>\n<meta property=\"og:description\" content=\"Conoce a Joseph Dean, II, un abogado de accidentes y lesiones personales dedicado y diligente que forma parte del equipo especializado de Marks &amp; Harrison.\" \/>\n<meta property=\"og:url\" content=\"https:\/\/www.marksandharrison.com\/es\/nuestros-profesionales\/joseph-e-dean\/\" \/>\n<meta property=\"og:site_name\" content=\"Marks &amp; Harrison\" \/>\n<meta property=\"article:publisher\" content=\"https:\/\/www.facebook.com\/marksandharrison\/\" \/>\n<meta property=\"article:modified_time\" content=\"2026-03-05T15:19:35+00:00\" \/>\n<meta property=\"og:image\" content=\"https:\/\/www.marksandharrison.com\/wp-content\/uploads\/2023\/01\/joseph-dean.jpg\" \/>\n\t<meta property=\"og:image:width\" content=\"360\" \/>\n\t<meta property=\"og:image:height\" content=\"266\" \/>\n\t<meta property=\"og:image:type\" content=\"image\/jpeg\" \/>\n<meta name=\"twitter:card\" content=\"summary_large_image\" \/>\n<meta name=\"twitter:site\" content=\"@MandHLaw\" \/>\n<meta name=\"twitter:label1\" content=\"Tiempo de lectura\" \/>\n\t<meta name=\"twitter:data1\" content=\"1 minuto\" \/>\n<!-- \/ Yoast SEO plugin. -->","yoast_head_json":{"title":"Abogado de lesiones personales Joseph Dean, II | Marks & Harrison","description":"Conoce a Joseph Dean, II, un abogado de accidentes y lesiones personales dedicado y diligente que forma parte del equipo especializado de Marks & Harrison.","robots":{"index":"index","follow":"follow","max-snippet":"max-snippet:-1","max-image-preview":"max-image-preview:large","max-video-preview":"max-video-preview:-1"},"canonical":"https:\/\/www.marksandharrison.com\/es\/nuestros-profesionales\/joseph-e-dean\/","og_locale":"es_ES","og_type":"article","og_title":"Abogado de lesiones personales Joseph Dean, II | Marks & Harrison","og_description":"Conoce a Joseph Dean, II, un abogado de accidentes y lesiones personales dedicado y diligente que forma parte del equipo especializado de Marks & Harrison.","og_url":"https:\/\/www.marksandharrison.com\/es\/nuestros-profesionales\/joseph-e-dean\/","og_site_name":"Marks &amp; Harrison","article_publisher":"https:\/\/www.facebook.com\/marksandharrison\/","article_modified_time":"2026-03-05T15:19:35+00:00","og_image":[{"width":360,"height":266,"url":"https:\/\/www.marksandharrison.com\/wp-content\/uploads\/2023\/01\/joseph-dean.jpg","type":"image\/jpeg"}],"twitter_card":"summary_large_image","twitter_site":"@MandHLaw","twitter_misc":{"Tiempo de lectura":"1 minuto"},"schema":{"@context":"https:\/\/schema.org","@graph":[{"@type":"WebPage","@id":"https:\/\/www.marksandharrison.com\/es\/nuestros-profesionales\/joseph-e-dean\/","url":"https:\/\/www.marksandharrison.com\/es\/nuestros-profesionales\/joseph-e-dean\/","name":"Abogado de lesiones personales Joseph Dean, II | Marks & Harrison","isPartOf":{"@id":"https:\/\/www.marksandharrison.com\/#website"},"primaryImageOfPage":{"@id":"https:\/\/www.marksandharrison.com\/es\/nuestros-profesionales\/joseph-e-dean\/#primaryimage"},"image":{"@id":"https:\/\/www.marksandharrison.com\/es\/nuestros-profesionales\/joseph-e-dean\/#primaryimage"},"thumbnailUrl":"https:\/\/www.marksandharrison.com\/wp-content\/uploads\/2023\/01\/joseph-dean.jpg","datePublished":"2025-02-19T09:47:28+00:00","dateModified":"2026-03-05T15:19:35+00:00","description":"Conoce a Joseph Dean, II, un abogado de accidentes y lesiones personales dedicado y diligente que forma parte del equipo especializado de Marks & Harrison.","breadcrumb":{"@id":"https:\/\/www.marksandharrison.com\/es\/nuestros-profesionales\/joseph-e-dean\/#breadcrumb"},"inLanguage":"es","potentialAction":[{"@type":"ReadAction","target":["https:\/\/www.marksandharrison.com\/es\/nuestros-profesionales\/joseph-e-dean\/"]}]},{"@type":"ImageObject","inLanguage":"es","@id":"https:\/\/www.marksandharrison.com\/es\/nuestros-profesionales\/joseph-e-dean\/#primaryimage","url":"https:\/\/www.marksandharrison.com\/wp-content\/uploads\/2023\/01\/joseph-dean.jpg","contentUrl":"https:\/\/www.marksandharrison.com\/wp-content\/uploads\/2023\/01\/joseph-dean.jpg","width":360,"height":266,"caption":"Joseph E. Dean, II - Attorney"},{"@type":"BreadcrumbList","@id":"https:\/\/www.marksandharrison.com\/es\/nuestros-profesionales\/joseph-e-dean\/#breadcrumb","itemListElement":[{"@type":"ListItem","position":1,"name":"Home","item":"https:\/\/www.marksandharrison.com\/es\/"},{"@type":"ListItem","position":2,"name":"Nuestros Abogados","item":"https:\/\/www.marksandharrison.com\/es\/nuestros-profesionales\/"},{"@type":"ListItem","position":3,"name":"Joseph E. Dean, II"}]},{"@type":"WebSite","@id":"https:\/\/www.marksandharrison.com\/#website","url":"https:\/\/www.marksandharrison.com\/","name":"Marks &amp; Harrison","description":"","publisher":{"@id":"https:\/\/www.marksandharrison.com\/#organization"},"potentialAction":[{"@type":"SearchAction","target":{"@type":"EntryPoint","urlTemplate":"https:\/\/www.marksandharrison.com\/?s={search_term_string}"},"query-input":{"@type":"PropertyValueSpecification","valueRequired":true,"valueName":"search_term_string"}}],"inLanguage":"es"},{"@type":"Organization","@id":"https:\/\/www.marksandharrison.com\/#organization","name":"Marks & Harrison","url":"https:\/\/www.marksandharrison.com\/","logo":{"@type":"ImageObject","inLanguage":"es","@id":"https:\/\/www.marksandharrison.com\/#\/schema\/logo\/image\/","url":"https:\/\/www.marksandharrison.com\/wp-content\/uploads\/2020\/04\/logo.png","contentUrl":"https:\/\/www.marksandharrison.com\/wp-content\/uploads\/2020\/04\/logo.png","width":224,"height":83,"caption":"Marks & Harrison"},"image":{"@id":"https:\/\/www.marksandharrison.com\/#\/schema\/logo\/image\/"},"sameAs":["https:\/\/www.facebook.com\/marksandharrison\/","https:\/\/x.com\/MandHLaw","https:\/\/www.linkedin.com\/company\/marks-&amp;-harrison\/","https:\/\/www.youtube.com\/channel\/UCRi1kc4BH8gI0V9M56V6WJw"]}]}},"_links":{"self":[{"href":"https:\/\/www.marksandharrison.com\/es\/wp-json\/wp\/v2\/pages\/893846","targetHints":{"allow":["GET"]}}],"collection":[{"href":"https:\/\/www.marksandharrison.com\/es\/wp-json\/wp\/v2\/pages"}],"about":[{"href":"https:\/\/www.marksandharrison.com\/es\/wp-json\/wp\/v2\/types\/page"}],"author":[{"embeddable":true,"href":"https:\/\/www.marksandharrison.com\/es\/wp-json\/wp\/v2\/users\/53"}],"replies":[{"embeddable":true,"href":"https:\/\/www.marksandharrison.com\/es\/wp-json\/wp\/v2\/comments?post=893846"}],"version-history":[{"count":4,"href":"https:\/\/www.marksandharrison.com\/es\/wp-json\/wp\/v2\/pages\/893846\/revisions"}],"predecessor-version":[{"id":908556,"href":"https:\/\/www.marksandharrison.com\/es\/wp-json\/wp\/v2\/pages\/893846\/revisions\/908556"}],"up":[{"embeddable":true,"href":"https:\/\/www.marksandharrison.com\/es\/wp-json\/wp\/v2\/pages\/910423"}],"wp:featuredmedia":[{"embeddable":true,"href":"https:\/\/www.marksandharrison.com\/es\/wp-json\/wp\/v2\/media\/855987"}],"wp:attachment":[{"href":"https:\/\/www.marksandharrison.com\/es\/wp-json\/wp\/v2\/media?parent=893846"}],"curies":[{"name":"wp","href":"https:\/\/api.w.org\/{rel}","templated":true}]}}