{"id":893834,"date":"2025-02-19T09:25:05","date_gmt":"2025-02-19T09:25:05","guid":{"rendered":"https:\/\/www.marksandharrison.com\/?page_id=893834"},"modified":"2026-03-05T15:19:29","modified_gmt":"2026-03-05T15:19:29","slug":"leslie-c-dalton","status":"publish","type":"page","link":"https:\/\/www.marksandharrison.com\/es\/nuestros-profesionales\/leslie-c-dalton\/","title":{"rendered":"Leslie C. Dalton"},"content":{"rendered":"<p><span style=\"font-weight: 400;\">Leslie se reincorpor\u00f3 al equipo de Marks and Harrison en 2023. Es originaria de Richmond y asisti\u00f3 a la escuela secundaria Mills E. Godwin. Se gradu\u00f3 con honores de la Universidad Virginia Commonwealth con una Licenciatura en Ciencias en Justicia Criminal y una especializaci\u00f3n en Estudios de la Mujer. Leslie obtuvo su t\u00edtulo de abogada en el Colegio de Derecho de la Universidad Loyola de Nueva Orleans en 2008.<\/span><\/p>\n<p><span style=\"font-weight: 400;\">Leslie comenz\u00f3 su carrera defendiendo a personas lesionadas en un bufete de abogados de lesiones personales en Nueva Orleans. Desde su regreso a Richmond en 2015, Leslie ha trabajado en ambos lados del sistema judicial con el equipo legal de GEICO y en Marks &amp; Harrison. Leslie est\u00e1 emocionada de estar de vuelta y continuar con su pasi\u00f3n por luchar por individuos y familias en Virginia.<\/span><\/p>\n<p><iframe loading=\"lazy\" title=\"YouTube video player\" src=\"https:\/\/www.youtube.com\/embed\/nZnw5G5CvIg?rel=0\" width=\"100%\" height=\"435\" frameborder=\"0\" allowfullscreen=\"allowfullscreen\"><span data-mce-type=\"bookmark\" style=\"display: inline-block; width: 0px; overflow: hidden; line-height: 0;\" class=\"mce_SELRES_start\">\ufeff<\/span><\/iframe><\/p>\n","protected":false},"excerpt":{"rendered":"<p>Leslie se reincorpor\u00f3 al equipo de Marks and Harrison en 2023. Es originaria de Richmond y asisti\u00f3 a la escuela secundaria Mills E. Godwin. Se gradu\u00f3 con honores de la Universidad Virginia Commonwealth con una Licenciatura en Ciencias en Justicia Criminal y una especializaci\u00f3n en Estudios de la Mujer. Leslie&#8230;<\/p>\n","protected":false},"author":53,"featured_media":866302,"parent":910423,"menu_order":0,"comment_status":"closed","ping_status":"closed","template":"attorney-bio.php","meta":{"_acf_changed":false,"footnotes":""},"class_list":["post-893834","page","type-page","status-publish","has-post-thumbnail","hentry"],"acf":[],"yoast_head":"<!-- This site is optimized with the Yoast SEO plugin v27.2 - https:\/\/yoast.com\/product\/yoast-seo-wordpress\/ -->\n<title>Leslie C. Dalton - Marks &amp; Harrison<\/title>\n<meta name=\"description\" content=\"Contacte a nuestra abogada de accidentes y lesiones personales y reciba asesor\u00eda personalizada para su caso.\" \/>\n<meta name=\"robots\" content=\"index, follow, max-snippet:-1, max-image-preview:large, max-video-preview:-1\" \/>\n<link rel=\"canonical\" href=\"https:\/\/www.marksandharrison.com\/es\/nuestros-profesionales\/leslie-c-dalton\/\" \/>\n<meta property=\"og:locale\" content=\"es_ES\" \/>\n<meta property=\"og:type\" content=\"article\" \/>\n<meta property=\"og:title\" content=\"Leslie C. Dalton - Marks &amp; Harrison\" \/>\n<meta property=\"og:description\" content=\"Contacte a nuestra abogada de accidentes y lesiones personales y reciba asesor\u00eda personalizada para su caso.\" \/>\n<meta property=\"og:url\" content=\"https:\/\/www.marksandharrison.com\/es\/nuestros-profesionales\/leslie-c-dalton\/\" \/>\n<meta property=\"og:site_name\" content=\"Marks &amp; Harrison\" \/>\n<meta property=\"article:publisher\" content=\"https:\/\/www.facebook.com\/marksandharrison\/\" \/>\n<meta property=\"article:modified_time\" content=\"2026-03-05T15:19:29+00:00\" \/>\n<meta property=\"og:image\" content=\"https:\/\/www.marksandharrison.com\/wp-content\/uploads\/2023\/06\/leslie-dalton-final.jpg\" \/>\n\t<meta property=\"og:image:width\" content=\"360\" \/>\n\t<meta property=\"og:image:height\" content=\"266\" \/>\n\t<meta property=\"og:image:type\" content=\"image\/jpeg\" \/>\n<meta name=\"twitter:card\" content=\"summary_large_image\" \/>\n<meta name=\"twitter:site\" content=\"@MandHLaw\" \/>\n<meta name=\"twitter:label1\" content=\"Tiempo de lectura\" \/>\n\t<meta name=\"twitter:data1\" content=\"1 minuto\" \/>\n<!-- \/ Yoast SEO plugin. -->","yoast_head_json":{"title":"Leslie C. Dalton - Marks & Harrison","description":"Contacte a nuestra abogada de accidentes y lesiones personales y reciba asesor\u00eda personalizada para su caso.","robots":{"index":"index","follow":"follow","max-snippet":"max-snippet:-1","max-image-preview":"max-image-preview:large","max-video-preview":"max-video-preview:-1"},"canonical":"https:\/\/www.marksandharrison.com\/es\/nuestros-profesionales\/leslie-c-dalton\/","og_locale":"es_ES","og_type":"article","og_title":"Leslie C. Dalton - Marks & Harrison","og_description":"Contacte a nuestra abogada de accidentes y lesiones personales y reciba asesor\u00eda personalizada para su caso.","og_url":"https:\/\/www.marksandharrison.com\/es\/nuestros-profesionales\/leslie-c-dalton\/","og_site_name":"Marks &amp; Harrison","article_publisher":"https:\/\/www.facebook.com\/marksandharrison\/","article_modified_time":"2026-03-05T15:19:29+00:00","og_image":[{"width":360,"height":266,"url":"https:\/\/www.marksandharrison.com\/wp-content\/uploads\/2023\/06\/leslie-dalton-final.jpg","type":"image\/jpeg"}],"twitter_card":"summary_large_image","twitter_site":"@MandHLaw","twitter_misc":{"Tiempo de lectura":"1 minuto"},"schema":{"@context":"https:\/\/schema.org","@graph":[{"@type":"WebPage","@id":"https:\/\/www.marksandharrison.com\/es\/nuestros-profesionales\/leslie-c-dalton\/","url":"https:\/\/www.marksandharrison.com\/es\/nuestros-profesionales\/leslie-c-dalton\/","name":"Leslie C. Dalton - Marks & Harrison","isPartOf":{"@id":"https:\/\/www.marksandharrison.com\/#website"},"primaryImageOfPage":{"@id":"https:\/\/www.marksandharrison.com\/es\/nuestros-profesionales\/leslie-c-dalton\/#primaryimage"},"image":{"@id":"https:\/\/www.marksandharrison.com\/es\/nuestros-profesionales\/leslie-c-dalton\/#primaryimage"},"thumbnailUrl":"https:\/\/www.marksandharrison.com\/wp-content\/uploads\/2023\/06\/leslie-dalton-final.jpg","datePublished":"2025-02-19T09:25:05+00:00","dateModified":"2026-03-05T15:19:29+00:00","description":"Contacte a nuestra abogada de accidentes y lesiones personales y reciba asesor\u00eda personalizada para su caso.","breadcrumb":{"@id":"https:\/\/www.marksandharrison.com\/es\/nuestros-profesionales\/leslie-c-dalton\/#breadcrumb"},"inLanguage":"es","potentialAction":[{"@type":"ReadAction","target":["https:\/\/www.marksandharrison.com\/es\/nuestros-profesionales\/leslie-c-dalton\/"]}]},{"@type":"ImageObject","inLanguage":"es","@id":"https:\/\/www.marksandharrison.com\/es\/nuestros-profesionales\/leslie-c-dalton\/#primaryimage","url":"https:\/\/www.marksandharrison.com\/wp-content\/uploads\/2023\/06\/leslie-dalton-final.jpg","contentUrl":"https:\/\/www.marksandharrison.com\/wp-content\/uploads\/2023\/06\/leslie-dalton-final.jpg","width":360,"height":266,"caption":"leslie dalton"},{"@type":"BreadcrumbList","@id":"https:\/\/www.marksandharrison.com\/es\/nuestros-profesionales\/leslie-c-dalton\/#breadcrumb","itemListElement":[{"@type":"ListItem","position":1,"name":"Home","item":"https:\/\/www.marksandharrison.com\/es\/"},{"@type":"ListItem","position":2,"name":"Nuestros Abogados","item":"https:\/\/www.marksandharrison.com\/es\/nuestros-profesionales\/"},{"@type":"ListItem","position":3,"name":"Leslie C. Dalton"}]},{"@type":"WebSite","@id":"https:\/\/www.marksandharrison.com\/#website","url":"https:\/\/www.marksandharrison.com\/","name":"Marks &amp; Harrison","description":"","publisher":{"@id":"https:\/\/www.marksandharrison.com\/#organization"},"potentialAction":[{"@type":"SearchAction","target":{"@type":"EntryPoint","urlTemplate":"https:\/\/www.marksandharrison.com\/?s={search_term_string}"},"query-input":{"@type":"PropertyValueSpecification","valueRequired":true,"valueName":"search_term_string"}}],"inLanguage":"es"},{"@type":"Organization","@id":"https:\/\/www.marksandharrison.com\/#organization","name":"Marks & Harrison","url":"https:\/\/www.marksandharrison.com\/","logo":{"@type":"ImageObject","inLanguage":"es","@id":"https:\/\/www.marksandharrison.com\/#\/schema\/logo\/image\/","url":"https:\/\/www.marksandharrison.com\/wp-content\/uploads\/2020\/04\/logo.png","contentUrl":"https:\/\/www.marksandharrison.com\/wp-content\/uploads\/2020\/04\/logo.png","width":224,"height":83,"caption":"Marks & Harrison"},"image":{"@id":"https:\/\/www.marksandharrison.com\/#\/schema\/logo\/image\/"},"sameAs":["https:\/\/www.facebook.com\/marksandharrison\/","https:\/\/x.com\/MandHLaw","https:\/\/www.linkedin.com\/company\/marks-&amp;-harrison\/","https:\/\/www.youtube.com\/channel\/UCRi1kc4BH8gI0V9M56V6WJw"]}]}},"_links":{"self":[{"href":"https:\/\/www.marksandharrison.com\/es\/wp-json\/wp\/v2\/pages\/893834","targetHints":{"allow":["GET"]}}],"collection":[{"href":"https:\/\/www.marksandharrison.com\/es\/wp-json\/wp\/v2\/pages"}],"about":[{"href":"https:\/\/www.marksandharrison.com\/es\/wp-json\/wp\/v2\/types\/page"}],"author":[{"embeddable":true,"href":"https:\/\/www.marksandharrison.com\/es\/wp-json\/wp\/v2\/users\/53"}],"replies":[{"embeddable":true,"href":"https:\/\/www.marksandharrison.com\/es\/wp-json\/wp\/v2\/comments?post=893834"}],"version-history":[{"count":5,"href":"https:\/\/www.marksandharrison.com\/es\/wp-json\/wp\/v2\/pages\/893834\/revisions"}],"predecessor-version":[{"id":908549,"href":"https:\/\/www.marksandharrison.com\/es\/wp-json\/wp\/v2\/pages\/893834\/revisions\/908549"}],"up":[{"embeddable":true,"href":"https:\/\/www.marksandharrison.com\/es\/wp-json\/wp\/v2\/pages\/910423"}],"wp:featuredmedia":[{"embeddable":true,"href":"https:\/\/www.marksandharrison.com\/es\/wp-json\/wp\/v2\/media\/866302"}],"wp:attachment":[{"href":"https:\/\/www.marksandharrison.com\/es\/wp-json\/wp\/v2\/media?parent=893834"}],"curies":[{"name":"wp","href":"https:\/\/api.w.org\/{rel}","templated":true}]}}