{"id":893822,"date":"2025-02-19T09:08:35","date_gmt":"2025-02-19T09:08:35","guid":{"rendered":"https:\/\/www.marksandharrison.com\/?page_id=893822"},"modified":"2026-03-05T15:06:36","modified_gmt":"2026-03-05T15:06:36","slug":"charles-c-w-davis-jr","status":"publish","type":"page","link":"https:\/\/www.marksandharrison.com\/es\/nuestros-profesionales\/charles-c-w-davis-jr\/","title":{"rendered":"Charles \u201cC.W.\u201d Davis, Jr."},"content":{"rendered":"<p><span style=\"font-weight: 400;\">Charles W. Davis, Jr. creci\u00f3 en Tappahannock y se gradu\u00f3 de Essex High School. Obtuvo su t\u00edtulo en la Universidad de Virginia, donde realiz\u00f3 una doble licenciatura en pol\u00edtica y sociolog\u00eda. Recibi\u00f3 su t\u00edtulo en derecho en la Facultad de Derecho de la Universidad de Richmond. C.W. y trabaj\u00f3 para Marks &amp; Harrison durante m\u00e1s de dos a\u00f1os antes de unirse formalmente a la firma. Ha sido reconocido dos a\u00f1os consecutivos como parte de The National Trial Lawyers Top 40 Under 40.<\/span><\/p>\n<p><iframe loading=\"lazy\" title=\"YouTube video player\" src=\"https:\/\/www.youtube.com\/embed\/B7hw0X9X1oI?rel=0\" width=\"100%\" height=\"435\" frameborder=\"0\" allowfullscreen=\"allowfullscreen\" data-mce-fragment=\"1\"><span data-mce-type=\"bookmark\" style=\"display: inline-block; width: 0px; overflow: hidden; line-height: 0;\" class=\"mce_SELRES_start\">\ufeff<\/span><\/iframe><\/p>\n<p>&nbsp;<\/p>\n","protected":false},"excerpt":{"rendered":"<p>Charles W. Davis, Jr. creci\u00f3 en Tappahannock y se gradu\u00f3 de Essex High School. Obtuvo su t\u00edtulo en la Universidad de Virginia, donde realiz\u00f3 una doble licenciatura en pol\u00edtica y sociolog\u00eda. Recibi\u00f3 su t\u00edtulo en derecho en la Facultad de Derecho de la Universidad de Richmond. C.W. y trabaj\u00f3 para&#8230;<\/p>\n","protected":false},"author":53,"featured_media":890459,"parent":910423,"menu_order":0,"comment_status":"closed","ping_status":"closed","template":"attorney-bio.php","meta":{"_acf_changed":false,"footnotes":""},"class_list":["post-893822","page","type-page","status-publish","has-post-thumbnail","hentry"],"acf":[],"yoast_head":"<!-- This site is optimized with the Yoast SEO plugin v27.2 - https:\/\/yoast.com\/product\/yoast-seo-wordpress\/ -->\n<title>Charles Davis Jr.: abogado de lesiones personales | Marks &amp; Harrison<\/title>\n<meta name=\"description\" content=\"Nuestro abogado de accidentes y lesiones personales Charles Davis Jr. est\u00e1 disponible para consultas relacionadas con sus reclamos y casos. Llame hoy mismo.\" \/>\n<meta name=\"robots\" content=\"index, nofollow, max-snippet:-1, max-image-preview:large, max-video-preview:-1\" \/>\n<link rel=\"canonical\" href=\"https:\/\/www.marksandharrison.com\/es\/nuestros-profesionales\/charles-c-w-davis-jr\/\" \/>\n<meta property=\"og:locale\" content=\"es_ES\" \/>\n<meta property=\"og:type\" content=\"article\" \/>\n<meta property=\"og:title\" content=\"Charles Davis Jr.: abogado de lesiones personales | Marks &amp; Harrison\" \/>\n<meta property=\"og:description\" content=\"Nuestro abogado de accidentes y lesiones personales Charles Davis Jr. est\u00e1 disponible para consultas relacionadas con sus reclamos y casos. Llame hoy mismo.\" \/>\n<meta property=\"og:url\" content=\"https:\/\/www.marksandharrison.com\/es\/nuestros-profesionales\/charles-c-w-davis-jr\/\" \/>\n<meta property=\"og:site_name\" content=\"Marks &amp; Harrison\" \/>\n<meta property=\"article:publisher\" content=\"https:\/\/www.facebook.com\/marksandharrison\/\" \/>\n<meta property=\"article:modified_time\" content=\"2026-03-05T15:06:36+00:00\" \/>\n<meta property=\"og:image\" content=\"https:\/\/www.marksandharrison.com\/wp-content\/uploads\/2024\/12\/241120_mh_headshots-0021-Edit-e1733259501720.jpg\" \/>\n\t<meta property=\"og:image:width\" content=\"795\" \/>\n\t<meta property=\"og:image:height\" content=\"530\" \/>\n\t<meta property=\"og:image:type\" content=\"image\/jpeg\" \/>\n<meta name=\"twitter:card\" content=\"summary_large_image\" \/>\n<meta name=\"twitter:site\" content=\"@MandHLaw\" \/>\n<meta name=\"twitter:label1\" content=\"Tiempo de lectura\" \/>\n\t<meta name=\"twitter:data1\" content=\"1 minuto\" \/>\n<!-- \/ Yoast SEO plugin. -->","yoast_head_json":{"title":"Charles Davis Jr.: abogado de lesiones personales | Marks & Harrison","description":"Nuestro abogado de accidentes y lesiones personales Charles Davis Jr. est\u00e1 disponible para consultas relacionadas con sus reclamos y casos. Llame hoy mismo.","robots":{"index":"index","follow":"nofollow","max-snippet":"max-snippet:-1","max-image-preview":"max-image-preview:large","max-video-preview":"max-video-preview:-1"},"canonical":"https:\/\/www.marksandharrison.com\/es\/nuestros-profesionales\/charles-c-w-davis-jr\/","og_locale":"es_ES","og_type":"article","og_title":"Charles Davis Jr.: abogado de lesiones personales | Marks & Harrison","og_description":"Nuestro abogado de accidentes y lesiones personales Charles Davis Jr. est\u00e1 disponible para consultas relacionadas con sus reclamos y casos. Llame hoy mismo.","og_url":"https:\/\/www.marksandharrison.com\/es\/nuestros-profesionales\/charles-c-w-davis-jr\/","og_site_name":"Marks &amp; Harrison","article_publisher":"https:\/\/www.facebook.com\/marksandharrison\/","article_modified_time":"2026-03-05T15:06:36+00:00","og_image":[{"width":795,"height":530,"url":"https:\/\/www.marksandharrison.com\/wp-content\/uploads\/2024\/12\/241120_mh_headshots-0021-Edit-e1733259501720.jpg","type":"image\/jpeg"}],"twitter_card":"summary_large_image","twitter_site":"@MandHLaw","twitter_misc":{"Tiempo de lectura":"1 minuto"},"schema":{"@context":"https:\/\/schema.org","@graph":[{"@type":"WebPage","@id":"https:\/\/www.marksandharrison.com\/es\/nuestros-profesionales\/charles-c-w-davis-jr\/","url":"https:\/\/www.marksandharrison.com\/es\/nuestros-profesionales\/charles-c-w-davis-jr\/","name":"Charles Davis Jr.: abogado de lesiones personales | Marks & Harrison","isPartOf":{"@id":"https:\/\/www.marksandharrison.com\/#website"},"primaryImageOfPage":{"@id":"https:\/\/www.marksandharrison.com\/es\/nuestros-profesionales\/charles-c-w-davis-jr\/#primaryimage"},"image":{"@id":"https:\/\/www.marksandharrison.com\/es\/nuestros-profesionales\/charles-c-w-davis-jr\/#primaryimage"},"thumbnailUrl":"https:\/\/www.marksandharrison.com\/wp-content\/uploads\/2024\/12\/241120_mh_headshots-0021-Edit-e1733259501720.jpg","datePublished":"2025-02-19T09:08:35+00:00","dateModified":"2026-03-05T15:06:36+00:00","description":"Nuestro abogado de accidentes y lesiones personales Charles Davis Jr. est\u00e1 disponible para consultas relacionadas con sus reclamos y casos. Llame hoy mismo.","breadcrumb":{"@id":"https:\/\/www.marksandharrison.com\/es\/nuestros-profesionales\/charles-c-w-davis-jr\/#breadcrumb"},"inLanguage":"es","potentialAction":[{"@type":"ReadAction","target":["https:\/\/www.marksandharrison.com\/es\/nuestros-profesionales\/charles-c-w-davis-jr\/"]}]},{"@type":"ImageObject","inLanguage":"es","@id":"https:\/\/www.marksandharrison.com\/es\/nuestros-profesionales\/charles-c-w-davis-jr\/#primaryimage","url":"https:\/\/www.marksandharrison.com\/wp-content\/uploads\/2024\/12\/241120_mh_headshots-0021-Edit-e1733259501720.jpg","contentUrl":"https:\/\/www.marksandharrison.com\/wp-content\/uploads\/2024\/12\/241120_mh_headshots-0021-Edit-e1733259501720.jpg","width":795,"height":530,"caption":"Marks and Harrison CW Davis"},{"@type":"BreadcrumbList","@id":"https:\/\/www.marksandharrison.com\/es\/nuestros-profesionales\/charles-c-w-davis-jr\/#breadcrumb","itemListElement":[{"@type":"ListItem","position":1,"name":"Home","item":"https:\/\/www.marksandharrison.com\/es\/"},{"@type":"ListItem","position":2,"name":"Nuestros Abogados","item":"https:\/\/www.marksandharrison.com\/es\/nuestros-profesionales\/"},{"@type":"ListItem","position":3,"name":"Charles \u201cC.W.\u201d Davis, Jr."}]},{"@type":"WebSite","@id":"https:\/\/www.marksandharrison.com\/#website","url":"https:\/\/www.marksandharrison.com\/","name":"Marks &amp; Harrison","description":"","publisher":{"@id":"https:\/\/www.marksandharrison.com\/#organization"},"potentialAction":[{"@type":"SearchAction","target":{"@type":"EntryPoint","urlTemplate":"https:\/\/www.marksandharrison.com\/?s={search_term_string}"},"query-input":{"@type":"PropertyValueSpecification","valueRequired":true,"valueName":"search_term_string"}}],"inLanguage":"es"},{"@type":"Organization","@id":"https:\/\/www.marksandharrison.com\/#organization","name":"Marks & Harrison","url":"https:\/\/www.marksandharrison.com\/","logo":{"@type":"ImageObject","inLanguage":"es","@id":"https:\/\/www.marksandharrison.com\/#\/schema\/logo\/image\/","url":"https:\/\/www.marksandharrison.com\/wp-content\/uploads\/2020\/04\/logo.png","contentUrl":"https:\/\/www.marksandharrison.com\/wp-content\/uploads\/2020\/04\/logo.png","width":224,"height":83,"caption":"Marks & Harrison"},"image":{"@id":"https:\/\/www.marksandharrison.com\/#\/schema\/logo\/image\/"},"sameAs":["https:\/\/www.facebook.com\/marksandharrison\/","https:\/\/x.com\/MandHLaw","https:\/\/www.linkedin.com\/company\/marks-&amp;-harrison\/","https:\/\/www.youtube.com\/channel\/UCRi1kc4BH8gI0V9M56V6WJw"]}]}},"_links":{"self":[{"href":"https:\/\/www.marksandharrison.com\/es\/wp-json\/wp\/v2\/pages\/893822","targetHints":{"allow":["GET"]}}],"collection":[{"href":"https:\/\/www.marksandharrison.com\/es\/wp-json\/wp\/v2\/pages"}],"about":[{"href":"https:\/\/www.marksandharrison.com\/es\/wp-json\/wp\/v2\/types\/page"}],"author":[{"embeddable":true,"href":"https:\/\/www.marksandharrison.com\/es\/wp-json\/wp\/v2\/users\/53"}],"replies":[{"embeddable":true,"href":"https:\/\/www.marksandharrison.com\/es\/wp-json\/wp\/v2\/comments?post=893822"}],"version-history":[{"count":5,"href":"https:\/\/www.marksandharrison.com\/es\/wp-json\/wp\/v2\/pages\/893822\/revisions"}],"predecessor-version":[{"id":908538,"href":"https:\/\/www.marksandharrison.com\/es\/wp-json\/wp\/v2\/pages\/893822\/revisions\/908538"}],"up":[{"embeddable":true,"href":"https:\/\/www.marksandharrison.com\/es\/wp-json\/wp\/v2\/pages\/910423"}],"wp:featuredmedia":[{"embeddable":true,"href":"https:\/\/www.marksandharrison.com\/es\/wp-json\/wp\/v2\/media\/890459"}],"wp:attachment":[{"href":"https:\/\/www.marksandharrison.com\/es\/wp-json\/wp\/v2\/media?parent=893822"}],"curies":[{"name":"wp","href":"https:\/\/api.w.org\/{rel}","templated":true}]}}