{"id":893798,"date":"2025-02-19T07:56:40","date_gmt":"2025-02-19T07:56:40","guid":{"rendered":"https:\/\/www.marksandharrison.com\/?page_id=893798"},"modified":"2026-03-05T15:05:16","modified_gmt":"2026-03-05T15:05:16","slug":"charles-r-calton","status":"publish","type":"page","link":"https:\/\/www.marksandharrison.com\/es\/nuestros-profesionales\/charles-r-calton\/","title":{"rendered":"Charles R. Calton"},"content":{"rendered":"<p><span style=\"font-weight: 400;\">Charles R. Calton creci\u00f3 en el condado de Lee, Virginia, y se gradu\u00f3 en la Facultad de Derecho de la Universidad de Richmond. Desde entonces, ha adquirido experiencia trabajando en un grupo de demandantes y como representante de reclamaciones en la secci\u00f3n de litigios civiles de la Oficina del Fiscal General de Virginia. Adem\u00e1s, se desempe\u00f1\u00f3 como Especialista en Adjudicaci\u00f3n en el Departamento de Profesiones de la Salud de Virginia y represent\u00f3 a individuos que solicitaron beneficios por discapacidad en audiencias administrativas del Seguro Social.<\/span><\/p>\n<p><span style=\"font-weight: 400;\">Charles es un excelente abogado litigante y se especializa en casos de negligencia m\u00e9dica, muerte por negligencia y lesiones personales en todo el estado de Virginia.<\/span><\/p>\n","protected":false},"excerpt":{"rendered":"<p>Charles R. Calton creci\u00f3 en el condado de Lee, Virginia, y se gradu\u00f3 en la Facultad de Derecho de la Universidad de Richmond. Desde entonces, ha adquirido experiencia trabajando en un grupo de demandantes y como representante de reclamaciones en la secci\u00f3n de litigios civiles de la Oficina del Fiscal&#8230;<\/p>\n","protected":false},"author":53,"featured_media":884823,"parent":910423,"menu_order":0,"comment_status":"closed","ping_status":"closed","template":"attorney-bio.php","meta":{"_acf_changed":false,"footnotes":""},"class_list":["post-893798","page","type-page","status-publish","has-post-thumbnail","hentry"],"acf":[],"yoast_head":"<!-- This site is optimized with the Yoast SEO plugin v27.2 - https:\/\/yoast.com\/product\/yoast-seo-wordpress\/ -->\n<title>Charles R. Calton | Marks &amp; Harrison<\/title>\n<meta name=\"description\" content=\"Si tiene un caso de negligencia m\u00e9dica, nuestro abogado de lesiones personales est\u00e1 listo para ayudarle a obtener la compensaci\u00f3n que merece.\" \/>\n<meta name=\"robots\" content=\"index, follow, max-snippet:-1, max-image-preview:large, max-video-preview:-1\" \/>\n<link rel=\"canonical\" href=\"https:\/\/www.marksandharrison.com\/es\/nuestros-profesionales\/charles-r-calton\/\" \/>\n<meta property=\"og:locale\" content=\"es_ES\" \/>\n<meta property=\"og:type\" content=\"article\" \/>\n<meta property=\"og:title\" content=\"Charles R. Calton | Marks &amp; Harrison\" \/>\n<meta property=\"og:description\" content=\"Si tiene un caso de negligencia m\u00e9dica, nuestro abogado de lesiones personales est\u00e1 listo para ayudarle a obtener la compensaci\u00f3n que merece.\" \/>\n<meta property=\"og:url\" content=\"https:\/\/www.marksandharrison.com\/es\/nuestros-profesionales\/charles-r-calton\/\" \/>\n<meta property=\"og:site_name\" content=\"Marks &amp; Harrison\" \/>\n<meta property=\"article:publisher\" content=\"https:\/\/www.facebook.com\/marksandharrison\/\" \/>\n<meta property=\"article:modified_time\" content=\"2026-03-05T15:05:16+00:00\" \/>\n<meta property=\"og:image\" content=\"https:\/\/www.marksandharrison.com\/wp-content\/uploads\/2024\/08\/Charles-R.-Calton-e1723127196804.jpg\" \/>\n\t<meta property=\"og:image:width\" content=\"885\" \/>\n\t<meta property=\"og:image:height\" content=\"590\" \/>\n\t<meta property=\"og:image:type\" content=\"image\/jpeg\" \/>\n<meta name=\"twitter:card\" content=\"summary_large_image\" \/>\n<meta name=\"twitter:site\" content=\"@MandHLaw\" \/>\n<meta name=\"twitter:label1\" content=\"Tiempo de lectura\" \/>\n\t<meta name=\"twitter:data1\" content=\"1 minuto\" \/>\n<!-- \/ Yoast SEO plugin. -->","yoast_head_json":{"title":"Charles R. Calton | Marks & Harrison","description":"Si tiene un caso de negligencia m\u00e9dica, nuestro abogado de lesiones personales est\u00e1 listo para ayudarle a obtener la compensaci\u00f3n que merece.","robots":{"index":"index","follow":"follow","max-snippet":"max-snippet:-1","max-image-preview":"max-image-preview:large","max-video-preview":"max-video-preview:-1"},"canonical":"https:\/\/www.marksandharrison.com\/es\/nuestros-profesionales\/charles-r-calton\/","og_locale":"es_ES","og_type":"article","og_title":"Charles R. Calton | Marks & Harrison","og_description":"Si tiene un caso de negligencia m\u00e9dica, nuestro abogado de lesiones personales est\u00e1 listo para ayudarle a obtener la compensaci\u00f3n que merece.","og_url":"https:\/\/www.marksandharrison.com\/es\/nuestros-profesionales\/charles-r-calton\/","og_site_name":"Marks &amp; Harrison","article_publisher":"https:\/\/www.facebook.com\/marksandharrison\/","article_modified_time":"2026-03-05T15:05:16+00:00","og_image":[{"width":885,"height":590,"url":"https:\/\/www.marksandharrison.com\/wp-content\/uploads\/2024\/08\/Charles-R.-Calton-e1723127196804.jpg","type":"image\/jpeg"}],"twitter_card":"summary_large_image","twitter_site":"@MandHLaw","twitter_misc":{"Tiempo de lectura":"1 minuto"},"schema":{"@context":"https:\/\/schema.org","@graph":[{"@type":"WebPage","@id":"https:\/\/www.marksandharrison.com\/es\/nuestros-profesionales\/charles-r-calton\/","url":"https:\/\/www.marksandharrison.com\/es\/nuestros-profesionales\/charles-r-calton\/","name":"Charles R. Calton | Marks & Harrison","isPartOf":{"@id":"https:\/\/www.marksandharrison.com\/#website"},"primaryImageOfPage":{"@id":"https:\/\/www.marksandharrison.com\/es\/nuestros-profesionales\/charles-r-calton\/#primaryimage"},"image":{"@id":"https:\/\/www.marksandharrison.com\/es\/nuestros-profesionales\/charles-r-calton\/#primaryimage"},"thumbnailUrl":"https:\/\/www.marksandharrison.com\/wp-content\/uploads\/2024\/08\/Charles-R.-Calton-e1723127196804.jpg","datePublished":"2025-02-19T07:56:40+00:00","dateModified":"2026-03-05T15:05:16+00:00","description":"Si tiene un caso de negligencia m\u00e9dica, nuestro abogado de lesiones personales est\u00e1 listo para ayudarle a obtener la compensaci\u00f3n que merece.","breadcrumb":{"@id":"https:\/\/www.marksandharrison.com\/es\/nuestros-profesionales\/charles-r-calton\/#breadcrumb"},"inLanguage":"es","potentialAction":[{"@type":"ReadAction","target":["https:\/\/www.marksandharrison.com\/es\/nuestros-profesionales\/charles-r-calton\/"]}]},{"@type":"ImageObject","inLanguage":"es","@id":"https:\/\/www.marksandharrison.com\/es\/nuestros-profesionales\/charles-r-calton\/#primaryimage","url":"https:\/\/www.marksandharrison.com\/wp-content\/uploads\/2024\/08\/Charles-R.-Calton-e1723127196804.jpg","contentUrl":"https:\/\/www.marksandharrison.com\/wp-content\/uploads\/2024\/08\/Charles-R.-Calton-e1723127196804.jpg","width":885,"height":590,"caption":"Charles R. Calton headshot"},{"@type":"BreadcrumbList","@id":"https:\/\/www.marksandharrison.com\/es\/nuestros-profesionales\/charles-r-calton\/#breadcrumb","itemListElement":[{"@type":"ListItem","position":1,"name":"Home","item":"https:\/\/www.marksandharrison.com\/es\/"},{"@type":"ListItem","position":2,"name":"Nuestros Abogados","item":"https:\/\/www.marksandharrison.com\/es\/nuestros-profesionales\/"},{"@type":"ListItem","position":3,"name":"Charles R. Calton"}]},{"@type":"WebSite","@id":"https:\/\/www.marksandharrison.com\/#website","url":"https:\/\/www.marksandharrison.com\/","name":"Marks &amp; Harrison","description":"","publisher":{"@id":"https:\/\/www.marksandharrison.com\/#organization"},"potentialAction":[{"@type":"SearchAction","target":{"@type":"EntryPoint","urlTemplate":"https:\/\/www.marksandharrison.com\/?s={search_term_string}"},"query-input":{"@type":"PropertyValueSpecification","valueRequired":true,"valueName":"search_term_string"}}],"inLanguage":"es"},{"@type":"Organization","@id":"https:\/\/www.marksandharrison.com\/#organization","name":"Marks & Harrison","url":"https:\/\/www.marksandharrison.com\/","logo":{"@type":"ImageObject","inLanguage":"es","@id":"https:\/\/www.marksandharrison.com\/#\/schema\/logo\/image\/","url":"https:\/\/www.marksandharrison.com\/wp-content\/uploads\/2020\/04\/logo.png","contentUrl":"https:\/\/www.marksandharrison.com\/wp-content\/uploads\/2020\/04\/logo.png","width":224,"height":83,"caption":"Marks & Harrison"},"image":{"@id":"https:\/\/www.marksandharrison.com\/#\/schema\/logo\/image\/"},"sameAs":["https:\/\/www.facebook.com\/marksandharrison\/","https:\/\/x.com\/MandHLaw","https:\/\/www.linkedin.com\/company\/marks-&amp;-harrison\/","https:\/\/www.youtube.com\/channel\/UCRi1kc4BH8gI0V9M56V6WJw"]}]}},"_links":{"self":[{"href":"https:\/\/www.marksandharrison.com\/es\/wp-json\/wp\/v2\/pages\/893798","targetHints":{"allow":["GET"]}}],"collection":[{"href":"https:\/\/www.marksandharrison.com\/es\/wp-json\/wp\/v2\/pages"}],"about":[{"href":"https:\/\/www.marksandharrison.com\/es\/wp-json\/wp\/v2\/types\/page"}],"author":[{"embeddable":true,"href":"https:\/\/www.marksandharrison.com\/es\/wp-json\/wp\/v2\/users\/53"}],"replies":[{"embeddable":true,"href":"https:\/\/www.marksandharrison.com\/es\/wp-json\/wp\/v2\/comments?post=893798"}],"version-history":[{"count":5,"href":"https:\/\/www.marksandharrison.com\/es\/wp-json\/wp\/v2\/pages\/893798\/revisions"}],"predecessor-version":[{"id":908531,"href":"https:\/\/www.marksandharrison.com\/es\/wp-json\/wp\/v2\/pages\/893798\/revisions\/908531"}],"up":[{"embeddable":true,"href":"https:\/\/www.marksandharrison.com\/es\/wp-json\/wp\/v2\/pages\/910423"}],"wp:featuredmedia":[{"embeddable":true,"href":"https:\/\/www.marksandharrison.com\/es\/wp-json\/wp\/v2\/media\/884823"}],"wp:attachment":[{"href":"https:\/\/www.marksandharrison.com\/es\/wp-json\/wp\/v2\/media?parent=893798"}],"curies":[{"name":"wp","href":"https:\/\/api.w.org\/{rel}","templated":true}]}}