{"id":893443,"date":"2025-02-18T12:24:29","date_gmt":"2025-02-18T12:24:29","guid":{"rendered":"https:\/\/www.marksandharrison.com\/?page_id=893443"},"modified":"2026-03-05T15:00:33","modified_gmt":"2026-03-05T15:00:33","slug":"lee-j-bujakowski","status":"publish","type":"page","link":"https:\/\/www.marksandharrison.com\/es\/nuestros-profesionales\/lee-j-bujakowski\/","title":{"rendered":"Lee J. Bujakowski"},"content":{"rendered":"<p><span style=\"font-weight: 400;\">Lee J. Bujakowski ingres\u00f3 al equipo de Marks &amp; Harrison<\/span>\u00a0en agosto del 2013. Actualmente, centra su pr\u00e1ctica en ayudar a personas lesionadas. Obtuvo su t\u00edtulo en derecho en la <a href=\"https:\/\/law.tulane.edu\/\"><b>Facultad de Derecho de la Universidad de Tulane<\/b><\/a>. Durante su tercer a\u00f1o en la facultad de derecho, particip\u00f3 en la <a href=\"https:\/\/law.tulane.edu\/clinics\"><b>Cl\u00ednica de Litigios de Tulane<\/b><\/a>, donde represent\u00f3 a menores en litigios penales.<\/p>\n<p><span style=\"font-weight: 400;\">Despu\u00e9s de trabajar para la oficina del defensor p\u00fablico en Plaquemines Parish, Luisiana, Lee regres\u00f3 a casa para ejercer en el \u00e1rea de Tri-City. Su pr\u00e1ctica est\u00e1 basada en la oficina de Hopewell de la firma.<\/span><\/p>\n<p><iframe loading=\"lazy\" title=\"YouTube video player\" src=\"https:\/\/www.youtube.com\/embed\/xf7qovvuMVU?rel=0\" width=\"100%\" height=\"435\" frameborder=\"0\" allowfullscreen=\"allowfullscreen\"><span data-mce-type=\"bookmark\" style=\"display: inline-block; width: 0px; overflow: hidden; line-height: 0;\" class=\"mce_SELRES_start\">\ufeff<\/span><\/iframe><\/p>\n","protected":false},"excerpt":{"rendered":"<p>Lee J. Bujakowski ingres\u00f3 al equipo de Marks &amp; Harrison\u00a0en agosto del 2013. Actualmente, centra su pr\u00e1ctica en ayudar a personas lesionadas. Obtuvo su t\u00edtulo en derecho en la Facultad de Derecho de la Universidad de Tulane. Durante su tercer a\u00f1o en la facultad de derecho, particip\u00f3 en la Cl\u00ednica&#8230;<\/p>\n","protected":false},"author":53,"featured_media":853240,"parent":910423,"menu_order":0,"comment_status":"closed","ping_status":"closed","template":"attorney-bio.php","meta":{"_acf_changed":false,"footnotes":""},"class_list":["post-893443","page","type-page","status-publish","has-post-thumbnail","hentry"],"acf":[],"yoast_head":"<!-- This site is optimized with the Yoast SEO plugin v27.2 - https:\/\/yoast.com\/product\/yoast-seo-wordpress\/ -->\n<title>Lee J. Bujakowski | Marks &amp; Harrison<\/title>\n<meta name=\"description\" content=\"El abogado de lesiones accidentes y personales Lee J. Bujakowski puede ayudarle si tiene un caso relacionado con demandas por lesiones y accidentes.\" \/>\n<meta name=\"robots\" content=\"index, follow, max-snippet:-1, max-image-preview:large, max-video-preview:-1\" \/>\n<link rel=\"canonical\" href=\"https:\/\/www.marksandharrison.com\/es\/nuestros-profesionales\/lee-j-bujakowski\/\" \/>\n<meta property=\"og:locale\" content=\"es_ES\" \/>\n<meta property=\"og:type\" content=\"article\" \/>\n<meta property=\"og:title\" content=\"Lee J. Bujakowski | Marks &amp; Harrison\" \/>\n<meta property=\"og:description\" content=\"El abogado de lesiones accidentes y personales Lee J. Bujakowski puede ayudarle si tiene un caso relacionado con demandas por lesiones y accidentes.\" \/>\n<meta property=\"og:url\" content=\"https:\/\/www.marksandharrison.com\/es\/nuestros-profesionales\/lee-j-bujakowski\/\" \/>\n<meta property=\"og:site_name\" content=\"Marks &amp; Harrison\" \/>\n<meta property=\"article:publisher\" content=\"https:\/\/www.facebook.com\/marksandharrison\/\" \/>\n<meta property=\"article:modified_time\" content=\"2026-03-05T15:00:33+00:00\" \/>\n<meta property=\"og:image\" content=\"https:\/\/www.marksandharrison.com\/wp-content\/uploads\/2022\/12\/lee-bujakowski-bio.png\" \/>\n\t<meta property=\"og:image:width\" content=\"796\" \/>\n\t<meta property=\"og:image:height\" content=\"590\" \/>\n\t<meta property=\"og:image:type\" content=\"image\/png\" \/>\n<meta name=\"twitter:card\" content=\"summary_large_image\" \/>\n<meta name=\"twitter:site\" content=\"@MandHLaw\" \/>\n<meta name=\"twitter:label1\" content=\"Tiempo de lectura\" \/>\n\t<meta name=\"twitter:data1\" content=\"1 minuto\" \/>\n<!-- \/ Yoast SEO plugin. -->","yoast_head_json":{"title":"Lee J. Bujakowski | Marks & Harrison","description":"El abogado de lesiones accidentes y personales Lee J. Bujakowski puede ayudarle si tiene un caso relacionado con demandas por lesiones y accidentes.","robots":{"index":"index","follow":"follow","max-snippet":"max-snippet:-1","max-image-preview":"max-image-preview:large","max-video-preview":"max-video-preview:-1"},"canonical":"https:\/\/www.marksandharrison.com\/es\/nuestros-profesionales\/lee-j-bujakowski\/","og_locale":"es_ES","og_type":"article","og_title":"Lee J. Bujakowski | Marks & Harrison","og_description":"El abogado de lesiones accidentes y personales Lee J. Bujakowski puede ayudarle si tiene un caso relacionado con demandas por lesiones y accidentes.","og_url":"https:\/\/www.marksandharrison.com\/es\/nuestros-profesionales\/lee-j-bujakowski\/","og_site_name":"Marks &amp; Harrison","article_publisher":"https:\/\/www.facebook.com\/marksandharrison\/","article_modified_time":"2026-03-05T15:00:33+00:00","og_image":[{"width":796,"height":590,"url":"https:\/\/www.marksandharrison.com\/wp-content\/uploads\/2022\/12\/lee-bujakowski-bio.png","type":"image\/png"}],"twitter_card":"summary_large_image","twitter_site":"@MandHLaw","twitter_misc":{"Tiempo de lectura":"1 minuto"},"schema":{"@context":"https:\/\/schema.org","@graph":[{"@type":"WebPage","@id":"https:\/\/www.marksandharrison.com\/es\/nuestros-profesionales\/lee-j-bujakowski\/","url":"https:\/\/www.marksandharrison.com\/es\/nuestros-profesionales\/lee-j-bujakowski\/","name":"Lee J. Bujakowski | Marks & Harrison","isPartOf":{"@id":"https:\/\/www.marksandharrison.com\/#website"},"primaryImageOfPage":{"@id":"https:\/\/www.marksandharrison.com\/es\/nuestros-profesionales\/lee-j-bujakowski\/#primaryimage"},"image":{"@id":"https:\/\/www.marksandharrison.com\/es\/nuestros-profesionales\/lee-j-bujakowski\/#primaryimage"},"thumbnailUrl":"https:\/\/www.marksandharrison.com\/wp-content\/uploads\/2022\/12\/lee-bujakowski-bio.png","datePublished":"2025-02-18T12:24:29+00:00","dateModified":"2026-03-05T15:00:33+00:00","description":"El abogado de lesiones accidentes y personales Lee J. Bujakowski puede ayudarle si tiene un caso relacionado con demandas por lesiones y accidentes.","breadcrumb":{"@id":"https:\/\/www.marksandharrison.com\/es\/nuestros-profesionales\/lee-j-bujakowski\/#breadcrumb"},"inLanguage":"es","potentialAction":[{"@type":"ReadAction","target":["https:\/\/www.marksandharrison.com\/es\/nuestros-profesionales\/lee-j-bujakowski\/"]}]},{"@type":"ImageObject","inLanguage":"es","@id":"https:\/\/www.marksandharrison.com\/es\/nuestros-profesionales\/lee-j-bujakowski\/#primaryimage","url":"https:\/\/www.marksandharrison.com\/wp-content\/uploads\/2022\/12\/lee-bujakowski-bio.png","contentUrl":"https:\/\/www.marksandharrison.com\/wp-content\/uploads\/2022\/12\/lee-bujakowski-bio.png","width":796,"height":590,"caption":"Lee J. Bujakowski - Attorney"},{"@type":"BreadcrumbList","@id":"https:\/\/www.marksandharrison.com\/es\/nuestros-profesionales\/lee-j-bujakowski\/#breadcrumb","itemListElement":[{"@type":"ListItem","position":1,"name":"Home","item":"https:\/\/www.marksandharrison.com\/es\/"},{"@type":"ListItem","position":2,"name":"Nuestros Abogados","item":"https:\/\/www.marksandharrison.com\/es\/nuestros-profesionales\/"},{"@type":"ListItem","position":3,"name":"Lee J. Bujakowski"}]},{"@type":"WebSite","@id":"https:\/\/www.marksandharrison.com\/#website","url":"https:\/\/www.marksandharrison.com\/","name":"Marks &amp; Harrison","description":"","publisher":{"@id":"https:\/\/www.marksandharrison.com\/#organization"},"potentialAction":[{"@type":"SearchAction","target":{"@type":"EntryPoint","urlTemplate":"https:\/\/www.marksandharrison.com\/?s={search_term_string}"},"query-input":{"@type":"PropertyValueSpecification","valueRequired":true,"valueName":"search_term_string"}}],"inLanguage":"es"},{"@type":"Organization","@id":"https:\/\/www.marksandharrison.com\/#organization","name":"Marks & Harrison","url":"https:\/\/www.marksandharrison.com\/","logo":{"@type":"ImageObject","inLanguage":"es","@id":"https:\/\/www.marksandharrison.com\/#\/schema\/logo\/image\/","url":"https:\/\/www.marksandharrison.com\/wp-content\/uploads\/2020\/04\/logo.png","contentUrl":"https:\/\/www.marksandharrison.com\/wp-content\/uploads\/2020\/04\/logo.png","width":224,"height":83,"caption":"Marks & Harrison"},"image":{"@id":"https:\/\/www.marksandharrison.com\/#\/schema\/logo\/image\/"},"sameAs":["https:\/\/www.facebook.com\/marksandharrison\/","https:\/\/x.com\/MandHLaw","https:\/\/www.linkedin.com\/company\/marks-&amp;-harrison\/","https:\/\/www.youtube.com\/channel\/UCRi1kc4BH8gI0V9M56V6WJw"]}]}},"_links":{"self":[{"href":"https:\/\/www.marksandharrison.com\/es\/wp-json\/wp\/v2\/pages\/893443","targetHints":{"allow":["GET"]}}],"collection":[{"href":"https:\/\/www.marksandharrison.com\/es\/wp-json\/wp\/v2\/pages"}],"about":[{"href":"https:\/\/www.marksandharrison.com\/es\/wp-json\/wp\/v2\/types\/page"}],"author":[{"embeddable":true,"href":"https:\/\/www.marksandharrison.com\/es\/wp-json\/wp\/v2\/users\/53"}],"replies":[{"embeddable":true,"href":"https:\/\/www.marksandharrison.com\/es\/wp-json\/wp\/v2\/comments?post=893443"}],"version-history":[{"count":5,"href":"https:\/\/www.marksandharrison.com\/es\/wp-json\/wp\/v2\/pages\/893443\/revisions"}],"predecessor-version":[{"id":908501,"href":"https:\/\/www.marksandharrison.com\/es\/wp-json\/wp\/v2\/pages\/893443\/revisions\/908501"}],"up":[{"embeddable":true,"href":"https:\/\/www.marksandharrison.com\/es\/wp-json\/wp\/v2\/pages\/910423"}],"wp:featuredmedia":[{"embeddable":true,"href":"https:\/\/www.marksandharrison.com\/es\/wp-json\/wp\/v2\/media\/853240"}],"wp:attachment":[{"href":"https:\/\/www.marksandharrison.com\/es\/wp-json\/wp\/v2\/media?parent=893443"}],"curies":[{"name":"wp","href":"https:\/\/api.w.org\/{rel}","templated":true}]}}