{"id":847865,"date":"2014-09-17T23:36:23","date_gmt":"2014-09-17T23:36:23","guid":{"rendered":"https:\/\/www.marksandharrison.com\/?page_id=847865"},"modified":"2026-04-21T06:07:00","modified_gmt":"2026-04-21T06:07:00","slug":"sobre-marks-harrison","status":"publish","type":"page","link":"https:\/\/www.marksandharrison.com\/es\/sobre-marks-harrison\/","title":{"rendered":"Sobre Marks &#038; Harrison"},"content":{"rendered":"<p>Marks &amp; Harrison fue fundado en 1911 por David A. Harrison, Jr. y ha continuado su pr\u00e1ctica de manera ininterrumpida desde entonces. Durante m\u00e1s de tres generaciones, nuestros abogados han representado a familias en Virginia. Marks &amp; Harrison, uno de los bufetes de abogados de accidentes y lesiones m\u00e1s grandes del estado, cuenta con 31 abogados y m\u00e1s de 100 miembros de personal de apoyo, todos enfocados en representar a los residentes de Virginia que han sufrido accidentes, lesiones y otros asuntos legales. Entre el personal de apoyo se incluyen ex ajustadores de reclamos y diez investigadores, dos de ellos biling\u00fces, as\u00ed como varios ex agentes del orden p\u00fablico.<\/p>\n","protected":false},"excerpt":{"rendered":"<p>Marks &amp; Harrison fue fundado en 1911 por David A. Harrison, Jr. y ha continuado su pr\u00e1ctica de manera ininterrumpida desde entonces. Durante m\u00e1s de tres generaciones, nuestros abogados han representado a familias en Virginia. Marks &amp; Harrison, uno de los bufetes de abogados de accidentes y lesiones m\u00e1s grandes del estado, cuenta con 31 [&hellip;]<\/p>\n","protected":false},"author":1,"featured_media":0,"parent":0,"menu_order":406,"comment_status":"closed","ping_status":"open","template":"about-us.php","meta":{"_acf_changed":false,"footnotes":""},"class_list":["post-847865","page","type-page","status-publish","hentry"],"acf":[],"yoast_head":"<!-- This site is optimized with the Yoast SEO plugin v27.5 - https:\/\/yoast.com\/product\/yoast-seo-wordpress\/ -->\n<title>Sobre Marks &amp; Harrison - Marks &amp; Harrison<\/title>\n<meta name=\"description\" content=\"Discover Marks &amp; Harrison, a trusted law firm dedicated to protecting your rights and providing exceptional legal services, Learn about our experienced team &amp; commitment to client satisfaction.\" \/>\n<meta name=\"robots\" content=\"index, follow, max-snippet:-1, max-image-preview:large, max-video-preview:-1\" \/>\n<link rel=\"canonical\" href=\"https:\/\/www.marksandharrison.com\/es\/sobre-marks-harrison\/\" \/>\n<meta property=\"og:locale\" content=\"es_ES\" \/>\n<meta property=\"og:type\" content=\"article\" \/>\n<meta property=\"og:title\" content=\"Sobre Marks &amp; Harrison - Marks &amp; Harrison\" \/>\n<meta property=\"og:description\" content=\"Discover Marks &amp; Harrison, a trusted law firm dedicated to protecting your rights and providing exceptional legal services, Learn about our experienced team &amp; commitment to client satisfaction.\" \/>\n<meta property=\"og:url\" content=\"https:\/\/www.marksandharrison.com\/es\/sobre-marks-harrison\/\" \/>\n<meta property=\"og:site_name\" content=\"Marks &amp; Harrison\" \/>\n<meta property=\"article:publisher\" content=\"https:\/\/www.facebook.com\/pages\/Marks-Harrison\/422085911150797\" \/>\n<meta property=\"article:modified_time\" content=\"2026-04-21T06:07:00+00:00\" \/>\n<meta name=\"twitter:card\" content=\"summary_large_image\" \/>\n<meta name=\"twitter:site\" content=\"@MandHLaw\" \/>\n<meta name=\"twitter:label1\" content=\"Tiempo de lectura\" \/>\n\t<meta name=\"twitter:data1\" content=\"1 minuto\" \/>\n<!-- \/ Yoast SEO plugin. -->","yoast_head_json":{"title":"Sobre Marks & Harrison - Marks & Harrison","description":"Discover Marks & Harrison, a trusted law firm dedicated to protecting your rights and providing exceptional legal services, Learn about our experienced team & commitment to client satisfaction.","robots":{"index":"index","follow":"follow","max-snippet":"max-snippet:-1","max-image-preview":"max-image-preview:large","max-video-preview":"max-video-preview:-1"},"canonical":"https:\/\/www.marksandharrison.com\/es\/sobre-marks-harrison\/","og_locale":"es_ES","og_type":"article","og_title":"Sobre Marks & Harrison - Marks & Harrison","og_description":"Discover Marks & Harrison, a trusted law firm dedicated to protecting your rights and providing exceptional legal services, Learn about our experienced team & commitment to client satisfaction.","og_url":"https:\/\/www.marksandharrison.com\/es\/sobre-marks-harrison\/","og_site_name":"Marks &amp; Harrison","article_publisher":"https:\/\/www.facebook.com\/pages\/Marks-Harrison\/422085911150797","article_modified_time":"2026-04-21T06:07:00+00:00","twitter_card":"summary_large_image","twitter_site":"@MandHLaw","twitter_misc":{"Tiempo de lectura":"1 minuto"},"schema":{"@context":"https:\/\/schema.org","@graph":[{"@type":"WebPage","@id":"https:\/\/www.marksandharrison.com\/es\/sobre-marks-harrison\/","url":"https:\/\/www.marksandharrison.com\/es\/sobre-marks-harrison\/","name":"Sobre Marks & Harrison - Marks & Harrison","isPartOf":{"@id":"https:\/\/www.marksandharrison.com\/es\/#website"},"datePublished":"2014-09-17T23:36:23+00:00","dateModified":"2026-04-21T06:07:00+00:00","description":"Discover Marks & Harrison, a trusted law firm dedicated to protecting your rights and providing exceptional legal services, Learn about our experienced team & commitment to client satisfaction.","breadcrumb":{"@id":"https:\/\/www.marksandharrison.com\/es\/sobre-marks-harrison\/#breadcrumb"},"inLanguage":"es","potentialAction":[{"@type":"ReadAction","target":["https:\/\/www.marksandharrison.com\/es\/sobre-marks-harrison\/"]}]},{"@type":"BreadcrumbList","@id":"https:\/\/www.marksandharrison.com\/es\/sobre-marks-harrison\/#breadcrumb","itemListElement":[{"@type":"ListItem","position":1,"name":"Inicio","item":"https:\/\/www.marksandharrison.com\/es\/"},{"@type":"ListItem","position":2,"name":"Sobre Marks &#038; Harrison"}]},{"@type":"WebSite","@id":"https:\/\/www.marksandharrison.com\/es\/#website","url":"https:\/\/www.marksandharrison.com\/es\/","name":"Marks & Harrison","description":"","publisher":{"@id":"https:\/\/www.marksandharrison.com\/es\/#organization"},"potentialAction":[{"@type":"SearchAction","target":{"@type":"EntryPoint","urlTemplate":"https:\/\/www.marksandharrison.com\/es\/?s={search_term_string}"},"query-input":{"@type":"PropertyValueSpecification","valueRequired":true,"valueName":"search_term_string"}}],"inLanguage":"es"},{"@type":"Organization","@id":"https:\/\/www.marksandharrison.com\/es\/#organization","name":"Marks & Harrison","url":"https:\/\/www.marksandharrison.com\/es\/","logo":{"@type":"ImageObject","inLanguage":"es","@id":"https:\/\/www.marksandharrison.com\/es\/#\/schema\/logo\/image\/","url":"https:\/\/www.marksandharrison.com\/wp-content\/uploads\/2026\/01\/logo.png","contentUrl":"https:\/\/www.marksandharrison.com\/wp-content\/uploads\/2026\/01\/logo.png","width":235,"height":87,"caption":"Marks & Harrison"},"image":{"@id":"https:\/\/www.marksandharrison.com\/es\/#\/schema\/logo\/image\/"},"sameAs":["https:\/\/www.facebook.com\/pages\/Marks-Harrison\/422085911150797","https:\/\/x.com\/MandHLaw","https:\/\/www.linkedin.com\/company\/marks-&-harrison","https:\/\/www.youtube.com\/channel\/UCRi1kc4BH8gI0V9M56V6WJw","https:\/\/www.tiktok.com\/@marksandharrison"]}]}},"_links":{"self":[{"href":"https:\/\/www.marksandharrison.com\/es\/wp-json\/wp\/v2\/pages\/847865","targetHints":{"allow":["GET"]}}],"collection":[{"href":"https:\/\/www.marksandharrison.com\/es\/wp-json\/wp\/v2\/pages"}],"about":[{"href":"https:\/\/www.marksandharrison.com\/es\/wp-json\/wp\/v2\/types\/page"}],"author":[{"embeddable":true,"href":"https:\/\/www.marksandharrison.com\/es\/wp-json\/wp\/v2\/users\/1"}],"replies":[{"embeddable":true,"href":"https:\/\/www.marksandharrison.com\/es\/wp-json\/wp\/v2\/comments?post=847865"}],"version-history":[{"count":0,"href":"https:\/\/www.marksandharrison.com\/es\/wp-json\/wp\/v2\/pages\/847865\/revisions"}],"wp:attachment":[{"href":"https:\/\/www.marksandharrison.com\/es\/wp-json\/wp\/v2\/media?parent=847865"}],"curies":[{"name":"wp","href":"https:\/\/api.w.org\/{rel}","templated":true}]}}